{"id":4549,"date":"2024-07-03T15:27:39","date_gmt":"2024-07-03T13:27:39","guid":{"rendered":"https:\/\/www.franckdeville.fr\/?page_id=4549"},"modified":"2025-10-20T15:46:20","modified_gmt":"2025-10-20T13:46:20","slug":"macarons-enrobes-chocolat","status":"publish","type":"page","link":"https:\/\/www.franckdeville.fr\/fr\/macarons-enrobes-chocolat\/","title":{"rendered":"Macarons enrob\u00e9s chocolat"},"content":{"rendered":"<div class=\"mkdf-row-grid-section-wrapper mkdf-content-aligment-center\"  ><div class=\"mkdf-row-grid-section\"><div class=\"vc_row wpb_row vc_row-fluid vc_custom_1719909206711\" ><div class=\"wpb_column vc_column_container vc_col-sm-12\"><div class=\"vc_column-inner\"><div class=\"wpb_wrapper\">\n\t<div class=\"wpb_text_column wpb_content_element \" >\n\t\t<div class=\"wpb_wrapper\">\n\t\t\t<p><strong>Souvenez-vous de ces moments d&rsquo;enfance o\u00f9 les barres chocolat\u00e9es \u00e9taient les stars de nos go\u00fbters.<\/strong><br \/>\nNos macarons enrob\u00e9s de chocolat \u00e9voquent ces souvenirs doux et joyeux, en offrant une exp\u00e9rience gustative raffin\u00e9e qui rappelle les plaisirs simples de l&rsquo;enfance, r\u00e9confortant et familier.<br \/>\nNos macarons enrob\u00e9s de chocolat, c&rsquo;est :<br \/>\n&#8211; L&rsquo;union parfaite entre le croquant du chocolat et le moelleux du macaron<br \/>\n&#8211; Un mariage harmonieux entre le savoir-faire macaronier et l&rsquo;art chocolatier<\/p>\n<p><strong>Osez succomber \u00e0 la tentation !<\/strong><\/p>\n\n\t\t<\/div>\n\t<\/div>\n<div class=\"mkdf-portfolio-list-holder mkdf-grid-list mkdf-disable-bottom-space mkdf-pl-gallery mkdf-two-columns mkdf-normal-space mkdf-pl-standard-shader    mkdf-pl-pag-no-pagination mkdf-pl-has-filter     mkdf-hover-zoom-out\"  data-type=gallery data-number-of-columns=two data-space-between-items=normal data-number-of-items=-1 data-image-proportions=full data-enable-fixed-proportions=no data-enable-image-shadow=no data-category=macarons-enrobes-chocolat data-orderby=menu_order data-order=ASC data-item-style=standard-shader data-additional-hover=yes data-enable-title=yes data-title-tag=h5 data-enable-category=yes data-enable-count-images=yes data-enable-excerpt=no data-excerpt-length=20 data-pagination-type=no-pagination data-filter=yes data-filter-order-by=name data-enable-article-animation=no data-portfolio-slider-on=no data-enable-loop=yes data-enable-autoplay=yes data-slider-speed=5000 data-slider-speed-animation=600 data-enable-navigation=yes data-enable-pagination=yes data-max-num-pages=0 data-next-page=2>\n\t\t<div class=\"mkdf-pl-filter-holder\" >\n\t\t<div class=\"mkdf-plf-inner\">\n\t\t\t\t\t<\/div>\n\t<\/div>\n\t<div class=\"mkdf-pl-inner mkdf-outer-space  clearfix\">\n\t\t<article class=\"mkdf-pl-item mkdf-item-space  post-4541 portfolio-item type-portfolio-item status-publish has-post-thumbnail hentry portfolio-category-macarons-enrobes-chocolat\">\n\t<div class=\"mkdf-pl-item-inner\">\n\t\t<div class=\"mkdf-pli-image\">\n\t<img loading=\"lazy\" decoding=\"async\" width=\"1200\" height=\"1200\" src=\"https:\/\/www.franckdeville.fr\/wp-content\/uploads\/2024\/07\/Macaron-caramel-au-beurre-sale-enrobe-de-chocolat-lait.jpg\" class=\"attachment-full size-full wp-post-image\" alt=\"\" srcset=\"https:\/\/www.franckdeville.fr\/wp-content\/uploads\/2024\/07\/Macaron-caramel-au-beurre-sale-enrobe-de-chocolat-lait.jpg 1200w, https:\/\/www.franckdeville.fr\/wp-content\/uploads\/2024\/07\/Macaron-caramel-au-beurre-sale-enrobe-de-chocolat-lait-300x300.jpg 300w, https:\/\/www.franckdeville.fr\/wp-content\/uploads\/2024\/07\/Macaron-caramel-au-beurre-sale-enrobe-de-chocolat-lait-1024x1024.jpg 1024w, https:\/\/www.franckdeville.fr\/wp-content\/uploads\/2024\/07\/Macaron-caramel-au-beurre-sale-enrobe-de-chocolat-lait-150x150.jpg 150w, https:\/\/www.franckdeville.fr\/wp-content\/uploads\/2024\/07\/Macaron-caramel-au-beurre-sale-enrobe-de-chocolat-lait-768x768.jpg 768w, https:\/\/www.franckdeville.fr\/wp-content\/uploads\/2024\/07\/Macaron-caramel-au-beurre-sale-enrobe-de-chocolat-lait-650x650.jpg 650w\" sizes=\"auto, (max-width: 1200px) 100vw, 1200px\" \/><\/div>\n<div class=\"mkdf-pli-text-holder\" >\n\t<div class=\"mkdf-pli-text-wrapper\">\n\t\t<div class=\"mkdf-pli-text\">\n\t\t\t\t<h5 itemprop=\"name\" class=\"mkdf-pli-title entry-title\" >\n\t\tCaramel beurre sal\u00e9 enrob\u00e9 de chocolat au lait\t<\/h5>\n\n\t\t\t\t\t<div class=\"mkdf-pli-category-holder\">\n\t\t\t\t\t\t\t<a itemprop=\"url\" class=\"mkdf-pli-category\" href=\"https:\/\/www.franckdeville.fr\/fr\/portfolio-category\/macarons-enrobes-chocolat\/\">Macarons enrob\u00e9s chocolat<\/a>\n\t\t\t\t\t<\/div>\n\t\n\t\t\t\n\t\t\t\t\t<\/div>\n\t<\/div>\n<\/div>\n\t\t<a itemprop=\"url\" class=\"mkdf-pli-link mkdf-block-drag-link\" href=\"https:\/\/www.franckdeville.fr\/fr\/portfolio-item\/macaron-caramel-beurre-sale-enrobe-de-chocolat-au-lait\/\" target=\"_self\"><\/a>\n\t<\/div>\n<\/article><article class=\"mkdf-pl-item mkdf-item-space  post-4546 portfolio-item type-portfolio-item status-publish has-post-thumbnail hentry portfolio-category-macarons-enrobes-chocolat\">\n\t<div class=\"mkdf-pl-item-inner\">\n\t\t<div class=\"mkdf-pli-image\">\n\t<img loading=\"lazy\" decoding=\"async\" width=\"1200\" height=\"1200\" src=\"https:\/\/www.franckdeville.fr\/wp-content\/uploads\/2024\/07\/Macaron-chocolat-enrobe-de-chocolat-noir.jpg\" class=\"attachment-full size-full wp-post-image\" alt=\"Macaron chocolat enrob\u00e9 de chocolat noir\" srcset=\"https:\/\/www.franckdeville.fr\/wp-content\/uploads\/2024\/07\/Macaron-chocolat-enrobe-de-chocolat-noir.jpg 1200w, https:\/\/www.franckdeville.fr\/wp-content\/uploads\/2024\/07\/Macaron-chocolat-enrobe-de-chocolat-noir-300x300.jpg 300w, https:\/\/www.franckdeville.fr\/wp-content\/uploads\/2024\/07\/Macaron-chocolat-enrobe-de-chocolat-noir-1024x1024.jpg 1024w, https:\/\/www.franckdeville.fr\/wp-content\/uploads\/2024\/07\/Macaron-chocolat-enrobe-de-chocolat-noir-150x150.jpg 150w, https:\/\/www.franckdeville.fr\/wp-content\/uploads\/2024\/07\/Macaron-chocolat-enrobe-de-chocolat-noir-768x768.jpg 768w, https:\/\/www.franckdeville.fr\/wp-content\/uploads\/2024\/07\/Macaron-chocolat-enrobe-de-chocolat-noir-650x650.jpg 650w\" sizes=\"auto, (max-width: 1200px) 100vw, 1200px\" \/><\/div>\n<div class=\"mkdf-pli-text-holder\" >\n\t<div class=\"mkdf-pli-text-wrapper\">\n\t\t<div class=\"mkdf-pli-text\">\n\t\t\t\t<h5 itemprop=\"name\" class=\"mkdf-pli-title entry-title\" >\n\t\tChocolat enrob\u00e9 de chocolat noir\t<\/h5>\n\n\t\t\t\t\t<div class=\"mkdf-pli-category-holder\">\n\t\t\t\t\t\t\t<a itemprop=\"url\" class=\"mkdf-pli-category\" href=\"https:\/\/www.franckdeville.fr\/fr\/portfolio-category\/macarons-enrobes-chocolat\/\">Macarons enrob\u00e9s chocolat<\/a>\n\t\t\t\t\t<\/div>\n\t\n\t\t\t\n\t\t\t\t\t<\/div>\n\t<\/div>\n<\/div>\n\t\t<a itemprop=\"url\" class=\"mkdf-pli-link mkdf-block-drag-link\" href=\"https:\/\/www.franckdeville.fr\/fr\/portfolio-item\/macaron-chocolat-enrobe-de-chocolat-noir\/\" target=\"_self\"><\/a>\n\t<\/div>\n<\/article><article class=\"mkdf-pl-item mkdf-item-space  post-4547 portfolio-item type-portfolio-item status-publish has-post-thumbnail hentry portfolio-category-macarons-enrobes-chocolat\">\n\t<div class=\"mkdf-pl-item-inner\">\n\t\t<div class=\"mkdf-pli-image\">\n\t<img loading=\"lazy\" decoding=\"async\" width=\"1200\" height=\"1200\" src=\"https:\/\/www.franckdeville.fr\/wp-content\/uploads\/2024\/07\/Macaron-noix-de-coco-enrobe-chocolat-noir.jpg\" class=\"attachment-full size-full wp-post-image\" alt=\"\" srcset=\"https:\/\/www.franckdeville.fr\/wp-content\/uploads\/2024\/07\/Macaron-noix-de-coco-enrobe-chocolat-noir.jpg 1200w, https:\/\/www.franckdeville.fr\/wp-content\/uploads\/2024\/07\/Macaron-noix-de-coco-enrobe-chocolat-noir-300x300.jpg 300w, https:\/\/www.franckdeville.fr\/wp-content\/uploads\/2024\/07\/Macaron-noix-de-coco-enrobe-chocolat-noir-1024x1024.jpg 1024w, https:\/\/www.franckdeville.fr\/wp-content\/uploads\/2024\/07\/Macaron-noix-de-coco-enrobe-chocolat-noir-150x150.jpg 150w, https:\/\/www.franckdeville.fr\/wp-content\/uploads\/2024\/07\/Macaron-noix-de-coco-enrobe-chocolat-noir-768x768.jpg 768w, https:\/\/www.franckdeville.fr\/wp-content\/uploads\/2024\/07\/Macaron-noix-de-coco-enrobe-chocolat-noir-650x650.jpg 650w\" sizes=\"auto, (max-width: 1200px) 100vw, 1200px\" \/><\/div>\n<div class=\"mkdf-pli-text-holder\" >\n\t<div class=\"mkdf-pli-text-wrapper\">\n\t\t<div class=\"mkdf-pli-text\">\n\t\t\t\t<h5 itemprop=\"name\" class=\"mkdf-pli-title entry-title\" >\n\t\tNoix de coco enrob\u00e9 de chocolat noir\t<\/h5>\n\n\t\t\t\t\t<div class=\"mkdf-pli-category-holder\">\n\t\t\t\t\t\t\t<a itemprop=\"url\" class=\"mkdf-pli-category\" href=\"https:\/\/www.franckdeville.fr\/fr\/portfolio-category\/macarons-enrobes-chocolat\/\">Macarons enrob\u00e9s chocolat<\/a>\n\t\t\t\t\t<\/div>\n\t\n\t\t\t\n\t\t\t\t\t<\/div>\n\t<\/div>\n<\/div>\n\t\t<a itemprop=\"url\" class=\"mkdf-pli-link mkdf-block-drag-link\" href=\"https:\/\/www.franckdeville.fr\/fr\/portfolio-item\/macaron-noix-de-coco-enrobe-de-chocolat-noir\/\" target=\"_self\"><\/a>\n\t<\/div>\n<\/article><article class=\"mkdf-pl-item mkdf-item-space  post-4548 portfolio-item type-portfolio-item status-publish has-post-thumbnail hentry portfolio-category-macarons-enrobes-chocolat\">\n\t<div class=\"mkdf-pl-item-inner\">\n\t\t<div class=\"mkdf-pli-image\">\n\t<img loading=\"lazy\" decoding=\"async\" width=\"2560\" height=\"2560\" src=\"https:\/\/www.franckdeville.fr\/wp-content\/uploads\/2024\/07\/Macaron-vanille-enrobe-de-chocolat-blanc-scaled.jpg\" class=\"attachment-full size-full wp-post-image\" alt=\"Macaron vanille enrob\u00e9 de chocolat blanc\" srcset=\"https:\/\/www.franckdeville.fr\/wp-content\/uploads\/2024\/07\/Macaron-vanille-enrobe-de-chocolat-blanc-scaled.jpg 2560w, https:\/\/www.franckdeville.fr\/wp-content\/uploads\/2024\/07\/Macaron-vanille-enrobe-de-chocolat-blanc-300x300.jpg 300w, https:\/\/www.franckdeville.fr\/wp-content\/uploads\/2024\/07\/Macaron-vanille-enrobe-de-chocolat-blanc-1024x1024.jpg 1024w, https:\/\/www.franckdeville.fr\/wp-content\/uploads\/2024\/07\/Macaron-vanille-enrobe-de-chocolat-blanc-150x150.jpg 150w, https:\/\/www.franckdeville.fr\/wp-content\/uploads\/2024\/07\/Macaron-vanille-enrobe-de-chocolat-blanc-768x768.jpg 768w, https:\/\/www.franckdeville.fr\/wp-content\/uploads\/2024\/07\/Macaron-vanille-enrobe-de-chocolat-blanc-1536x1536.jpg 1536w, https:\/\/www.franckdeville.fr\/wp-content\/uploads\/2024\/07\/Macaron-vanille-enrobe-de-chocolat-blanc-650x650.jpg 650w, https:\/\/www.franckdeville.fr\/wp-content\/uploads\/2024\/07\/Macaron-vanille-enrobe-de-chocolat-blanc-1300x1300.jpg 1300w\" sizes=\"auto, (max-width: 2560px) 100vw, 2560px\" \/><\/div>\n<div class=\"mkdf-pli-text-holder\" >\n\t<div class=\"mkdf-pli-text-wrapper\">\n\t\t<div class=\"mkdf-pli-text\">\n\t\t\t\t<h5 itemprop=\"name\" class=\"mkdf-pli-title entry-title\" >\n\t\tVanille enrob\u00e9 de chocolat blanc\t<\/h5>\n\n\t\t\t\t\t<div class=\"mkdf-pli-category-holder\">\n\t\t\t\t\t\t\t<a itemprop=\"url\" class=\"mkdf-pli-category\" href=\"https:\/\/www.franckdeville.fr\/fr\/portfolio-category\/macarons-enrobes-chocolat\/\">Macarons enrob\u00e9s chocolat<\/a>\n\t\t\t\t\t<\/div>\n\t\n\t\t\t\n\t\t\t\t\t<\/div>\n\t<\/div>\n<\/div>\n\t\t<a itemprop=\"url\" class=\"mkdf-pli-link mkdf-block-drag-link\" href=\"https:\/\/www.franckdeville.fr\/fr\/portfolio-item\/macaron-vanille-enrobe-de-chocolat-blanc\/\" target=\"_self\"><\/a>\n\t<\/div>\n<\/article>\t<\/div>\n\t\n\t<\/div><\/div><\/div><\/div><\/div><\/div><\/div>\n","protected":false},"excerpt":{"rendered":"Appr\u00e9ciez la douceur du macaron vanille enrob\u00e9e de chocolat blanc, une douceur onctueuse et raffin\u00e9e. &nbsp; Allerg\u00e8nes : Fruit \u00e0 coque (amande), oeuf, lait, soja Peut contenir des traces d\u2019autres fruits \u00e0 coques (pistache, noisette et noix)","protected":false},"author":1,"featured_media":0,"parent":0,"menu_order":0,"comment_status":"closed","ping_status":"closed","template":"full-width.php","meta":{"footnotes":""},"class_list":["post-4549","page","type-page","status-publish","hentry"],"yoast_head":"<!-- This site is optimized with the Yoast SEO plugin v27.4 - https:\/\/yoast.com\/product\/yoast-seo-wordpress\/ -->\n<title>Macarons enrob\u00e9s chocolat \u2013 Franck Deville<\/title>\n<meta name=\"description\" content=\"Craquez pour les macarons enrob\u00e9s de chocolat Franck Deville, alliance parfaite entre la douceur du macaron et l\u2019intensit\u00e9 du chocolat. Des cr\u00e9ations gourmandes et \u00e9l\u00e9gantes, r\u00e9alis\u00e9es avec un savoir-faire artisanal fran\u00e7ais d\u2019exception.\" \/>\n<meta name=\"robots\" content=\"index, follow, max-snippet:-1, max-image-preview:large, max-video-preview:-1\" \/>\n<link rel=\"canonical\" href=\"http:\/\/www.franckdeville.fr\/fr\/macarons-enrobes-chocolat\/\" \/>\n<meta property=\"og:locale\" content=\"fr_FR\" \/>\n<meta property=\"og:type\" content=\"article\" \/>\n<meta property=\"og:title\" content=\"Macarons enrob\u00e9s chocolat \u2013 Franck Deville\" \/>\n<meta property=\"og:description\" content=\"Craquez pour les macarons enrob\u00e9s de chocolat Franck Deville, alliance parfaite entre la douceur du macaron et l\u2019intensit\u00e9 du chocolat. Des cr\u00e9ations gourmandes et \u00e9l\u00e9gantes, r\u00e9alis\u00e9es avec un savoir-faire artisanal fran\u00e7ais d\u2019exception.\" \/>\n<meta property=\"og:url\" content=\"http:\/\/www.franckdeville.fr\/fr\/macarons-enrobes-chocolat\/\" \/>\n<meta property=\"og:site_name\" content=\"Franck Deville - Macarons fran\u00e7ais d&#039;excellence\" \/>\n<meta property=\"article:publisher\" content=\"https:\/\/www.facebook.com\/FranckDevillemacarons\" \/>\n<meta property=\"article:modified_time\" content=\"2025-10-20T13:46:20+00:00\" \/>\n<meta name=\"twitter:card\" content=\"summary_large_image\" \/>\n<meta name=\"twitter:label1\" content=\"Dur\u00e9e de lecture estim\u00e9e\" \/>\n\t<meta name=\"twitter:data1\" content=\"1 minute\" \/>\n<script type=\"application\/ld+json\" class=\"yoast-schema-graph\">{\"@context\":\"https:\\\/\\\/schema.org\",\"@graph\":[{\"@type\":\"WebPage\",\"@id\":\"http:\\\/\\\/www.franckdeville.fr\\\/fr\\\/macarons-enrobes-chocolat\\\/\",\"url\":\"http:\\\/\\\/www.franckdeville.fr\\\/fr\\\/macarons-enrobes-chocolat\\\/\",\"name\":\"Macarons enrob\u00e9s chocolat \u2013 Franck Deville\",\"isPartOf\":{\"@id\":\"https:\\\/\\\/www.franckdeville.fr\\\/fr\\\/#website\"},\"datePublished\":\"2024-07-03T13:27:39+00:00\",\"dateModified\":\"2025-10-20T13:46:20+00:00\",\"description\":\"Craquez pour les macarons enrob\u00e9s de chocolat Franck Deville, alliance parfaite entre la douceur du macaron et l\u2019intensit\u00e9 du chocolat. Des cr\u00e9ations gourmandes et \u00e9l\u00e9gantes, r\u00e9alis\u00e9es avec un savoir-faire artisanal fran\u00e7ais d\u2019exception.\",\"breadcrumb\":{\"@id\":\"http:\\\/\\\/www.franckdeville.fr\\\/fr\\\/macarons-enrobes-chocolat\\\/#breadcrumb\"},\"inLanguage\":\"fr-FR\",\"potentialAction\":[{\"@type\":\"ReadAction\",\"target\":[\"http:\\\/\\\/www.franckdeville.fr\\\/fr\\\/macarons-enrobes-chocolat\\\/\"]}]},{\"@type\":\"BreadcrumbList\",\"@id\":\"http:\\\/\\\/www.franckdeville.fr\\\/fr\\\/macarons-enrobes-chocolat\\\/#breadcrumb\",\"itemListElement\":[{\"@type\":\"ListItem\",\"position\":1,\"name\":\"Accueil\",\"item\":\"http:\\\/\\\/www.franckdeville.fr\\\/fr\\\/\"},{\"@type\":\"ListItem\",\"position\":2,\"name\":\"Macarons enrob\u00e9s chocolat\"}]},{\"@type\":\"WebSite\",\"@id\":\"https:\\\/\\\/www.franckdeville.fr\\\/fr\\\/#website\",\"url\":\"https:\\\/\\\/www.franckdeville.fr\\\/fr\\\/\",\"name\":\"Franck Deville\",\"description\":\"L&#039;Artisan Macaronier des Chefs\",\"publisher\":{\"@id\":\"https:\\\/\\\/www.franckdeville.fr\\\/fr\\\/#organization\"},\"potentialAction\":[{\"@type\":\"SearchAction\",\"target\":{\"@type\":\"EntryPoint\",\"urlTemplate\":\"https:\\\/\\\/www.franckdeville.fr\\\/fr\\\/?s={search_term_string}\"},\"query-input\":{\"@type\":\"PropertyValueSpecification\",\"valueRequired\":true,\"valueName\":\"search_term_string\"}}],\"inLanguage\":\"fr-FR\"},{\"@type\":\"Organization\",\"@id\":\"https:\\\/\\\/www.franckdeville.fr\\\/fr\\\/#organization\",\"name\":\"Franck Deville\",\"url\":\"https:\\\/\\\/www.franckdeville.fr\\\/fr\\\/\",\"logo\":{\"@type\":\"ImageObject\",\"inLanguage\":\"fr-FR\",\"@id\":\"https:\\\/\\\/www.franckdeville.fr\\\/fr\\\/#\\\/schema\\\/logo\\\/image\\\/\",\"url\":\"https:\\\/\\\/www.franckdeville.fr\\\/wp-content\\\/uploads\\\/2024\\\/09\\\/logo_franckdeville_small2.png\",\"contentUrl\":\"https:\\\/\\\/www.franckdeville.fr\\\/wp-content\\\/uploads\\\/2024\\\/09\\\/logo_franckdeville_small2.png\",\"width\":600,\"height\":193,\"caption\":\"Franck Deville\"},\"image\":{\"@id\":\"https:\\\/\\\/www.franckdeville.fr\\\/fr\\\/#\\\/schema\\\/logo\\\/image\\\/\"},\"sameAs\":[\"https:\\\/\\\/www.facebook.com\\\/FranckDevillemacarons\"]}]}<\/script>\n<!-- \/ Yoast SEO plugin. -->","yoast_head_json":{"title":"Macarons enrob\u00e9s chocolat \u2013 Franck Deville","description":"Craquez pour les macarons enrob\u00e9s de chocolat Franck Deville, alliance parfaite entre la douceur du macaron et l\u2019intensit\u00e9 du chocolat. Des cr\u00e9ations gourmandes et \u00e9l\u00e9gantes, r\u00e9alis\u00e9es avec un savoir-faire artisanal fran\u00e7ais d\u2019exception.","robots":{"index":"index","follow":"follow","max-snippet":"max-snippet:-1","max-image-preview":"max-image-preview:large","max-video-preview":"max-video-preview:-1"},"canonical":"http:\/\/www.franckdeville.fr\/fr\/macarons-enrobes-chocolat\/","og_locale":"fr_FR","og_type":"article","og_title":"Macarons enrob\u00e9s chocolat \u2013 Franck Deville","og_description":"Craquez pour les macarons enrob\u00e9s de chocolat Franck Deville, alliance parfaite entre la douceur du macaron et l\u2019intensit\u00e9 du chocolat. Des cr\u00e9ations gourmandes et \u00e9l\u00e9gantes, r\u00e9alis\u00e9es avec un savoir-faire artisanal fran\u00e7ais d\u2019exception.","og_url":"http:\/\/www.franckdeville.fr\/fr\/macarons-enrobes-chocolat\/","og_site_name":"Franck Deville - Macarons fran\u00e7ais d&#039;excellence","article_publisher":"https:\/\/www.facebook.com\/FranckDevillemacarons","article_modified_time":"2025-10-20T13:46:20+00:00","twitter_card":"summary_large_image","twitter_misc":{"Dur\u00e9e de lecture estim\u00e9e":"1 minute"},"schema":{"@context":"https:\/\/schema.org","@graph":[{"@type":"WebPage","@id":"http:\/\/www.franckdeville.fr\/fr\/macarons-enrobes-chocolat\/","url":"http:\/\/www.franckdeville.fr\/fr\/macarons-enrobes-chocolat\/","name":"Macarons enrob\u00e9s chocolat \u2013 Franck Deville","isPartOf":{"@id":"https:\/\/www.franckdeville.fr\/fr\/#website"},"datePublished":"2024-07-03T13:27:39+00:00","dateModified":"2025-10-20T13:46:20+00:00","description":"Craquez pour les macarons enrob\u00e9s de chocolat Franck Deville, alliance parfaite entre la douceur du macaron et l\u2019intensit\u00e9 du chocolat. Des cr\u00e9ations gourmandes et \u00e9l\u00e9gantes, r\u00e9alis\u00e9es avec un savoir-faire artisanal fran\u00e7ais d\u2019exception.","breadcrumb":{"@id":"http:\/\/www.franckdeville.fr\/fr\/macarons-enrobes-chocolat\/#breadcrumb"},"inLanguage":"fr-FR","potentialAction":[{"@type":"ReadAction","target":["http:\/\/www.franckdeville.fr\/fr\/macarons-enrobes-chocolat\/"]}]},{"@type":"BreadcrumbList","@id":"http:\/\/www.franckdeville.fr\/fr\/macarons-enrobes-chocolat\/#breadcrumb","itemListElement":[{"@type":"ListItem","position":1,"name":"Accueil","item":"http:\/\/www.franckdeville.fr\/fr\/"},{"@type":"ListItem","position":2,"name":"Macarons enrob\u00e9s chocolat"}]},{"@type":"WebSite","@id":"https:\/\/www.franckdeville.fr\/fr\/#website","url":"https:\/\/www.franckdeville.fr\/fr\/","name":"Franck Deville","description":"L&#039;Artisan Macaronier des Chefs","publisher":{"@id":"https:\/\/www.franckdeville.fr\/fr\/#organization"},"potentialAction":[{"@type":"SearchAction","target":{"@type":"EntryPoint","urlTemplate":"https:\/\/www.franckdeville.fr\/fr\/?s={search_term_string}"},"query-input":{"@type":"PropertyValueSpecification","valueRequired":true,"valueName":"search_term_string"}}],"inLanguage":"fr-FR"},{"@type":"Organization","@id":"https:\/\/www.franckdeville.fr\/fr\/#organization","name":"Franck Deville","url":"https:\/\/www.franckdeville.fr\/fr\/","logo":{"@type":"ImageObject","inLanguage":"fr-FR","@id":"https:\/\/www.franckdeville.fr\/fr\/#\/schema\/logo\/image\/","url":"https:\/\/www.franckdeville.fr\/wp-content\/uploads\/2024\/09\/logo_franckdeville_small2.png","contentUrl":"https:\/\/www.franckdeville.fr\/wp-content\/uploads\/2024\/09\/logo_franckdeville_small2.png","width":600,"height":193,"caption":"Franck Deville"},"image":{"@id":"https:\/\/www.franckdeville.fr\/fr\/#\/schema\/logo\/image\/"},"sameAs":["https:\/\/www.facebook.com\/FranckDevillemacarons"]}]}},"_links":{"self":[{"href":"https:\/\/www.franckdeville.fr\/fr\/wp-json\/wp\/v2\/pages\/4549","targetHints":{"allow":["GET"]}}],"collection":[{"href":"https:\/\/www.franckdeville.fr\/fr\/wp-json\/wp\/v2\/pages"}],"about":[{"href":"https:\/\/www.franckdeville.fr\/fr\/wp-json\/wp\/v2\/types\/page"}],"author":[{"embeddable":true,"href":"https:\/\/www.franckdeville.fr\/fr\/wp-json\/wp\/v2\/users\/1"}],"replies":[{"embeddable":true,"href":"https:\/\/www.franckdeville.fr\/fr\/wp-json\/wp\/v2\/comments?post=4549"}],"version-history":[{"count":3,"href":"https:\/\/www.franckdeville.fr\/fr\/wp-json\/wp\/v2\/pages\/4549\/revisions"}],"predecessor-version":[{"id":4734,"href":"https:\/\/www.franckdeville.fr\/fr\/wp-json\/wp\/v2\/pages\/4549\/revisions\/4734"}],"wp:attachment":[{"href":"https:\/\/www.franckdeville.fr\/fr\/wp-json\/wp\/v2\/media?parent=4549"}],"curies":[{"name":"wp","href":"https:\/\/api.w.org\/{rel}","templated":true}]}}