{"id":4280,"date":"2024-06-05T12:16:34","date_gmt":"2024-06-05T10:16:34","guid":{"rendered":"https:\/\/v2.franckdeville.fr\/?page_id=4280"},"modified":"2024-09-18T19:58:19","modified_gmt":"2024-09-18T17:58:19","slug":"nos-engagements","status":"publish","type":"page","link":"https:\/\/www.franckdeville.fr\/fr\/notre-maison\/nos-engagements\/","title":{"rendered":"Nos engagements"},"content":{"rendered":"<div class=\"mkdf-row-grid-section-wrapper \"  ><div class=\"mkdf-row-grid-section\"><div class=\"vc_row wpb_row vc_row-fluid vc_custom_1718372646090\" ><div class=\"wpb_column vc_column_container vc_col-sm-12\"><div class=\"vc_column-inner\"><div class=\"wpb_wrapper\"><div class=\"mkdf-section-title-holder  mkdf-st-standard mkdf-st-title-left mkdf-st-normal-space \" style=\"text-align: center\">\n\t<div class=\"mkdf-st-inner\">\n        \t\t\t\t\t<h4 class=\"mkdf-st-title\" >\n\t\t\t\tPour l\u2019amour du macaron, pour le respect de la plan\u00e8te\t\t\t<\/h4>\n\t\t                    <div class=\"mkdf-separator-holder clearfix  mkdf-separator-center mkdf-separator-advanced-center mkdf-separator-advanced\">\n\t<div class=\"mkdf-separator\" >\n                    <div class=\"mkdf-adv-sep-inner\">\n                <div class=\"mkdf-adv-sep-line\"  ><\/div>\n                <div class=\"mkdf-adv-sep-dot\"  ><\/div>\n            <\/div>\n            <\/div>\n<\/div>\n        \t\t\t<\/div>\n<\/div><\/div><\/div><\/div><\/div><\/div><\/div><div class=\"mkdf-row-grid-section-wrapper \"  ><div class=\"mkdf-row-grid-section\"><div class=\"vc_row wpb_row vc_row-fluid vc_custom_1718372575348\" ><div class=\"wpb_column vc_column_container vc_col-sm-12 vc_col-lg-12 vc_col-md-12\"><div class=\"vc_column-inner\"><div class=\"wpb_wrapper\">\n\t<div class=\"wpb_text_column wpb_content_element \" >\n\t\t<div class=\"wpb_wrapper\">\n\t\t\t<p>\n<span class=\"mkdf-dropcaps mkdf-normal\" style=\"color: #c19d56\">\n\tC<\/span>hez Franck Deville, chaque macaron que nous cr\u00e9ons est un reflet de notre engagement envers l&rsquo;excellence, la durabilit\u00e9 et la responsabilit\u00e9 sociale. Ces principes ne sont pas seulement au c\u0153ur de notre processus de production, mais ils illustrent \u00e9galement les valeurs fondamentales de notre marque <\/p>\n\n\t\t<\/div>\n\t<\/div>\n<\/div><\/div><\/div><\/div><\/div><\/div><div class=\"mkdf-row-grid-section-wrapper \"  style=\"background-color:#fbf6f3\"><div class=\"mkdf-row-grid-section\"><div class=\"vc_row wpb_row vc_row-fluid\" ><div class=\"wpb_column vc_column_container vc_col-sm-12 vc_col-lg-5\"><div class=\"vc_column-inner\"><div class=\"wpb_wrapper\"><div class=\"mkdf-elements-holder   mkdf-one-column  mkdf-responsive-mode-768 \" ><div class=\"mkdf-eh-item    \"  data-item-class=\"mkdf-eh-custom-7634\" data-1025-1366=\"78px 0 39px\">\n\t<div class=\"mkdf-eh-item-inner\">\n\t\t<div class=\"mkdf-eh-item-content mkdf-eh-custom-7634\" style=\"padding: 98px 0 59px\">\n\t\t\t\n\t<div class=\"wpb_text_column wpb_content_element \" >\n\t\t<div class=\"wpb_wrapper\">\n\t\t\t<h4>Engagement Qualitatif et Naturalit\u00e9<\/h4>\n\n\t\t<\/div>\n\t<\/div>\n<div class=\"vc_empty_space\"   style=\"height: 22px\"><span class=\"vc_empty_space_inner\"><\/span><\/div><div class=\"mkdf-separator-holder clearfix  mkdf-separator-left mkdf-separator-advanced-left mkdf-separator-advanced\">\n\t<div class=\"mkdf-separator\" >\n                    <div class=\"mkdf-adv-sep-inner\">\n                <div class=\"mkdf-adv-sep-line\"  ><\/div>\n                <div class=\"mkdf-adv-sep-dot\"  ><\/div>\n            <\/div>\n            <\/div>\n<\/div>\n\n\t<div class=\"wpb_text_column wpb_content_element  vc_custom_1726682292040\" >\n\t\t<div class=\"wpb_wrapper\">\n\t\t\t<p>A une \u00e9poque o\u00f9 le \u00ab\u00a0bien manger\u00a0\u00bb est tr\u00e8s li\u00e9 au \u00ab\u00a0manger bien\u00a0\u00bb, la recherche d\u2019ingr\u00e9dients naturels et go\u00fbteux sont notre priorit\u00e9.<\/p>\n<p>Nous s\u00e9lectionnons minutieusement nos ingr\u00e9dients, privil\u00e9giant toujours la plus haute qualit\u00e9. Nos sucres, exclusivement issus de producteurs fran\u00e7ais, et les blancs d&rsquo;\u0153ufs provenant d&rsquo;\u00e9levages responsables fran\u00e7ais, forment la base de nos recettes authentiques. Dans notre qu\u00eate de naturalit\u00e9, nous avons remplac\u00e9 les colorants artificiels par des alternatives naturelles telles que la poudre de cacao, la spiruline, le curcumin et des extraits de fruits rouges. Notre initiative de r\u00e9duction des allerg\u00e8nes et notre politique sans exhausteurs de go\u00fbt garantissent des produits purs et sains.<\/p>\n<p>Les macarons aux fruits, dont la garniture est constitu\u00e9e \u00e0 plus de 50% de fruits, a donc un taux de sucre r\u00e9duit. Ils sont sans g\u00e9latine ni pectine et incarnent notre engagement vers le clean label avec une liste r\u00e9duite d\u2019ingr\u00e9dients. Ils sont aussi sans lactose.<\/p>\n<p>La majorit\u00e9 de nos produits sont sans gluten, \u00e0 l&rsquo;exception du pain d\u2019\u00e9pices, du sp\u00e9culoos et du pralin\u00e9.<\/p>\n\n\t\t<\/div>\n\t<\/div>\n<div class=\"vc_empty_space\"   style=\"height: 20px\"><span class=\"vc_empty_space_inner\"><\/span><\/div>\t\t<\/div>\n\t<\/div>\n<\/div><\/div><\/div><\/div><\/div><\/div><\/div><\/div><div class=\"mkdf-row-grid-section-wrapper \"  ><div class=\"mkdf-row-grid-section\"><div class=\"vc_row wpb_row vc_row-fluid\" ><div class=\"wpb_column vc_column_container vc_col-sm-12 vc_col-lg-offset-6 vc_col-lg-6\"><div class=\"vc_column-inner vc_custom_1540546202158\"><div class=\"wpb_wrapper\"><div class=\"mkdf-elements-holder   mkdf-one-column  mkdf-responsive-mode-768 \" ><div class=\"mkdf-eh-item    \"  data-item-class=\"mkdf-eh-custom-4861\" data-1025-1366=\"56px 0 0 0\" data-769-1024=\"65% 11% 0\" data-681-768=\"85% 0 0\" data-680=\"170% 0 0\">\n\t<div class=\"mkdf-eh-item-inner\">\n\t\t<div class=\"mkdf-eh-item-content mkdf-eh-custom-4861\" style=\"padding: 0 0 0 25px\">\n\t\t\t\n\t<div  class=\"wpb_single_image wpb_content_element vc_align_left\">\n\t\t\n\t\t<figure class=\"wpb_wrapper vc_figure\">\n\t\t\t<div class=\"vc_single_image-wrapper   vc_box_border_grey\"><img loading=\"lazy\" decoding=\"async\" width=\"2560\" height=\"2556\" src=\"https:\/\/www.franckdeville.fr\/wp-content\/uploads\/2024\/06\/illustration-nos-engagements.jpg\" class=\"vc_single_image-img attachment-full\" alt=\"\" title=\"illustration nos engagements\" srcset=\"https:\/\/www.franckdeville.fr\/wp-content\/uploads\/2024\/06\/illustration-nos-engagements.jpg 2560w, https:\/\/www.franckdeville.fr\/wp-content\/uploads\/2024\/06\/illustration-nos-engagements-300x300.jpg 300w, https:\/\/www.franckdeville.fr\/wp-content\/uploads\/2024\/06\/illustration-nos-engagements-1024x1022.jpg 1024w, https:\/\/www.franckdeville.fr\/wp-content\/uploads\/2024\/06\/illustration-nos-engagements-150x150.jpg 150w, https:\/\/www.franckdeville.fr\/wp-content\/uploads\/2024\/06\/illustration-nos-engagements-768x767.jpg 768w, https:\/\/www.franckdeville.fr\/wp-content\/uploads\/2024\/06\/illustration-nos-engagements-1536x1534.jpg 1536w, https:\/\/www.franckdeville.fr\/wp-content\/uploads\/2024\/06\/illustration-nos-engagements-650x650.jpg 650w\" sizes=\"auto, (max-width: 2560px) 100vw, 2560px\" \/><\/div>\n\t\t<\/figure>\n\t<\/div>\n\t\t<\/div>\n\t<\/div>\n<\/div><\/div><\/div><\/div><\/div><\/div><\/div><\/div><div class=\"mkdf-row-grid-section-wrapper \"  ><div class=\"mkdf-row-grid-section\"><div class=\"vc_row wpb_row vc_row-fluid vc_custom_1718373737878\" ><div class=\"wpb_column vc_column_container vc_col-sm-12\"><div class=\"vc_column-inner\"><div class=\"wpb_wrapper\"><div class=\"mkdf-section-title-holder  mkdf-st-standard mkdf-st-title-left mkdf-st-normal-space \" style=\"text-align: center\">\n\t<div class=\"mkdf-st-inner\">\n        \t\t\t\t\t<h4 class=\"mkdf-st-title\" >\n\t\t\t\tDurabilit\u00e9 et Responsabilit\u00e9 Sociale\t\t\t<\/h4>\n\t\t                    <div class=\"mkdf-separator-holder clearfix  mkdf-separator-center mkdf-separator-advanced-center mkdf-separator-advanced\">\n\t<div class=\"mkdf-separator\" >\n                    <div class=\"mkdf-adv-sep-inner\">\n                <div class=\"mkdf-adv-sep-line\"  ><\/div>\n                <div class=\"mkdf-adv-sep-dot\"  ><\/div>\n            <\/div>\n            <\/div>\n<\/div>\n        \t\t\t<\/div>\n<\/div><\/div><\/div><\/div><\/div><\/div><\/div><div class=\"mkdf-row-grid-section-wrapper \"  ><div class=\"mkdf-row-grid-section\"><div class=\"vc_row wpb_row vc_row-fluid vc_custom_1718373855075\" ><div class=\"wpb_column vc_column_container vc_col-sm-12 vc_col-lg-12 vc_col-md-12\"><div class=\"vc_column-inner\"><div class=\"wpb_wrapper\">\n\t<div class=\"wpb_text_column wpb_content_element \" >\n\t\t<div class=\"wpb_wrapper\">\n\t\t\t<p>Notre Responsabilit\u00e9 Soci\u00e9tale des Entreprises (RSE) se manifeste par des initiatives concr\u00e8tes pour une production durable et socialement responsable.<\/p>\n<p>En instaurant la semaine de travail de quatre jours pour nos \u00e9quipes de production depuis 2021, nous avons significativement am\u00e9lior\u00e9 le bien-\u00eatre de nos employ\u00e9s. La modification de notre ligne de production en juin 2023 a aussi permis d\u2019\u00e9liminer les t\u00e2ches physiques, les op\u00e9rateurs de ligne b\u00e9n\u00e9ficiant de si\u00e8ges, ils peuvent ainsi travailler assis ou debout. Cette modification a aussi permis d\u2019\u00e9liminer 55% des risques li\u00e9s aux \u00e9quipements de travail. Nous avons \u00e9galement r\u00e9duit le bruit dans nos installations avec la diminution du niveau sonore en dessous de 80db dans les zones les plus sensibles.<\/p>\n<p>Nous favorisons l&#8217;emploi durable en proposant des contrats \u00e0 dur\u00e9e ind\u00e9termin\u00e9e \u00e0 nos travailleurs temporaires et nous sommes proches de la parit\u00e9 dans notre entreprise\u00a0: 47% de femmes \u2013 53% d\u2019hommes.<\/p>\n<p>Engag\u00e9s en faveur de notre tissu local, nous soutenons diverses associations par des dons \u00e0 des associations, et participons activement \u00e0 des \u00e9v\u00e9nements qui valorisent notre r\u00e9gion.<\/p>\n<p>Notre engagement au quotidien renforce notre identit\u00e9 d&rsquo;entreprise familiale et humaine.<\/p>\n\n\t\t<\/div>\n\t<\/div>\n<\/div><\/div><\/div><\/div><\/div><\/div><div class=\"mkdf-row-grid-section-wrapper \"  style=\"background-color:#fbf6f3\"><div class=\"mkdf-row-grid-section\"><div class=\"vc_row wpb_row vc_row-fluid\" ><div class=\"wpb_column vc_column_container vc_col-sm-12 vc_col-lg-offset-6 vc_col-lg-6\"><div class=\"vc_column-inner\"><div class=\"wpb_wrapper\"><div class=\"mkdf-elements-holder   mkdf-one-column  mkdf-responsive-mode-768 \" ><div class=\"mkdf-eh-item    \"  data-item-class=\"mkdf-eh-custom-6753\" data-1025-1366=\"78px 0 39px\">\n\t<div class=\"mkdf-eh-item-inner\">\n\t\t<div class=\"mkdf-eh-item-content mkdf-eh-custom-6753\" style=\"padding: 98px 0 59px\">\n\t\t\t\n\t<div class=\"wpb_text_column wpb_content_element \" >\n\t\t<div class=\"wpb_wrapper\">\n\t\t\t<h4>Engagements Environnementaux<\/h4>\n\n\t\t<\/div>\n\t<\/div>\n<div class=\"vc_empty_space\"   style=\"height: 22px\"><span class=\"vc_empty_space_inner\"><\/span><\/div><div class=\"mkdf-separator-holder clearfix  mkdf-separator-left mkdf-separator-advanced-left mkdf-separator-advanced\">\n\t<div class=\"mkdf-separator\" >\n                    <div class=\"mkdf-adv-sep-inner\">\n                <div class=\"mkdf-adv-sep-line\"  ><\/div>\n                <div class=\"mkdf-adv-sep-dot\"  ><\/div>\n            <\/div>\n            <\/div>\n<\/div>\n\n\t<div class=\"wpb_text_column wpb_content_element  vc_custom_1718374651796\" >\n\t\t<div class=\"wpb_wrapper\">\n\t\t\t<p>Notre engagement environnemental se traduit par des actions fortes comme le recyclage de 100% de nos biod\u00e9chets via la m\u00e9thanisation, transformant les d\u00e9chets en \u00e9nergie renouvelable. Nous r\u00e9duisons notre impact \u00e9cologique par l&rsquo;utilisation d&#8217;emballages enti\u00e8rement recyclables et avons \u00e9limin\u00e9 le PET noir au profit du PET cristal pour supprimer le noir de carbone de nos emballages. Notre gamme de macarons \u00e0 longue conservation illustre notre lutte contre le gaspillage alimentaire, soulignant notre engagement pour la protection de l&rsquo;environnement.<\/p>\n<p><strong>Chez Franck Deville, nous prenons chaque engagement s\u00e9rieusement, car chaque pas que nous faisons est une avanc\u00e9e vers un avenir plus responsable. Nous nous engageons \u00e0 maintenir des standards \u00e9lev\u00e9s pour continuer \u00e0 m\u00e9riter la confiance de nos clients, tout en am\u00e9liorant constamment nos pratiques.<\/strong><\/p>\n<p><strong>Rejoignez Franck Deville dans sa mission pour un monde meilleur, un macaron \u00e0 la fois.<\/strong><\/p>\n\n\t\t<\/div>\n\t<\/div>\n<div class=\"vc_empty_space\"   style=\"height: 20px\"><span class=\"vc_empty_space_inner\"><\/span><\/div>\t\t<\/div>\n\t<\/div>\n<\/div><\/div><\/div><\/div><\/div><\/div><\/div><\/div><div class=\"mkdf-row-grid-section-wrapper \"  ><div class=\"mkdf-row-grid-section\"><div class=\"vc_row wpb_row vc_row-fluid\" ><div class=\"wpb_column vc_column_container vc_col-sm-12 vc_col-lg-6\"><div class=\"vc_column-inner vc_custom_1540543316970\"><div class=\"wpb_wrapper\"><div class=\"mkdf-elements-holder   mkdf-one-column  mkdf-responsive-mode-768 \" ><div class=\"mkdf-eh-item    \"  data-item-class=\"mkdf-eh-custom-4405\" data-1025-1366=\"56px 0 0\" data-769-1024=\"65% 11% 0\" data-681-768=\"85% 0 0\" data-680=\"170% 0 0\">\n\t<div class=\"mkdf-eh-item-inner\">\n\t\t<div class=\"mkdf-eh-item-content mkdf-eh-custom-4405\" style=\"padding: 0 25px 0 0\">\n\t\t\t\n\t<div  class=\"wpb_single_image wpb_content_element vc_align_left\">\n\t\t\n\t\t<figure class=\"wpb_wrapper vc_figure\">\n\t\t\t<div class=\"vc_single_image-wrapper   vc_box_border_grey\"><img loading=\"lazy\" decoding=\"async\" width=\"558\" height=\"539\" src=\"https:\/\/www.franckdeville.fr\/wp-content\/uploads\/2024\/06\/illustration-nos-engagements2-1.jpg\" class=\"vc_single_image-img attachment-full\" alt=\"\" title=\"illustration nos engagements2\" srcset=\"https:\/\/www.franckdeville.fr\/wp-content\/uploads\/2024\/06\/illustration-nos-engagements2-1.jpg 558w, https:\/\/www.franckdeville.fr\/wp-content\/uploads\/2024\/06\/illustration-nos-engagements2-1-300x290.jpg 300w\" sizes=\"auto, (max-width: 558px) 100vw, 558px\" \/><\/div>\n\t\t<\/figure>\n\t<\/div>\n\t\t<\/div>\n\t<\/div>\n<\/div><\/div><\/div><\/div><\/div><\/div><\/div><\/div>\n","protected":false},"excerpt":{"rendered":"Pour l\u2019amour du macaron, pour le respect de la plan\u00e8te Chez Franck Deville, chaque macaron que nous cr\u00e9ons est un reflet de notre engagement envers l'excellence, la durabilit\u00e9 et la responsabilit\u00e9 sociale. Ces principes ne sont pas seulement au c\u0153ur de notre processus de production, mais ils illustrent \u00e9galement les valeurs fondamentales de notre marque Engagement Qualitatif et Naturalit\u00e9 A une \u00e9poque o\u00f9 le \u00ab\u00a0bien manger\u00a0\u00bb est tr\u00e8s li\u00e9 au \u00ab\u00a0manger bien\u00a0\u00bb, la recherche d\u2019ingr\u00e9dients naturels et go\u00fbteux sont notre priorit\u00e9. Nous s\u00e9lectionnons minutieusement nos [...]","protected":false},"author":1,"featured_media":4182,"parent":4194,"menu_order":0,"comment_status":"closed","ping_status":"closed","template":"full-width.php","meta":{"footnotes":""},"class_list":["post-4280","page","type-page","status-publish","has-post-thumbnail","hentry"],"yoast_head":"<!-- This site is optimized with the Yoast SEO plugin v26.2 - https:\/\/yoast.com\/wordpress\/plugins\/seo\/ -->\n<title>Nos engagements - Franck Deville - Macarons fran\u00e7ais d&#039;excellence<\/title>\n<meta name=\"robots\" content=\"index, follow, max-snippet:-1, max-image-preview:large, max-video-preview:-1\" \/>\n<link rel=\"canonical\" href=\"https:\/\/www.franckdeville.fr\/fr\/notre-maison\/nos-engagements\/\" \/>\n<meta property=\"og:locale\" content=\"fr_FR\" \/>\n<meta property=\"og:type\" content=\"article\" \/>\n<meta property=\"og:title\" content=\"Nos engagements - Franck Deville - Macarons fran\u00e7ais d&#039;excellence\" \/>\n<meta property=\"og:url\" content=\"https:\/\/www.franckdeville.fr\/fr\/notre-maison\/nos-engagements\/\" \/>\n<meta property=\"og:site_name\" content=\"Franck Deville - Macarons fran\u00e7ais d&#039;excellence\" \/>\n<meta property=\"article:publisher\" content=\"https:\/\/www.facebook.com\/FranckDevillemacarons\" \/>\n<meta property=\"article:modified_time\" content=\"2024-09-18T17:58:19+00:00\" \/>\n<meta property=\"og:image\" content=\"https:\/\/www.franckdeville.fr\/wp-content\/uploads\/2024\/06\/Image6.jpg\" \/>\n\t<meta property=\"og:image:width\" content=\"1385\" \/>\n\t<meta property=\"og:image:height\" content=\"923\" \/>\n\t<meta property=\"og:image:type\" content=\"image\/jpeg\" \/>\n<meta name=\"twitter:card\" content=\"summary_large_image\" \/>\n<meta name=\"twitter:label1\" content=\"Dur\u00e9e de lecture estim\u00e9e\" \/>\n\t<meta name=\"twitter:data1\" content=\"5 minutes\" \/>\n<script type=\"application\/ld+json\" class=\"yoast-schema-graph\">{\"@context\":\"https:\/\/schema.org\",\"@graph\":[{\"@type\":\"WebPage\",\"@id\":\"https:\/\/www.franckdeville.fr\/fr\/notre-maison\/nos-engagements\/\",\"url\":\"https:\/\/www.franckdeville.fr\/fr\/notre-maison\/nos-engagements\/\",\"name\":\"Nos engagements - Franck Deville - Macarons fran\u00e7ais d&#039;excellence\",\"isPartOf\":{\"@id\":\"https:\/\/www.franckdeville.fr\/fr\/#website\"},\"primaryImageOfPage\":{\"@id\":\"https:\/\/www.franckdeville.fr\/fr\/notre-maison\/nos-engagements\/#primaryimage\"},\"image\":{\"@id\":\"https:\/\/www.franckdeville.fr\/fr\/notre-maison\/nos-engagements\/#primaryimage\"},\"thumbnailUrl\":\"https:\/\/www.franckdeville.fr\/wp-content\/uploads\/2024\/06\/Image6.jpg\",\"datePublished\":\"2024-06-05T10:16:34+00:00\",\"dateModified\":\"2024-09-18T17:58:19+00:00\",\"breadcrumb\":{\"@id\":\"https:\/\/www.franckdeville.fr\/fr\/notre-maison\/nos-engagements\/#breadcrumb\"},\"inLanguage\":\"fr-FR\",\"potentialAction\":[{\"@type\":\"ReadAction\",\"target\":[\"https:\/\/www.franckdeville.fr\/fr\/notre-maison\/nos-engagements\/\"]}]},{\"@type\":\"ImageObject\",\"inLanguage\":\"fr-FR\",\"@id\":\"https:\/\/www.franckdeville.fr\/fr\/notre-maison\/nos-engagements\/#primaryimage\",\"url\":\"https:\/\/www.franckdeville.fr\/wp-content\/uploads\/2024\/06\/Image6.jpg\",\"contentUrl\":\"https:\/\/www.franckdeville.fr\/wp-content\/uploads\/2024\/06\/Image6.jpg\",\"width\":1385,\"height\":923},{\"@type\":\"BreadcrumbList\",\"@id\":\"https:\/\/www.franckdeville.fr\/fr\/notre-maison\/nos-engagements\/#breadcrumb\",\"itemListElement\":[{\"@type\":\"ListItem\",\"position\":1,\"name\":\"Accueil\",\"item\":\"https:\/\/www.franckdeville.fr\/en\/\"},{\"@type\":\"ListItem\",\"position\":2,\"name\":\"Notre Maison\",\"item\":\"https:\/\/www.franckdeville.fr\/fr\/notre-maison\/\"},{\"@type\":\"ListItem\",\"position\":3,\"name\":\"Nos engagements\"}]},{\"@type\":\"WebSite\",\"@id\":\"https:\/\/www.franckdeville.fr\/fr\/#website\",\"url\":\"https:\/\/www.franckdeville.fr\/fr\/\",\"name\":\"Franck Deville\",\"description\":\"L&#039;Artisan Macaronier des Chefs\",\"publisher\":{\"@id\":\"https:\/\/www.franckdeville.fr\/fr\/#organization\"},\"potentialAction\":[{\"@type\":\"SearchAction\",\"target\":{\"@type\":\"EntryPoint\",\"urlTemplate\":\"https:\/\/www.franckdeville.fr\/fr\/?s={search_term_string}\"},\"query-input\":{\"@type\":\"PropertyValueSpecification\",\"valueRequired\":true,\"valueName\":\"search_term_string\"}}],\"inLanguage\":\"fr-FR\"},{\"@type\":\"Organization\",\"@id\":\"https:\/\/www.franckdeville.fr\/fr\/#organization\",\"name\":\"Franck Deville\",\"url\":\"https:\/\/www.franckdeville.fr\/fr\/\",\"logo\":{\"@type\":\"ImageObject\",\"inLanguage\":\"fr-FR\",\"@id\":\"https:\/\/www.franckdeville.fr\/fr\/#\/schema\/logo\/image\/\",\"url\":\"https:\/\/www.franckdeville.fr\/wp-content\/uploads\/2024\/09\/logo_franckdeville_small2.png\",\"contentUrl\":\"https:\/\/www.franckdeville.fr\/wp-content\/uploads\/2024\/09\/logo_franckdeville_small2.png\",\"width\":600,\"height\":193,\"caption\":\"Franck Deville\"},\"image\":{\"@id\":\"https:\/\/www.franckdeville.fr\/fr\/#\/schema\/logo\/image\/\"},\"sameAs\":[\"https:\/\/www.facebook.com\/FranckDevillemacarons\"]}]}<\/script>\n<!-- \/ Yoast SEO plugin. -->","yoast_head_json":{"title":"Nos engagements - Franck Deville - Macarons fran\u00e7ais d&#039;excellence","robots":{"index":"index","follow":"follow","max-snippet":"max-snippet:-1","max-image-preview":"max-image-preview:large","max-video-preview":"max-video-preview:-1"},"canonical":"https:\/\/www.franckdeville.fr\/fr\/notre-maison\/nos-engagements\/","og_locale":"fr_FR","og_type":"article","og_title":"Nos engagements - Franck Deville - Macarons fran\u00e7ais d&#039;excellence","og_url":"https:\/\/www.franckdeville.fr\/fr\/notre-maison\/nos-engagements\/","og_site_name":"Franck Deville - Macarons fran\u00e7ais d&#039;excellence","article_publisher":"https:\/\/www.facebook.com\/FranckDevillemacarons","article_modified_time":"2024-09-18T17:58:19+00:00","og_image":[{"width":1385,"height":923,"url":"https:\/\/www.franckdeville.fr\/wp-content\/uploads\/2024\/06\/Image6.jpg","type":"image\/jpeg"}],"twitter_card":"summary_large_image","twitter_misc":{"Dur\u00e9e de lecture estim\u00e9e":"5 minutes"},"schema":{"@context":"https:\/\/schema.org","@graph":[{"@type":"WebPage","@id":"https:\/\/www.franckdeville.fr\/fr\/notre-maison\/nos-engagements\/","url":"https:\/\/www.franckdeville.fr\/fr\/notre-maison\/nos-engagements\/","name":"Nos engagements - Franck Deville - Macarons fran\u00e7ais d&#039;excellence","isPartOf":{"@id":"https:\/\/www.franckdeville.fr\/fr\/#website"},"primaryImageOfPage":{"@id":"https:\/\/www.franckdeville.fr\/fr\/notre-maison\/nos-engagements\/#primaryimage"},"image":{"@id":"https:\/\/www.franckdeville.fr\/fr\/notre-maison\/nos-engagements\/#primaryimage"},"thumbnailUrl":"https:\/\/www.franckdeville.fr\/wp-content\/uploads\/2024\/06\/Image6.jpg","datePublished":"2024-06-05T10:16:34+00:00","dateModified":"2024-09-18T17:58:19+00:00","breadcrumb":{"@id":"https:\/\/www.franckdeville.fr\/fr\/notre-maison\/nos-engagements\/#breadcrumb"},"inLanguage":"fr-FR","potentialAction":[{"@type":"ReadAction","target":["https:\/\/www.franckdeville.fr\/fr\/notre-maison\/nos-engagements\/"]}]},{"@type":"ImageObject","inLanguage":"fr-FR","@id":"https:\/\/www.franckdeville.fr\/fr\/notre-maison\/nos-engagements\/#primaryimage","url":"https:\/\/www.franckdeville.fr\/wp-content\/uploads\/2024\/06\/Image6.jpg","contentUrl":"https:\/\/www.franckdeville.fr\/wp-content\/uploads\/2024\/06\/Image6.jpg","width":1385,"height":923},{"@type":"BreadcrumbList","@id":"https:\/\/www.franckdeville.fr\/fr\/notre-maison\/nos-engagements\/#breadcrumb","itemListElement":[{"@type":"ListItem","position":1,"name":"Accueil","item":"https:\/\/www.franckdeville.fr\/en\/"},{"@type":"ListItem","position":2,"name":"Notre Maison","item":"https:\/\/www.franckdeville.fr\/fr\/notre-maison\/"},{"@type":"ListItem","position":3,"name":"Nos engagements"}]},{"@type":"WebSite","@id":"https:\/\/www.franckdeville.fr\/fr\/#website","url":"https:\/\/www.franckdeville.fr\/fr\/","name":"Franck Deville","description":"L&#039;Artisan Macaronier des Chefs","publisher":{"@id":"https:\/\/www.franckdeville.fr\/fr\/#organization"},"potentialAction":[{"@type":"SearchAction","target":{"@type":"EntryPoint","urlTemplate":"https:\/\/www.franckdeville.fr\/fr\/?s={search_term_string}"},"query-input":{"@type":"PropertyValueSpecification","valueRequired":true,"valueName":"search_term_string"}}],"inLanguage":"fr-FR"},{"@type":"Organization","@id":"https:\/\/www.franckdeville.fr\/fr\/#organization","name":"Franck Deville","url":"https:\/\/www.franckdeville.fr\/fr\/","logo":{"@type":"ImageObject","inLanguage":"fr-FR","@id":"https:\/\/www.franckdeville.fr\/fr\/#\/schema\/logo\/image\/","url":"https:\/\/www.franckdeville.fr\/wp-content\/uploads\/2024\/09\/logo_franckdeville_small2.png","contentUrl":"https:\/\/www.franckdeville.fr\/wp-content\/uploads\/2024\/09\/logo_franckdeville_small2.png","width":600,"height":193,"caption":"Franck Deville"},"image":{"@id":"https:\/\/www.franckdeville.fr\/fr\/#\/schema\/logo\/image\/"},"sameAs":["https:\/\/www.facebook.com\/FranckDevillemacarons"]}]}},"_links":{"self":[{"href":"https:\/\/www.franckdeville.fr\/fr\/wp-json\/wp\/v2\/pages\/4280","targetHints":{"allow":["GET"]}}],"collection":[{"href":"https:\/\/www.franckdeville.fr\/fr\/wp-json\/wp\/v2\/pages"}],"about":[{"href":"https:\/\/www.franckdeville.fr\/fr\/wp-json\/wp\/v2\/types\/page"}],"author":[{"embeddable":true,"href":"https:\/\/www.franckdeville.fr\/fr\/wp-json\/wp\/v2\/users\/1"}],"replies":[{"embeddable":true,"href":"https:\/\/www.franckdeville.fr\/fr\/wp-json\/wp\/v2\/comments?post=4280"}],"version-history":[{"count":19,"href":"https:\/\/www.franckdeville.fr\/fr\/wp-json\/wp\/v2\/pages\/4280\/revisions"}],"predecessor-version":[{"id":4683,"href":"https:\/\/www.franckdeville.fr\/fr\/wp-json\/wp\/v2\/pages\/4280\/revisions\/4683"}],"up":[{"embeddable":true,"href":"https:\/\/www.franckdeville.fr\/fr\/wp-json\/wp\/v2\/pages\/4194"}],"wp:featuredmedia":[{"embeddable":true,"href":"https:\/\/www.franckdeville.fr\/fr\/wp-json\/wp\/v2\/media\/4182"}],"wp:attachment":[{"href":"https:\/\/www.franckdeville.fr\/fr\/wp-json\/wp\/v2\/media?parent=4280"}],"curies":[{"name":"wp","href":"https:\/\/api.w.org\/{rel}","templated":true}]}}