{"id":4153,"date":"2024-05-31T10:21:13","date_gmt":"2024-05-31T08:21:13","guid":{"rendered":"https:\/\/v2.franckdeville.fr\/?page_id=4153"},"modified":"2025-10-20T12:10:37","modified_gmt":"2025-10-20T10:10:37","slug":"accueil","status":"publish","type":"page","link":"https:\/\/www.franckdeville.fr\/fr\/","title":{"rendered":"Macarons fran\u00e7ais d\u2019exception | Maison Franck Deville"},"content":{"rendered":"<div class=\"mkdf-row-grid-section-wrapper \"  ><div class=\"mkdf-row-grid-section\"><div class=\"vc_row wpb_row vc_row-fluid vc_custom_1717145782994\" ><div class=\"wpb_column vc_column_container vc_col-sm-12\"><div class=\"vc_column-inner\"><div class=\"wpb_wrapper\"><div class=\"mkdf-elements-holder   mkdf-two-columns  mkdf-responsive-mode-1024 \" ><div class=\"mkdf-eh-item    \"  data-item-class=\"mkdf-eh-custom-6884\">\n\t<div class=\"mkdf-eh-item-inner\">\n\t\t<div class=\"mkdf-eh-item-content mkdf-eh-custom-6884\" style=\"padding: 50px 0px 50px 0px\">\n\t\t\t\n\t<div  class=\"wpb_single_image wpb_content_element vc_align_left\">\n\t\t\n\t\t<figure class=\"wpb_wrapper vc_figure\">\n\t\t\t<div class=\"vc_single_image-wrapper   vc_box_border_grey\"><img loading=\"lazy\" decoding=\"async\" width=\"800\" height=\"534\" src=\"https:\/\/www.franckdeville.fr\/wp-content\/uploads\/2024\/09\/Artisanat-de-lexcellence.jpg\" class=\"vc_single_image-img attachment-full\" alt=\"Artisanat de l&#039;excellence\" title=\"Artisanat de l&#039;excellence\" srcset=\"https:\/\/www.franckdeville.fr\/wp-content\/uploads\/2024\/09\/Artisanat-de-lexcellence.jpg 800w, https:\/\/www.franckdeville.fr\/wp-content\/uploads\/2024\/09\/Artisanat-de-lexcellence-300x200.jpg 300w, https:\/\/www.franckdeville.fr\/wp-content\/uploads\/2024\/09\/Artisanat-de-lexcellence-768x513.jpg 768w\" sizes=\"auto, (max-width: 800px) 100vw, 800px\" \/><\/div>\n\t\t<\/figure>\n\t<\/div>\n\t\t<\/div>\n\t<\/div>\n<\/div><div class=\"mkdf-eh-item    \"  data-item-class=\"mkdf-eh-custom-6940\" data-1367-1600=\"14px 0px 50px 86px\" data-1025-1366=\"14px 0px 50px 86px\" data-769-1024=\"0px 190px 50px 0px\" data-681-768=\"0px 50px 50px 0px\" data-680=\"0px 0px 50px 0px\">\n\t<div class=\"mkdf-eh-item-inner\">\n\t\t<div class=\"mkdf-eh-item-content mkdf-eh-custom-6940\" style=\"padding: 14px 50px 50px 86px\">\n\t\t\t\n\t<div class=\"wpb_text_column wpb_content_element \" >\n\t\t<div class=\"wpb_wrapper\">\n\t\t\t<h4>Franck Deville : L\u2019Artisanat de l\u2019Excellence<\/h4>\n\n\t\t<\/div>\n\t<\/div>\n<div class=\"vc_empty_space\"   style=\"height: 21px\"><span class=\"vc_empty_space_inner\"><\/span><\/div><div class=\"mkdf-separator-holder clearfix  mkdf-separator-left mkdf-separator-advanced-left mkdf-separator-advanced\">\n\t<div class=\"mkdf-separator\" style=\"margin-bottom: 0px\">\n                    <div class=\"mkdf-adv-sep-inner\">\n                <div class=\"mkdf-adv-sep-line\"  ><\/div>\n                <div class=\"mkdf-adv-sep-dot\"  ><\/div>\n            <\/div>\n            <\/div>\n<\/div>\n\n\t<div class=\"wpb_text_column wpb_content_element \" >\n\t\t<div class=\"wpb_wrapper\">\n\t\t\t<p>D\u00e9couvrez Franck Deville, cr\u00e9ateur renomm\u00e9 de macarons d\u2019exception.<\/p>\n<p>Nos macarons sans gluten allient la gastronomie fran\u00e7aise et le savoir-faire artisanal, faisant de notre marque un synonyme de luxe durable et d\u2019innovation en p\u00e2tisserie.<\/p>\n<p>Go\u00fbtez \u00e0 l&rsquo;excellence avec nos macarons haut de gamme.<\/p>\n\n\t\t<\/div>\n\t<\/div>\n<div class=\"vc_empty_space\"   style=\"height: 30px\"><span class=\"vc_empty_space_inner\"><\/span><\/div><a itemprop=\"url\" href=\"https:\/\/v2.franckdeville.fr\/notre-maison\" target=\"_self\" style=\"color: #ffffff;background-color: #c19d56;border-color: #c19d56;outline-color: #c19d56\" class=\"mkdf-btn mkdf-btn-small mkdf-btn-solid mkdf-btn-with-additional-outline mkdf-btn-custom-hover-bg mkdf-btn-custom-border-hover mkdf-btn-custom-hover-color\" data-hover-color=\"#c19d56\" data-hover-bg-color=\"rgba(0,0,0,0.01)\" data-hover-border-color=\"#c19d56\" data-hover-outline-color=\"#c19d56\" >\n    <span class=\"mkdf-btn-text\">Notre Maison<\/span>\n    <\/a>\t\t<\/div>\n\t<\/div>\n<\/div><\/div><\/div><\/div><\/div><\/div><\/div><\/div><div class=\"mkdf-row-grid-section-wrapper mkdf-parallax-row-holder\" data-parallax-bg-image=https:\/\/www.franckdeville.fr\/wp-content\/uploads\/2024\/05\/Image2.jpg data-parallax-bg-speed=1 ><div class=\"mkdf-row-grid-section\"><div class=\"vc_row wpb_row vc_row-fluid vc_custom_1717145819840\" ><div class=\"wpb_column vc_column_container vc_col-sm-12 vc_col-lg-5 vc_col-md-12\"><div class=\"vc_column-inner\"><div class=\"wpb_wrapper\"><\/div><\/div><\/div><div class=\"wpb_column vc_column_container vc_col-sm-12 vc_col-lg-7 vc_col-md-12\"><div class=\"vc_column-inner\"><div class=\"wpb_wrapper\"><div class=\"mkdf-elements-holder   mkdf-one-column  mkdf-responsive-mode-768 \" ><div class=\"mkdf-eh-item    \"  data-item-class=\"mkdf-eh-custom-7980\" data-1367-1600=\"127px 0px 163px 80px\" data-1025-1366=\"127px 0px 163px 80px\" data-769-1024=\"127px 0px 163px 235px\" data-681-768=\"127px 70px 163px 0px\" data-680=\"35px 0px 65px 0px\">\n\t<div class=\"mkdf-eh-item-inner\">\n\t\t<div class=\"mkdf-eh-item-content mkdf-eh-custom-7980\" style=\"padding: 127px 0px 163px 150px\">\n\t\t\t\n\t<div class=\"wpb_text_column wpb_content_element \" >\n\t\t<div class=\"wpb_wrapper\">\n\t\t\t<h3><span style=\"color: #ffffff;\">Macarons Ingr\u00e9dients Fran\u00e7ais<\/span><\/h3>\n\n\t\t<\/div>\n\t<\/div>\n<div class=\"vc_empty_space\"   style=\"height: 21px\"><span class=\"vc_empty_space_inner\"><\/span><\/div><div class=\"mkdf-separator-holder clearfix  mkdf-separator-left mkdf-separator-advanced-left mkdf-separator-advanced\">\n\t<div class=\"mkdf-separator\" >\n                    <div class=\"mkdf-adv-sep-inner\">\n                <div class=\"mkdf-adv-sep-line\"  ><\/div>\n                <div class=\"mkdf-adv-sep-dot\"  ><\/div>\n            <\/div>\n            <\/div>\n<\/div>\n<div class=\"vc_empty_space\"   style=\"height: 6px\"><span class=\"vc_empty_space_inner\"><\/span><\/div>\n\t<div class=\"wpb_text_column wpb_content_element \" >\n\t\t<div class=\"wpb_wrapper\">\n\t\t\t<p><span style=\"color: #ffffff;\"><br \/>\nC\u00e9l\u00e9brant la tradition fran\u00e7aise avec des ingr\u00e9dients de haute qualit\u00e9 et un engagement artisanal durable, les macarons Franck Deville sont une r\u00e9f\u00e9rence incontournable dans l\u2019univers de la p\u00e2tisserie de luxe.<br \/>\nD\u00e9couvrez nos macarons sans gluten, 100% fran\u00e7ais, et laissez-vous s\u00e9duire par leur saveur exceptionnelle<br \/>\n<\/span><\/p>\n\n\t\t<\/div>\n\t<\/div>\n<div class=\"vc_empty_space\"   style=\"height: 21px\"><span class=\"vc_empty_space_inner\"><\/span><\/div><a itemprop=\"url\" href=\"https:\/\/v2.franckdeville.fr\/macarons-ingredients-francais\/\" target=\"_self\" style=\"color: #ffffff;background-color: #c19d56;border-color: #c19d56;outline-color: #c19d56\" class=\"mkdf-btn mkdf-btn-medium mkdf-btn-solid mkdf-btn-with-additional-outline mkdf-btn-custom-hover-bg mkdf-btn-custom-border-hover mkdf-btn-custom-hover-color\" data-hover-color=\"#c19d56\" data-hover-bg-color=\"rgba(255,255,255,0.01)\" data-hover-border-color=\"#c19d56\" data-hover-outline-color=\"#c19d56\" >\n    <span class=\"mkdf-btn-text\">Macarons Ingr\u00e9dients Fran\u00e7ais<\/span>\n    <\/a>\t\t<\/div>\n\t<\/div>\n<\/div><\/div><\/div><\/div><\/div><\/div><\/div><\/div><div class=\"mkdf-row-grid-section-wrapper \"  ><div class=\"mkdf-row-grid-section\"><div class=\"vc_row wpb_row vc_row-fluid vc_custom_1717145769317\" ><div class=\"wpb_column vc_column_container vc_col-sm-12\"><div class=\"vc_column-inner\"><div class=\"wpb_wrapper\"><div class=\"mkdf-elements-holder   mkdf-two-columns  mkdf-responsive-mode-1024 \" ><div class=\"mkdf-eh-item    \"  data-item-class=\"mkdf-eh-custom-2176\" data-1367-1600=\"14px 0px 50px 86px\" data-1025-1366=\"14px 0px 50px 86px\" data-769-1024=\"0px 190px 50px 0px\" data-681-768=\"0px 50px 50px 0px\" data-680=\"0px 0px 50px 0px\">\n\t<div class=\"mkdf-eh-item-inner\">\n\t\t<div class=\"mkdf-eh-item-content mkdf-eh-custom-2176\" style=\"padding: 14px 50px 50px 86px\">\n\t\t\t\n\t<div class=\"wpb_text_column wpb_content_element \" >\n\t\t<div class=\"wpb_wrapper\">\n\t\t\t<h4>Macarons Deville, le luxe \u00e0 la fran\u00e7aise<\/h4>\n\n\t\t<\/div>\n\t<\/div>\n<div class=\"vc_empty_space\"   style=\"height: 21px\"><span class=\"vc_empty_space_inner\"><\/span><\/div><div class=\"mkdf-separator-holder clearfix  mkdf-separator-left mkdf-separator-advanced-left mkdf-separator-advanced\">\n\t<div class=\"mkdf-separator\" style=\"margin-bottom: 0px\">\n                    <div class=\"mkdf-adv-sep-inner\">\n                <div class=\"mkdf-adv-sep-line\"  ><\/div>\n                <div class=\"mkdf-adv-sep-dot\"  ><\/div>\n            <\/div>\n            <\/div>\n<\/div>\n\n\t<div class=\"wpb_text_column wpb_content_element \" >\n\t\t<div class=\"wpb_wrapper\">\n\t\t\t<p>Il se pr\u00e9sente comme \u00ab l\u2019artisan macaronier des chefs \u00bb. Le St\u00e9phanois Franck Deville est devenu l\u2019un des leaders fran\u00e7ais du macaron. Son travail a m\u00eame r\u00e9cemment \u00e9t\u00e9 salu\u00e9 \u00e0 Londres par le prestigieux Strive for perfection, un ouvrage \u00e9dit\u00e9 par Rolls-Royce r\u00e9unissant des produits de luxe du monde entier.<\/p>\n\n\t\t<\/div>\n\t<\/div>\n<div class=\"vc_empty_space\"   style=\"height: 30px\"><span class=\"vc_empty_space_inner\"><\/span><\/div><a itemprop=\"url\" href=\"https:\/\/www.franckdeville.fr\/fr\/2024\/12\/10\/les-macarons-franck-deville-partenaires-officiels-de-la-celebration-des-120-ans-de-rolls-royce-par-le-rrec\/\" target=\"_self\" style=\"color: #ffffff;background-color: #c19d56;border-color: #c19d56;outline-color: #c19d56\" class=\"mkdf-btn mkdf-btn-medium mkdf-btn-solid mkdf-btn-with-additional-outline mkdf-btn-custom-hover-bg mkdf-btn-custom-border-hover mkdf-btn-custom-hover-color\" data-hover-color=\"#c19d56\" data-hover-bg-color=\"rgba(255,255,255,0.01)\" data-hover-border-color=\"#c19d56\" data-hover-outline-color=\"#c19d56\" >\n    <span class=\"mkdf-btn-text\">En savoir plus<\/span>\n    <\/a><div class=\"vc_empty_space\"   style=\"height: 50px\"><span class=\"vc_empty_space_inner\"><\/span><\/div>\t\t<\/div>\n\t<\/div>\n<\/div><div class=\"mkdf-eh-item    \"  data-item-class=\"mkdf-eh-custom-5180\">\n\t<div class=\"mkdf-eh-item-inner\">\n\t\t<div class=\"mkdf-eh-item-content mkdf-eh-custom-5180\" style=\"padding: 50px 0px 50px 0px\">\n\t\t\t\n\t<div  class=\"wpb_single_image wpb_content_element vc_align_center\">\n\t\t\n\t\t<figure class=\"wpb_wrapper vc_figure\">\n\t\t\t<div class=\"vc_single_image-wrapper   vc_box_border_grey\"><img loading=\"lazy\" decoding=\"async\" width=\"371\" height=\"371\" src=\"https:\/\/www.franckdeville.fr\/wp-content\/uploads\/2024\/05\/Image3.jpg\" class=\"vc_single_image-img attachment-full\" alt=\"\" title=\"Image3\" srcset=\"https:\/\/www.franckdeville.fr\/wp-content\/uploads\/2024\/05\/Image3.jpg 371w, https:\/\/www.franckdeville.fr\/wp-content\/uploads\/2024\/05\/Image3-300x300.jpg 300w, https:\/\/www.franckdeville.fr\/wp-content\/uploads\/2024\/05\/Image3-150x150.jpg 150w\" sizes=\"auto, (max-width: 371px) 100vw, 371px\" \/><\/div>\n\t\t<\/figure>\n\t<\/div>\n<div class=\"vc_empty_space\"   style=\"height: 50px\"><span class=\"vc_empty_space_inner\"><\/span><\/div>\t\t<\/div>\n\t<\/div>\n<\/div><\/div><\/div><\/div><\/div><\/div><\/div><\/div><div class=\"vc_row wpb_row vc_row-fluid\" ><div class=\"wpb_column vc_column_container vc_col-sm-12\"><div class=\"vc_column-inner\"><div class=\"wpb_wrapper\"><div class=\"wpb_revslider_element wpb_content_element\">\n\t\t\t<!-- START Landing4 REVOLUTION SLIDER 6.5.15 --><p class=\"rs-p-wp-fix\"><\/p>\n\t\t\t<rs-module-wrap id=\"rev_slider_8_1_wrapper\" data-source=\"gallery\" style=\"visibility:hidden;background:transparent;padding:0;margin:0px auto;margin-top:0;margin-bottom:0;\">\n\t\t\t\t<rs-module id=\"rev_slider_8_1\" style=\"\" data-version=\"6.5.15\">\n\t\t\t\t\t<rs-slides>\n\t\t\t\t\t\t<rs-slide style=\"position: absolute;\" data-key=\"rs-18\" data-title=\"Slide\" data-ssop=\"true\" data-in=\"o:0;\" data-out=\"a:false;\">\n\t\t\t\t\t\t\t<img loading=\"lazy\" decoding=\"async\" src=\"\/\/www.franckdeville.fr\/wp-content\/plugins\/revslider\/public\/assets\/assets\/dummy.png\" alt=\"\" title=\"13554292_1658655314456913_148338074_n_181.jpeg\" width=\"1280\" height=\"720\" class=\"rev-slidebg tp-rs-img rs-lazyload\" data-lazyload=\"\/\/v2.franckdeville.fr\/wp-content\/uploads\/revslider\/video-media\/13554292_1658655314456913_148338074_n_181.jpeg\" data-no-retina>\n\t\t\t\t\t\t\t<rs-bgvideo \n\t\t\t\t\t\t\t\tdata-video=\"w:100%;h:100%;sta:00:15;end:00:22;nse:false;l:true;ptimer:false;vfc:true;\"\n\t\t\t\t\t\t\t\tdata-mp4=\"\/\/v2.franckdeville.fr\/wp-content\/uploads\/2024\/05\/13554292_1658655314456913_148338074_n.mp4\"\n\t\t\t\t\t\t\t><\/rs-bgvideo>\n<!---->\t\t\t\t\t\t<\/rs-slide>\n\t\t\t\t\t\t<rs-slide style=\"position: absolute;\" data-key=\"rs-181\" data-title=\"Slide\" data-ssop=\"true\" data-in=\"o:0;\" data-out=\"a:false;\">\n\t\t\t\t\t\t\t<img loading=\"lazy\" decoding=\"async\" src=\"\/\/www.franckdeville.fr\/wp-content\/plugins\/revslider\/public\/assets\/assets\/dummy.png\" alt=\"\" title=\"13554292_1658655314456913_148338074_n_181.jpeg\" width=\"1280\" height=\"720\" class=\"rev-slidebg tp-rs-img rs-lazyload\" data-lazyload=\"\/\/v2.franckdeville.fr\/wp-content\/uploads\/revslider\/video-media\/13554292_1658655314456913_148338074_n_181.jpeg\" data-no-retina>\n\t\t\t\t\t\t\t<rs-bgvideo \n\t\t\t\t\t\t\t\tdata-video=\"w:100%;h:100%;sta:00:15;end:00:22;nse:false;l:true;ptimer:false;vfc:true;\"\n\t\t\t\t\t\t\t\tdata-mp4=\"\/\/v2.franckdeville.fr\/wp-content\/uploads\/2024\/05\/13554292_1658655314456913_148338074_n.mp4\"\n\t\t\t\t\t\t\t><\/rs-bgvideo>\n<!---->\t\t\t\t\t\t<\/rs-slide>\n\t\t\t\t\t<\/rs-slides>\n\t\t\t\t<\/rs-module>\n\t\t\t\t<script>\n\t\t\t\t\tsetREVStartSize({c: 'rev_slider_8_1',rl:[1240,1024,778,480],el:[650,600,700,500],gw:[1920,1700,700,300],gh:[650,600,700,500],type:'standard',justify:'',layout:'fullwidth',mh:\"0\"});if (window.RS_MODULES!==undefined && window.RS_MODULES.modules!==undefined && window.RS_MODULES.modules[\"revslider81\"]!==undefined) {window.RS_MODULES.modules[\"revslider81\"].once = false;window.revapi8 = undefined;if (window.RS_MODULES.checkMinimal!==undefined) window.RS_MODULES.checkMinimal()}\n\t\t\t\t<\/script>\n\t\t\t<\/rs-module-wrap>\n\t\t\t<!-- END REVOLUTION SLIDER -->\n<\/div><\/div><\/div><\/div><\/div>\n","protected":false},"excerpt":{"rendered":"Franck Deville : L\u2019Artisanat de l\u2019Excellence D\u00e9couvrez Franck Deville, cr\u00e9ateur renomm\u00e9 de macarons d\u2019exception. Nos macarons sans gluten allient la gastronomie fran\u00e7aise et le savoir-faire artisanal, faisant de notre marque un synonyme de luxe durable et d\u2019innovation en p\u00e2tisserie. Go\u00fbtez \u00e0 l'excellence avec nos macarons haut de gamme. Notre Maison Macarons Ingr\u00e9dients Fran\u00e7ais C\u00e9l\u00e9brant la tradition fran\u00e7aise avec des ingr\u00e9dients de haute qualit\u00e9 et un engagement artisanal durable, les macarons Franck Deville sont une r\u00e9f\u00e9rence incontournable dans l\u2019univers de la p\u00e2tisserie de luxe. D\u00e9couvrez nos [...]","protected":false},"author":1,"featured_media":0,"parent":0,"menu_order":0,"comment_status":"closed","ping_status":"closed","template":"full-width.php","meta":{"footnotes":""},"class_list":["post-4153","page","type-page","status-publish","hentry"],"yoast_head":"<!-- This site is optimized with the Yoast SEO plugin v26.2 - https:\/\/yoast.com\/wordpress\/plugins\/seo\/ -->\n<title>Macarons fran\u00e7ais d\u2019exception | Maison Franck Deville<\/title>\n<meta name=\"description\" content=\"D\u00e9couvrez les macarons fran\u00e7ais Franck Deville : l\u2019alliance du savoir-faire artisanal, de la qualit\u00e9 et du raffinement \u00e0 la fran\u00e7aise.\" \/>\n<meta name=\"robots\" content=\"index, follow, max-snippet:-1, max-image-preview:large, max-video-preview:-1\" \/>\n<link rel=\"canonical\" href=\"https:\/\/www.franckdeville.fr\/fr\/\" \/>\n<meta property=\"og:locale\" content=\"fr_FR\" \/>\n<meta property=\"og:type\" content=\"article\" \/>\n<meta property=\"og:title\" content=\"Macarons fran\u00e7ais d\u2019exception | Maison Franck Deville\" \/>\n<meta property=\"og:description\" content=\"D\u00e9couvrez les macarons fran\u00e7ais Franck Deville : l\u2019alliance du savoir-faire artisanal, de la qualit\u00e9 et du raffinement \u00e0 la fran\u00e7aise.\" \/>\n<meta property=\"og:url\" content=\"https:\/\/www.franckdeville.fr\/fr\/\" \/>\n<meta property=\"og:site_name\" content=\"Franck Deville - Macarons fran\u00e7ais d&#039;excellence\" \/>\n<meta property=\"article:publisher\" content=\"https:\/\/www.facebook.com\/FranckDevillemacarons\" \/>\n<meta property=\"article:modified_time\" content=\"2025-10-20T10:10:37+00:00\" \/>\n<meta name=\"twitter:card\" content=\"summary_large_image\" \/>\n<meta name=\"twitter:label1\" content=\"Dur\u00e9e de lecture estim\u00e9e\" \/>\n\t<meta name=\"twitter:data1\" content=\"3 minutes\" \/>\n<script type=\"application\/ld+json\" class=\"yoast-schema-graph\">{\"@context\":\"https:\/\/schema.org\",\"@graph\":[{\"@type\":\"WebPage\",\"@id\":\"https:\/\/www.franckdeville.fr\/en\/\",\"url\":\"https:\/\/www.franckdeville.fr\/en\/\",\"name\":\"Macarons fran\u00e7ais d\u2019exception | Maison Franck Deville\",\"isPartOf\":{\"@id\":\"https:\/\/www.franckdeville.fr\/fr\/#website\"},\"datePublished\":\"2024-05-31T08:21:13+00:00\",\"dateModified\":\"2025-10-20T10:10:37+00:00\",\"description\":\"D\u00e9couvrez les macarons fran\u00e7ais Franck Deville : l\u2019alliance du savoir-faire artisanal, de la qualit\u00e9 et du raffinement \u00e0 la fran\u00e7aise.\",\"breadcrumb\":{\"@id\":\"https:\/\/www.franckdeville.fr\/en\/#breadcrumb\"},\"inLanguage\":\"fr-FR\",\"potentialAction\":[{\"@type\":\"ReadAction\",\"target\":[\"https:\/\/www.franckdeville.fr\/en\/\"]}]},{\"@type\":\"BreadcrumbList\",\"@id\":\"https:\/\/www.franckdeville.fr\/en\/#breadcrumb\",\"itemListElement\":[{\"@type\":\"ListItem\",\"position\":1,\"name\":\"Accueil\",\"item\":\"https:\/\/www.franckdeville.fr\/en\/\"},{\"@type\":\"ListItem\",\"position\":2,\"name\":\"Macarons fran\u00e7ais d\u2019exception | Maison Franck Deville\"}]},{\"@type\":\"WebSite\",\"@id\":\"https:\/\/www.franckdeville.fr\/fr\/#website\",\"url\":\"https:\/\/www.franckdeville.fr\/fr\/\",\"name\":\"Franck Deville\",\"description\":\"L&#039;Artisan Macaronier des Chefs\",\"publisher\":{\"@id\":\"https:\/\/www.franckdeville.fr\/fr\/#organization\"},\"potentialAction\":[{\"@type\":\"SearchAction\",\"target\":{\"@type\":\"EntryPoint\",\"urlTemplate\":\"https:\/\/www.franckdeville.fr\/fr\/?s={search_term_string}\"},\"query-input\":{\"@type\":\"PropertyValueSpecification\",\"valueRequired\":true,\"valueName\":\"search_term_string\"}}],\"inLanguage\":\"fr-FR\"},{\"@type\":\"Organization\",\"@id\":\"https:\/\/www.franckdeville.fr\/fr\/#organization\",\"name\":\"Franck Deville\",\"url\":\"https:\/\/www.franckdeville.fr\/fr\/\",\"logo\":{\"@type\":\"ImageObject\",\"inLanguage\":\"fr-FR\",\"@id\":\"https:\/\/www.franckdeville.fr\/fr\/#\/schema\/logo\/image\/\",\"url\":\"https:\/\/www.franckdeville.fr\/wp-content\/uploads\/2024\/09\/logo_franckdeville_small2.png\",\"contentUrl\":\"https:\/\/www.franckdeville.fr\/wp-content\/uploads\/2024\/09\/logo_franckdeville_small2.png\",\"width\":600,\"height\":193,\"caption\":\"Franck Deville\"},\"image\":{\"@id\":\"https:\/\/www.franckdeville.fr\/fr\/#\/schema\/logo\/image\/\"},\"sameAs\":[\"https:\/\/www.facebook.com\/FranckDevillemacarons\"]}]}<\/script>\n<!-- \/ Yoast SEO plugin. -->","yoast_head_json":{"title":"Macarons fran\u00e7ais d\u2019exception | Maison Franck Deville","description":"D\u00e9couvrez les macarons fran\u00e7ais Franck Deville : l\u2019alliance du savoir-faire artisanal, de la qualit\u00e9 et du raffinement \u00e0 la fran\u00e7aise.","robots":{"index":"index","follow":"follow","max-snippet":"max-snippet:-1","max-image-preview":"max-image-preview:large","max-video-preview":"max-video-preview:-1"},"canonical":"https:\/\/www.franckdeville.fr\/fr\/","og_locale":"fr_FR","og_type":"article","og_title":"Macarons fran\u00e7ais d\u2019exception | Maison Franck Deville","og_description":"D\u00e9couvrez les macarons fran\u00e7ais Franck Deville : l\u2019alliance du savoir-faire artisanal, de la qualit\u00e9 et du raffinement \u00e0 la fran\u00e7aise.","og_url":"https:\/\/www.franckdeville.fr\/fr\/","og_site_name":"Franck Deville - Macarons fran\u00e7ais d&#039;excellence","article_publisher":"https:\/\/www.facebook.com\/FranckDevillemacarons","article_modified_time":"2025-10-20T10:10:37+00:00","twitter_card":"summary_large_image","twitter_misc":{"Dur\u00e9e de lecture estim\u00e9e":"3 minutes"},"schema":{"@context":"https:\/\/schema.org","@graph":[{"@type":"WebPage","@id":"https:\/\/www.franckdeville.fr\/en\/","url":"https:\/\/www.franckdeville.fr\/en\/","name":"Macarons fran\u00e7ais d\u2019exception | Maison Franck Deville","isPartOf":{"@id":"https:\/\/www.franckdeville.fr\/fr\/#website"},"datePublished":"2024-05-31T08:21:13+00:00","dateModified":"2025-10-20T10:10:37+00:00","description":"D\u00e9couvrez les macarons fran\u00e7ais Franck Deville : l\u2019alliance du savoir-faire artisanal, de la qualit\u00e9 et du raffinement \u00e0 la fran\u00e7aise.","breadcrumb":{"@id":"https:\/\/www.franckdeville.fr\/en\/#breadcrumb"},"inLanguage":"fr-FR","potentialAction":[{"@type":"ReadAction","target":["https:\/\/www.franckdeville.fr\/en\/"]}]},{"@type":"BreadcrumbList","@id":"https:\/\/www.franckdeville.fr\/en\/#breadcrumb","itemListElement":[{"@type":"ListItem","position":1,"name":"Accueil","item":"https:\/\/www.franckdeville.fr\/en\/"},{"@type":"ListItem","position":2,"name":"Macarons fran\u00e7ais d\u2019exception | Maison Franck Deville"}]},{"@type":"WebSite","@id":"https:\/\/www.franckdeville.fr\/fr\/#website","url":"https:\/\/www.franckdeville.fr\/fr\/","name":"Franck Deville","description":"L&#039;Artisan Macaronier des Chefs","publisher":{"@id":"https:\/\/www.franckdeville.fr\/fr\/#organization"},"potentialAction":[{"@type":"SearchAction","target":{"@type":"EntryPoint","urlTemplate":"https:\/\/www.franckdeville.fr\/fr\/?s={search_term_string}"},"query-input":{"@type":"PropertyValueSpecification","valueRequired":true,"valueName":"search_term_string"}}],"inLanguage":"fr-FR"},{"@type":"Organization","@id":"https:\/\/www.franckdeville.fr\/fr\/#organization","name":"Franck Deville","url":"https:\/\/www.franckdeville.fr\/fr\/","logo":{"@type":"ImageObject","inLanguage":"fr-FR","@id":"https:\/\/www.franckdeville.fr\/fr\/#\/schema\/logo\/image\/","url":"https:\/\/www.franckdeville.fr\/wp-content\/uploads\/2024\/09\/logo_franckdeville_small2.png","contentUrl":"https:\/\/www.franckdeville.fr\/wp-content\/uploads\/2024\/09\/logo_franckdeville_small2.png","width":600,"height":193,"caption":"Franck Deville"},"image":{"@id":"https:\/\/www.franckdeville.fr\/fr\/#\/schema\/logo\/image\/"},"sameAs":["https:\/\/www.facebook.com\/FranckDevillemacarons"]}]}},"_links":{"self":[{"href":"https:\/\/www.franckdeville.fr\/fr\/wp-json\/wp\/v2\/pages\/4153","targetHints":{"allow":["GET"]}}],"collection":[{"href":"https:\/\/www.franckdeville.fr\/fr\/wp-json\/wp\/v2\/pages"}],"about":[{"href":"https:\/\/www.franckdeville.fr\/fr\/wp-json\/wp\/v2\/types\/page"}],"author":[{"embeddable":true,"href":"https:\/\/www.franckdeville.fr\/fr\/wp-json\/wp\/v2\/users\/1"}],"replies":[{"embeddable":true,"href":"https:\/\/www.franckdeville.fr\/fr\/wp-json\/wp\/v2\/comments?post=4153"}],"version-history":[{"count":21,"href":"https:\/\/www.franckdeville.fr\/fr\/wp-json\/wp\/v2\/pages\/4153\/revisions"}],"predecessor-version":[{"id":5135,"href":"https:\/\/www.franckdeville.fr\/fr\/wp-json\/wp\/v2\/pages\/4153\/revisions\/5135"}],"wp:attachment":[{"href":"https:\/\/www.franckdeville.fr\/fr\/wp-json\/wp\/v2\/media?parent=4153"}],"curies":[{"name":"wp","href":"https:\/\/api.w.org\/{rel}","templated":true}]}}