{"id":5043,"date":"2024-10-01T18:03:00","date_gmt":"2024-10-01T16:03:00","guid":{"rendered":"https:\/\/www.franckdeville.fr\/?page_id=5043"},"modified":"2025-10-20T15:43:12","modified_gmt":"2025-10-20T13:43:12","slug":"pongase-en-contacto-con","status":"publish","type":"page","link":"https:\/\/www.franckdeville.fr\/es\/pongase-en-contacto-con\/","title":{"rendered":"P\u00f3ngase en contacto con"},"content":{"rendered":"<div class=\"mkdf-row-grid-section-wrapper\"  ><div class=\"mkdf-row-grid-section\"><div class=\"vc_row wpb_row vc_row-fluid\" ><div class=\"wpb_column vc_column_container vc_col-sm-12\" id=\"contact-form\"><div class=\"vc_column-inner vc_custom_1727784900558\"><div class=\"wpb_wrapper\"><div class=\"mkdf-section-title-holder  mkdf-st-standard mkdf-st-title-left mkdf-st-normal-space\" style=\"text-align: center\">\n\t<div class=\"mkdf-st-inner\">\n        \t\t\t\t\t<h4 class=\"mkdf-st-title\" >\n\t\t\t\tContacto Franck Deville\t\t\t<\/h4>\n\t\t                    <div class=\"mkdf-separator-holder clearfix  mkdf-separator-center mkdf-separator-advanced-center mkdf-separator-advanced\">\n\t<div class=\"mkdf-separator\" >\n                    <div class=\"mkdf-adv-sep-inner\">\n                <div class=\"mkdf-adv-sep-line\"  ><\/div>\n                <div class=\"mkdf-adv-sep-dot\"  ><\/div>\n            <\/div>\n            <\/div>\n<\/div>\n        \t\t\t\t\t<h5 class=\"mkdf-st-text\" >\n\t\t\t\tZA les Buissons, rue Gruner<br \/>\n42230 Roche la Moli\u00e8re<br \/>\nFRANCIA<br \/>\nTel. +334 77 46 03 39\t\t\t<\/h5>\n\t\t\t<\/div>\n<\/div><div class=\"vc_empty_space\"   style=\"height: 32px\"><span class=\"vc_empty_space_inner\"><\/span><\/div>\n\t<div class=\"wpb_text_column wpb_content_element\" >\n\t\t<div class=\"wpb_wrapper\">\n\t\t\t<p><strong>\u00bfTiene alguna pregunta o desea m\u00e1s informaci\u00f3n?<\/strong><\/p>\n<p>Utilice el siguiente formulario para ponerse en contacto con nosotros. Nos pondremos en contacto con usted lo antes posible.<\/p>\n<style id=\"wpforms-css-vars-5025\">\n\t\t\t\t#wpforms-5025 {\n\t\t\t\t\n\t\t\t}\n\t\t\t<\/style><div class=\"wpforms-container wpforms-container-full wpforms-render-modern\" id=\"wpforms-5025\"><form id=\"wpforms-form-5025\" class=\"wpforms-validate wpforms-form wpforms-ajax-form\" data-formid=\"5025\" method=\"post\" enctype=\"multipart\/form-data\" action=\"\/es\/wp-json\/wp\/v2\/pages\/5043\" data-token=\"4b3dac10862030a2c1dddebd4976fb7a\" data-token-time=\"1776169068\" data-trp-original-action=\"\/es\/wp-json\/wp\/v2\/pages\/5043\"><noscript class=\"wpforms-error-noscript\">Por favor, activa JavaScript en tu navegador para completar este formulario.<\/noscript><div id=\"wpforms-error-noscript\" style=\"display: none;\">Por favor, activa JavaScript en tu navegador para completar este formulario.<\/div><div class=\"wpforms-field-container\">\t\t<div id=\"wpforms-5025-field_4-container\"\n\t\t\tclass=\"wpforms-field wpforms-field-text\"\n\t\t\tdata-field-type=\"text\"\n\t\t\tdata-field-id=\"4\"\n\t\t\t>\n\t\t\t<label class=\"wpforms-field-label\" for=\"wpforms-5025-field_4\" >Soci\u00e9t\u00e9\/Organisation T\u00e9l\u00e9phone message<\/label>\n\t\t\t<input type=\"text\" id=\"wpforms-5025-field_4\" class=\"wpforms-field-medium\" name=\"wpforms[fields][4]\" >\n\t\t<\/div>\n\t\t<div id=\"wpforms-5025-field_1-container\" class=\"wpforms-field wpforms-field-name\" data-field-id=\"1\"><fieldset><legend class=\"wpforms-field-label\">Nombre <span class=\"wpforms-required-label\" aria-hidden=\"true\">*<\/span><\/legend><div class=\"wpforms-field-row wpforms-field-medium\"><div class=\"wpforms-field-row-block wpforms-first wpforms-one-half\"><input type=\"text\" id=\"wpforms-5025-field_1\" class=\"wpforms-field-name-first wpforms-field-required\" name=\"wpforms[fields][1][first]\" aria-errormessage=\"wpforms-5025-field_1-error\" required><label for=\"wpforms-5025-field_1\" class=\"wpforms-field-sublabel after\">Nombre<\/label><\/div><div class=\"wpforms-field-row-block wpforms-one-half\"><input type=\"text\" id=\"wpforms-5025-field_1-last\" class=\"wpforms-field-name-last wpforms-field-required\" name=\"wpforms[fields][1][last]\" aria-errormessage=\"wpforms-5025-field_1-last-error\" required><label for=\"wpforms-5025-field_1-last\" class=\"wpforms-field-sublabel after\">Apellidos<\/label><\/div><\/div><\/fieldset><\/div><div id=\"wpforms-5025-field_6-container\" class=\"wpforms-field wpforms-field-number\" data-field-id=\"6\"><label class=\"wpforms-field-label\" for=\"wpforms-5025-field_6\">Tel\u00e9fono<\/label><input type=\"number\" id=\"wpforms-5025-field_6\" class=\"wpforms-field-medium\" name=\"wpforms[fields][6]\" step=\"any\" aria-errormessage=\"wpforms-5025-field_6-error\" ><\/div><div id=\"wpforms-5025-field_7-container\" class=\"wpforms-field wpforms-field-text\" data-field-id=\"7\"><label class=\"wpforms-field-label\" for=\"wpforms-5025-field_7\">Empresa\/Organizaci\u00f3n<\/label><input type=\"text\" id=\"wpforms-5025-field_7\" class=\"wpforms-field-medium\" name=\"wpforms[fields][7]\" aria-errormessage=\"wpforms-5025-field_7-error\" ><\/div><div id=\"wpforms-5025-field_2-container\" class=\"wpforms-field wpforms-field-email\" data-field-id=\"2\"><label class=\"wpforms-field-label\" for=\"wpforms-5025-field_2\">Correo electr\u00f3nico <span class=\"wpforms-required-label\" aria-hidden=\"true\">*<\/span><\/label><input type=\"email\" id=\"wpforms-5025-field_2\" class=\"wpforms-field-medium wpforms-field-required\" name=\"wpforms[fields][2]\" spellcheck=\"false\" aria-errormessage=\"wpforms-5025-field_2-error\" required><\/div><div id=\"wpforms-5025-field_3-container\" class=\"wpforms-field wpforms-field-textarea\" data-field-id=\"3\"><label class=\"wpforms-field-label\" for=\"wpforms-5025-field_3\">Su mensaje<\/label><textarea id=\"wpforms-5025-field_3\" class=\"wpforms-field-medium\" name=\"wpforms[fields][3]\" aria-errormessage=\"wpforms-5025-field_3-error\" ><\/textarea><\/div><script>\n\t\t\t\t( function() {\n\t\t\t\t\tconst style = document.createElement( 'style' );\n\t\t\t\t\tstyle.appendChild( document.createTextNode( '#wpforms-5025-field_4-container { position: absolute !important; overflow: hidden !important; display: inline !important; height: 1px !important; width: 1px !important; z-index: -1000 !important; padding: 0 !important; } #wpforms-5025-field_4-container input { visibility: hidden; } #wpforms-conversational-form-page #wpforms-5025-field_4-container label { counter-increment: none; }' ) );\n\t\t\t\t\tdocument.head.appendChild( style );\n\t\t\t\t\tdocument.currentScript?.remove();\n\t\t\t\t} )();\n\t\t\t<\/script><\/div><!-- .wpforms-field-container --><div class=\"wpforms-recaptcha-container wpforms-is-recaptcha wpforms-is-recaptcha-type-invisible\" ><div class=\"g-recaptcha\" data-sitekey=\"6Le4miYUAAAAAJr5Ku3s108sk2adpju4y6cohLkV\" data-size=\"invisible\"><\/div><\/div><div class=\"wpforms-submit-container\" ><input type=\"hidden\" name=\"wpforms[id]\" value=\"5025\"><input type=\"hidden\" name=\"page_title\" value=\"\"><input type=\"hidden\" name=\"page_url\" value=\"https:\/\/www.franckdeville.fr\/es\/wp-json\/wp\/v2\/pages\/5043\"><input type=\"hidden\" name=\"url_referer\" value=\"\"><button type=\"submit\" name=\"wpforms[submit]\" id=\"wpforms-submit-5025\" class=\"wpforms-submit contact-button\" data-alt-text=\"Envoi en cours...\" data-submit-text=\"Envoyer\" aria-live=\"assertive\" value=\"wpforms-submit\">Enviar<\/button><img loading=\"lazy\" decoding=\"async\" src=\"https:\/\/www.franckdeville.fr\/wp-content\/plugins\/wpforms-lite\/assets\/images\/submit-spin.svg\" class=\"wpforms-submit-spinner\" style=\"display: none;\" width=\"26\" height=\"26\" alt=\"Cargando\"><\/div><input type=\"hidden\" name=\"trp-form-language\" value=\"es\"\/><\/form><\/div>  <!-- .wpforms-container -->\n\n\t\t<\/div>\n\t<\/div>\n<div class=\"vc_empty_space\"   style=\"height: 32px\"><span class=\"vc_empty_space_inner\"><\/span><\/div><\/div><\/div><\/div><\/div><\/div><\/div><div class=\"mkdf-row-grid-section-wrapper\"  style=\"background-color:#fbf6f3\"><div class=\"mkdf-row-grid-section\"><div class=\"vc_row wpb_row vc_row-fluid\" ><div class=\"wpb_column vc_column_container vc_col-sm-12\"><div class=\"vc_column-inner vc_custom_1727784900558\"><div class=\"wpb_wrapper\"><div class=\"mkdf-section-title-holder  mkdf-st-standard mkdf-st-title-left mkdf-st-normal-space\" style=\"text-align: center\">\n\t<div class=\"mkdf-st-inner\">\n        \t\t\t\t\t<h4 class=\"mkdf-st-title\" >\n\t\t\t\tContactar con la tienda Le Clos Deville\t\t\t<\/h4>\n\t\t                    <div class=\"mkdf-separator-holder clearfix  mkdf-separator-center mkdf-separator-advanced-center mkdf-separator-advanced\">\n\t<div class=\"mkdf-separator\" >\n                    <div class=\"mkdf-adv-sep-inner\">\n                <div class=\"mkdf-adv-sep-line\"  ><\/div>\n                <div class=\"mkdf-adv-sep-dot\"  ><\/div>\n            <\/div>\n            <\/div>\n<\/div>\n        \t\t\t\t\t<h5 class=\"mkdf-st-text\" >\n\t\t\t\tLE CLOS DEVILLE<br \/>\n2 rue Ferrer, STEEL<br \/>\n42100 Saint-Etienne<br \/>\nTel\u00e9fono: 04 77 57 78 35\t\t\t<\/h5>\n\t\t\t<\/div>\n<\/div>\n\t<div class=\"wpb_text_column wpb_content_element\" >\n\t\t<div class=\"wpb_wrapper\">\n\t\t\t<style id=\"wpforms-css-vars-5015\">\n\t\t\t\t#wpforms-5015 {\n\t\t\t\t\n\t\t\t}\n\t\t\t<\/style><div class=\"wpforms-container wpforms-container-full wpforms-render-modern\" id=\"wpforms-5015\"><form id=\"wpforms-form-5015\" class=\"wpforms-validate wpforms-form wpforms-ajax-form\" data-formid=\"5015\" method=\"post\" enctype=\"multipart\/form-data\" action=\"\/es\/wp-json\/wp\/v2\/pages\/5043\" data-token=\"0a1635d895fa61a373a3f409a133e7d7\" data-token-time=\"1776169068\" data-trp-original-action=\"\/es\/wp-json\/wp\/v2\/pages\/5043\"><noscript class=\"wpforms-error-noscript\">Por favor, activa JavaScript en tu navegador para completar este formulario.<\/noscript><div id=\"wpforms-error-noscript\" style=\"display: none;\">Por favor, activa JavaScript en tu navegador para completar este formulario.<\/div><div class=\"wpforms-field-container\"><div id=\"wpforms-5015-field_1-container\" class=\"wpforms-field wpforms-field-name\" data-field-id=\"1\"><fieldset><legend class=\"wpforms-field-label\">Nombre <span class=\"wpforms-required-label\" aria-hidden=\"true\">*<\/span><\/legend><div class=\"wpforms-field-row wpforms-field-medium\"><div class=\"wpforms-field-row-block wpforms-first wpforms-one-half\"><input type=\"text\" id=\"wpforms-5015-field_1\" class=\"wpforms-field-name-first wpforms-field-required\" name=\"wpforms[fields][1][first]\" aria-errormessage=\"wpforms-5015-field_1-error\" required><label for=\"wpforms-5015-field_1\" class=\"wpforms-field-sublabel after\">Nombre<\/label><\/div><div class=\"wpforms-field-row-block wpforms-one-half\"><input type=\"text\" id=\"wpforms-5015-field_1-last\" class=\"wpforms-field-name-last wpforms-field-required\" name=\"wpforms[fields][1][last]\" aria-errormessage=\"wpforms-5015-field_1-last-error\" required><label for=\"wpforms-5015-field_1-last\" class=\"wpforms-field-sublabel after\">Apellidos<\/label><\/div><\/div><\/fieldset><\/div><div id=\"wpforms-5015-field_2-container\" class=\"wpforms-field wpforms-field-email\" data-field-id=\"2\"><label class=\"wpforms-field-label\" for=\"wpforms-5015-field_2\">Correo electr\u00f3nico <span class=\"wpforms-required-label\" aria-hidden=\"true\">*<\/span><\/label><input type=\"email\" id=\"wpforms-5015-field_2\" class=\"wpforms-field-medium wpforms-field-required\" name=\"wpforms[fields][2]\" spellcheck=\"false\" aria-errormessage=\"wpforms-5015-field_2-error\" required><\/div><div id=\"wpforms-5015-field_6-container\" class=\"wpforms-field wpforms-field-number\" data-field-id=\"6\"><label class=\"wpforms-field-label\" for=\"wpforms-5015-field_6\">Tel\u00e9fono<\/label><input type=\"number\" id=\"wpforms-5015-field_6\" class=\"wpforms-field-medium\" name=\"wpforms[fields][6]\" step=\"any\" aria-errormessage=\"wpforms-5015-field_6-error\" ><\/div>\t\t<div id=\"wpforms-5015-field_4-container\"\n\t\t\tclass=\"wpforms-field wpforms-field-text\"\n\t\t\tdata-field-type=\"text\"\n\t\t\tdata-field-id=\"4\"\n\t\t\t>\n\t\t\t<label class=\"wpforms-field-label\" for=\"wpforms-5015-field_4\" >Nom message Votre<\/label>\n\t\t\t<input type=\"text\" id=\"wpforms-5015-field_4\" class=\"wpforms-field-medium\" name=\"wpforms[fields][4]\" >\n\t\t<\/div>\n\t\t<div id=\"wpforms-5015-field_3-container\" class=\"wpforms-field wpforms-field-textarea\" data-field-id=\"3\"><label class=\"wpforms-field-label\" for=\"wpforms-5015-field_3\">Su mensaje<\/label><textarea id=\"wpforms-5015-field_3\" class=\"wpforms-field-medium\" name=\"wpforms[fields][3]\" aria-errormessage=\"wpforms-5015-field_3-error\" ><\/textarea><\/div><script>\n\t\t\t\t( function() {\n\t\t\t\t\tconst style = document.createElement( 'style' );\n\t\t\t\t\tstyle.appendChild( document.createTextNode( '#wpforms-5025-field_4-container,#wpforms-5015-field_4-container { position: absolute !important; overflow: hidden !important; display: inline !important; height: 1px !important; width: 1px !important; z-index: -1000 !important; padding: 0 !important; } #wpforms-5025-field_4-container,#wpforms-5015-field_4-container input { visibility: hidden; } #wpforms-conversational-form-page #wpforms-5025-field_4-container,#wpforms-5015-field_4-container label { counter-increment: none; }' ) );\n\t\t\t\t\tdocument.head.appendChild( style );\n\t\t\t\t\tdocument.currentScript?.remove();\n\t\t\t\t} )();\n\t\t\t<\/script><\/div><!-- .wpforms-field-container --><div class=\"wpforms-recaptcha-container wpforms-is-recaptcha wpforms-is-recaptcha-type-invisible\" ><div class=\"g-recaptcha\" data-sitekey=\"6Le4miYUAAAAAJr5Ku3s108sk2adpju4y6cohLkV\" data-size=\"invisible\"><\/div><\/div><div class=\"wpforms-submit-container\" ><input type=\"hidden\" name=\"wpforms[id]\" value=\"5015\"><input type=\"hidden\" name=\"page_title\" value=\"\"><input type=\"hidden\" name=\"page_url\" value=\"https:\/\/www.franckdeville.fr\/es\/wp-json\/wp\/v2\/pages\/5043\"><input type=\"hidden\" name=\"url_referer\" value=\"\"><button type=\"submit\" name=\"wpforms[submit]\" id=\"wpforms-submit-5015\" class=\"wpforms-submit contact-button\" data-alt-text=\"Envoi...\" data-submit-text=\"Envoyer\" aria-live=\"assertive\" value=\"wpforms-submit\">Enviar<\/button><img loading=\"lazy\" decoding=\"async\" src=\"https:\/\/www.franckdeville.fr\/wp-content\/plugins\/wpforms-lite\/assets\/images\/submit-spin.svg\" class=\"wpforms-submit-spinner\" style=\"display: none;\" width=\"26\" height=\"26\" alt=\"Cargando\"><\/div><input type=\"hidden\" name=\"trp-form-language\" value=\"es\"\/><\/form><\/div>  <!-- .wpforms-container -->\n\n\t\t<\/div>\n\t<\/div>\n<div class=\"vc_empty_space\"   style=\"height: 32px\"><span class=\"vc_empty_space_inner\"><\/span><\/div><\/div><\/div><\/div><\/div><\/div><\/div>","protected":false},"excerpt":{"rendered":"Contacter Franck Deville ZA les Buissons, rue Gruner 42230 Roche la Moli\u00e8re FRANCE Tel. +334 77 46 03 39 Vous avez une question ou souhaitez obtenir plus d'informations ? Utilisez le formulaire ci-dessous pour nous contacter. Nous vous r\u00e9pondrons dans les plus brefs d\u00e9lais. Por favor, activa JavaScript en tu navegador para completar este formulario.Por favor, activa JavaScript en tu navegador para completar este formulario.Nom *NombreApellidosT\u00e9l\u00e9phoneSoci\u00e9t\u00e9\/Organisation T\u00e9l\u00e9phone message E-mail E-mail *Votre messageEnvoyer Contacter la boutique Le Clos Deville LE CLOS DEVILLE 2 rue Ferrer, STEEL [...]","protected":false},"author":1,"featured_media":4181,"parent":0,"menu_order":0,"comment_status":"closed","ping_status":"closed","template":"full-width.php","meta":{"footnotes":""},"class_list":["post-5043","page","type-page","status-publish","has-post-thumbnail","hentry"],"yoast_head":"<!-- This site is optimized with the Yoast SEO plugin v26.2 - https:\/\/yoast.com\/wordpress\/plugins\/seo\/ -->\n<title>Contact - Franck Deville - Macarons fran\u00e7ais d&#039;excellence<\/title>\n<meta name=\"description\" content=\"Contactez la Maison Franck Deville pour toute demande d\u2019information, partenariat, commande ou collaboration. Notre \u00e9quipe vous r\u00e9pond avec plaisir depuis notre atelier \u00e0 Saint-\u00c9tienne.\" \/>\n<meta name=\"robots\" content=\"index, follow, max-snippet:-1, max-image-preview:large, max-video-preview:-1\" \/>\n<link rel=\"canonical\" href=\"https:\/\/www.franckdeville.fr\/es\/pongase-en-contacto-con\/\" \/>\n<meta property=\"og:locale\" content=\"es_ES\" \/>\n<meta property=\"og:type\" content=\"article\" \/>\n<meta property=\"og:title\" content=\"Contact - Franck Deville - Macarons fran\u00e7ais d&#039;excellence\" \/>\n<meta property=\"og:description\" content=\"Contactez la Maison Franck Deville pour toute demande d\u2019information, partenariat, commande ou collaboration. Notre \u00e9quipe vous r\u00e9pond avec plaisir depuis notre atelier \u00e0 Saint-\u00c9tienne.\" \/>\n<meta property=\"og:url\" content=\"https:\/\/www.franckdeville.fr\/es\/pongase-en-contacto-con\/\" \/>\n<meta property=\"og:site_name\" content=\"Franck Deville - Macarons fran\u00e7ais d&#039;excellence\" \/>\n<meta property=\"article:publisher\" content=\"https:\/\/www.facebook.com\/FranckDevillemacarons\" \/>\n<meta property=\"article:modified_time\" content=\"2025-10-20T13:43:12+00:00\" \/>\n<meta property=\"og:image\" content=\"https:\/\/www.franckdeville.fr\/wp-content\/uploads\/2024\/06\/Image5.jpg\" \/>\n\t<meta property=\"og:image:width\" content=\"599\" \/>\n\t<meta property=\"og:image:height\" content=\"898\" \/>\n\t<meta property=\"og:image:type\" content=\"image\/jpeg\" \/>\n<meta name=\"twitter:card\" content=\"summary_large_image\" \/>\n<meta name=\"twitter:label1\" content=\"Tiempo de lectura\" \/>\n\t<meta name=\"twitter:data1\" content=\"1 minuto\" \/>\n<script type=\"application\/ld+json\" class=\"yoast-schema-graph\">{\"@context\":\"https:\/\/schema.org\",\"@graph\":[{\"@type\":\"WebPage\",\"@id\":\"https:\/\/www.franckdeville.fr\/en\/contact\/\",\"url\":\"https:\/\/www.franckdeville.fr\/en\/contact\/\",\"name\":\"Contact - Franck Deville - Macarons fran\u00e7ais d&#039;excellence\",\"isPartOf\":{\"@id\":\"https:\/\/www.franckdeville.fr\/fr\/#website\"},\"primaryImageOfPage\":{\"@id\":\"https:\/\/www.franckdeville.fr\/en\/contact\/#primaryimage\"},\"image\":{\"@id\":\"https:\/\/www.franckdeville.fr\/en\/contact\/#primaryimage\"},\"thumbnailUrl\":\"https:\/\/www.franckdeville.fr\/wp-content\/uploads\/2024\/06\/Image5.jpg\",\"datePublished\":\"2024-10-01T16:03:00+00:00\",\"dateModified\":\"2025-10-20T13:43:12+00:00\",\"description\":\"Contactez la Maison Franck Deville pour toute demande d\u2019information, partenariat, commande ou collaboration. Notre \u00e9quipe vous r\u00e9pond avec plaisir depuis notre atelier \u00e0 Saint-\u00c9tienne.\",\"breadcrumb\":{\"@id\":\"https:\/\/www.franckdeville.fr\/en\/contact\/#breadcrumb\"},\"inLanguage\":\"es\",\"potentialAction\":[{\"@type\":\"ReadAction\",\"target\":[\"https:\/\/www.franckdeville.fr\/en\/contact\/\"]}]},{\"@type\":\"ImageObject\",\"inLanguage\":\"es\",\"@id\":\"https:\/\/www.franckdeville.fr\/en\/contact\/#primaryimage\",\"url\":\"https:\/\/www.franckdeville.fr\/wp-content\/uploads\/2024\/06\/Image5.jpg\",\"contentUrl\":\"https:\/\/www.franckdeville.fr\/wp-content\/uploads\/2024\/06\/Image5.jpg\",\"width\":599,\"height\":898},{\"@type\":\"BreadcrumbList\",\"@id\":\"https:\/\/www.franckdeville.fr\/en\/contact\/#breadcrumb\",\"itemListElement\":[{\"@type\":\"ListItem\",\"position\":1,\"name\":\"Accueil\",\"item\":\"https:\/\/www.franckdeville.fr\/en\/\"},{\"@type\":\"ListItem\",\"position\":2,\"name\":\"Contact\"}]},{\"@type\":\"WebSite\",\"@id\":\"https:\/\/www.franckdeville.fr\/fr\/#website\",\"url\":\"https:\/\/www.franckdeville.fr\/fr\/\",\"name\":\"Franck Deville\",\"description\":\"L&#039;Artisan Macaronier des Chefs\",\"publisher\":{\"@id\":\"https:\/\/www.franckdeville.fr\/fr\/#organization\"},\"potentialAction\":[{\"@type\":\"SearchAction\",\"target\":{\"@type\":\"EntryPoint\",\"urlTemplate\":\"https:\/\/www.franckdeville.fr\/fr\/?s={search_term_string}\"},\"query-input\":{\"@type\":\"PropertyValueSpecification\",\"valueRequired\":true,\"valueName\":\"search_term_string\"}}],\"inLanguage\":\"es\"},{\"@type\":\"Organization\",\"@id\":\"https:\/\/www.franckdeville.fr\/fr\/#organization\",\"name\":\"Franck Deville\",\"url\":\"https:\/\/www.franckdeville.fr\/fr\/\",\"logo\":{\"@type\":\"ImageObject\",\"inLanguage\":\"es\",\"@id\":\"https:\/\/www.franckdeville.fr\/fr\/#\/schema\/logo\/image\/\",\"url\":\"https:\/\/www.franckdeville.fr\/wp-content\/uploads\/2024\/09\/logo_franckdeville_small2.png\",\"contentUrl\":\"https:\/\/www.franckdeville.fr\/wp-content\/uploads\/2024\/09\/logo_franckdeville_small2.png\",\"width\":600,\"height\":193,\"caption\":\"Franck Deville\"},\"image\":{\"@id\":\"https:\/\/www.franckdeville.fr\/fr\/#\/schema\/logo\/image\/\"},\"sameAs\":[\"https:\/\/www.facebook.com\/FranckDevillemacarons\"]}]}<\/script>\n<!-- \/ Yoast SEO plugin. -->","yoast_head_json":{"title":"Contact - Franck Deville - Macarons fran\u00e7ais d&#039;excellence","description":"Contactez la Maison Franck Deville pour toute demande d\u2019information, partenariat, commande ou collaboration. Notre \u00e9quipe vous r\u00e9pond avec plaisir depuis notre atelier \u00e0 Saint-\u00c9tienne.","robots":{"index":"index","follow":"follow","max-snippet":"max-snippet:-1","max-image-preview":"max-image-preview:large","max-video-preview":"max-video-preview:-1"},"canonical":"https:\/\/www.franckdeville.fr\/es\/pongase-en-contacto-con\/","og_locale":"es_ES","og_type":"article","og_title":"Contact - Franck Deville - Macarons fran\u00e7ais d&#039;excellence","og_description":"Contactez la Maison Franck Deville pour toute demande d\u2019information, partenariat, commande ou collaboration. Notre \u00e9quipe vous r\u00e9pond avec plaisir depuis notre atelier \u00e0 Saint-\u00c9tienne.","og_url":"https:\/\/www.franckdeville.fr\/es\/pongase-en-contacto-con\/","og_site_name":"Franck Deville - Macarons fran\u00e7ais d&#039;excellence","article_publisher":"https:\/\/www.facebook.com\/FranckDevillemacarons","article_modified_time":"2025-10-20T13:43:12+00:00","og_image":[{"width":599,"height":898,"url":"https:\/\/www.franckdeville.fr\/wp-content\/uploads\/2024\/06\/Image5.jpg","type":"image\/jpeg"}],"twitter_card":"summary_large_image","twitter_misc":{"Tiempo de lectura":"1 minuto"},"schema":{"@context":"https:\/\/schema.org","@graph":[{"@type":"WebPage","@id":"https:\/\/www.franckdeville.fr\/en\/contact\/","url":"https:\/\/www.franckdeville.fr\/en\/contact\/","name":"Contact - Franck Deville - Macarons fran\u00e7ais d&#039;excellence","isPartOf":{"@id":"https:\/\/www.franckdeville.fr\/fr\/#website"},"primaryImageOfPage":{"@id":"https:\/\/www.franckdeville.fr\/en\/contact\/#primaryimage"},"image":{"@id":"https:\/\/www.franckdeville.fr\/en\/contact\/#primaryimage"},"thumbnailUrl":"https:\/\/www.franckdeville.fr\/wp-content\/uploads\/2024\/06\/Image5.jpg","datePublished":"2024-10-01T16:03:00+00:00","dateModified":"2025-10-20T13:43:12+00:00","description":"Contactez la Maison Franck Deville pour toute demande d\u2019information, partenariat, commande ou collaboration. Notre \u00e9quipe vous r\u00e9pond avec plaisir depuis notre atelier \u00e0 Saint-\u00c9tienne.","breadcrumb":{"@id":"https:\/\/www.franckdeville.fr\/en\/contact\/#breadcrumb"},"inLanguage":"es","potentialAction":[{"@type":"ReadAction","target":["https:\/\/www.franckdeville.fr\/en\/contact\/"]}]},{"@type":"ImageObject","inLanguage":"es","@id":"https:\/\/www.franckdeville.fr\/en\/contact\/#primaryimage","url":"https:\/\/www.franckdeville.fr\/wp-content\/uploads\/2024\/06\/Image5.jpg","contentUrl":"https:\/\/www.franckdeville.fr\/wp-content\/uploads\/2024\/06\/Image5.jpg","width":599,"height":898},{"@type":"BreadcrumbList","@id":"https:\/\/www.franckdeville.fr\/en\/contact\/#breadcrumb","itemListElement":[{"@type":"ListItem","position":1,"name":"Accueil","item":"https:\/\/www.franckdeville.fr\/en\/"},{"@type":"ListItem","position":2,"name":"Contact"}]},{"@type":"WebSite","@id":"https:\/\/www.franckdeville.fr\/fr\/#website","url":"https:\/\/www.franckdeville.fr\/fr\/","name":"Franck Deville","description":"L&#039;Artisan Macaronier des Chefs","publisher":{"@id":"https:\/\/www.franckdeville.fr\/fr\/#organization"},"potentialAction":[{"@type":"SearchAction","target":{"@type":"EntryPoint","urlTemplate":"https:\/\/www.franckdeville.fr\/fr\/?s={search_term_string}"},"query-input":{"@type":"PropertyValueSpecification","valueRequired":true,"valueName":"search_term_string"}}],"inLanguage":"es"},{"@type":"Organization","@id":"https:\/\/www.franckdeville.fr\/fr\/#organization","name":"Franck Deville","url":"https:\/\/www.franckdeville.fr\/fr\/","logo":{"@type":"ImageObject","inLanguage":"es","@id":"https:\/\/www.franckdeville.fr\/fr\/#\/schema\/logo\/image\/","url":"https:\/\/www.franckdeville.fr\/wp-content\/uploads\/2024\/09\/logo_franckdeville_small2.png","contentUrl":"https:\/\/www.franckdeville.fr\/wp-content\/uploads\/2024\/09\/logo_franckdeville_small2.png","width":600,"height":193,"caption":"Franck Deville"},"image":{"@id":"https:\/\/www.franckdeville.fr\/fr\/#\/schema\/logo\/image\/"},"sameAs":["https:\/\/www.facebook.com\/FranckDevillemacarons"]}]}},"_links":{"self":[{"href":"https:\/\/www.franckdeville.fr\/es\/wp-json\/wp\/v2\/pages\/5043","targetHints":{"allow":["GET"]}}],"collection":[{"href":"https:\/\/www.franckdeville.fr\/es\/wp-json\/wp\/v2\/pages"}],"about":[{"href":"https:\/\/www.franckdeville.fr\/es\/wp-json\/wp\/v2\/types\/page"}],"author":[{"embeddable":true,"href":"https:\/\/www.franckdeville.fr\/es\/wp-json\/wp\/v2\/users\/1"}],"replies":[{"embeddable":true,"href":"https:\/\/www.franckdeville.fr\/es\/wp-json\/wp\/v2\/comments?post=5043"}],"version-history":[{"count":9,"href":"https:\/\/www.franckdeville.fr\/es\/wp-json\/wp\/v2\/pages\/5043\/revisions"}],"predecessor-version":[{"id":5052,"href":"https:\/\/www.franckdeville.fr\/es\/wp-json\/wp\/v2\/pages\/5043\/revisions\/5052"}],"wp:featuredmedia":[{"embeddable":true,"href":"https:\/\/www.franckdeville.fr\/es\/wp-json\/wp\/v2\/media\/4181"}],"wp:attachment":[{"href":"https:\/\/www.franckdeville.fr\/es\/wp-json\/wp\/v2\/media?parent=5043"}],"curies":[{"name":"wp","href":"https:\/\/api.w.org\/{rel}","templated":true}]}}