{"id":4953,"date":"2024-09-30T15:49:30","date_gmt":"2024-09-30T13:49:30","guid":{"rendered":"https:\/\/www.franckdeville.fr\/?page_id=4953"},"modified":"2025-10-20T15:51:52","modified_gmt":"2025-10-20T13:51:52","slug":"informacion-legal","status":"publish","type":"page","link":"https:\/\/www.franckdeville.fr\/es\/informacion-legal\/","title":{"rendered":"Informaci\u00f3n jur\u00eddica"},"content":{"rendered":"<h4>Propietario del sitio :<\/h4>\n<p>Nombre : <strong>Franck Deville<\/strong><br \/>\nSIRET : <strong>444 690 465 00034<\/strong><br \/>\nDirecci\u00f3n: <strong>Boulevard Gruner, 42230 Roche-la-Moli\u00e8re<\/strong><br \/>\nCorreo electr\u00f3nico : <a href=\"mailto:contact@franckdeville.fr\">contact@franckdeville.fr<\/a><br \/>\nTel\u00e9fono : <strong>04 77 46 03 39<\/strong><\/p>\n<h4>Director de publicaci\u00f3n :<\/h4>\n<p>Franck Deville<\/p>\n<h4>Alojamiento web :<\/h4>\n<p>Nombre del anfitri\u00f3n : <strong>OVH<\/strong><br \/>\nSAS con un capital social de 10.069.020 euros<br \/>\nRCS Lille M\u00e9tropole 424 761 419 00045<br \/>\nDomicilio social: <strong>2 rue Kellermann - 59100 Roubaix - Francia<\/strong><br \/>\nTel\u00e9fono: +33 (0)9 72 10 10 07<br \/>\nP\u00e1gina web : <a href=\"https:\/\/www.ovh.com\" target=\"_blank\" rel=\"noopener\">www.ovh.com<\/a><\/p>\n<h4>Condiciones de uso del sitio<\/h4>\n<p>Uso del sitio <strong>franckdeville.fr<\/strong> implica la plena aceptaci\u00f3n de las condiciones generales de uso que se describen a continuaci\u00f3n.<br \/>\nEstas condiciones podr\u00e1n modificarse o completarse en cualquier momento.<\/p>\n<h4>Propiedad intelectual y falsificaci\u00f3n<\/h4>\n<p>El propietario del sitio es titular de los derechos de propiedad intelectual o posee los derechos de uso sobre todos los elementos accesibles en el sitio,<br \/>\nincluidos textos, im\u00e1genes, gr\u00e1ficos, logotipos, iconos, sonidos y software. Queda estrictamente prohibida cualquier reproducci\u00f3n, representaci\u00f3n, modificaci\u00f3n, publicaci\u00f3n o adaptaci\u00f3n total o parcial de este sitio web.<br \/>\nQueda prohibida la reproducci\u00f3n total o parcial de este sitio web, en cualquier forma o por cualquier medio, sin la autorizaci\u00f3n previa por escrito de Franck Deville.<\/p>\n<h4>Limitaci\u00f3n de responsabilidad<\/h4>\n<p>Franck Deville no se hace responsable de los da\u00f1os directos o indirectos causados al equipo del usuario al acceder al sitio.<br \/>\n<strong>franckdeville.fr<\/strong>y que resulten bien de la utilizaci\u00f3n de un equipo que no se ajuste a las especificaciones indicadas, bien de la aparici\u00f3n de una aver\u00eda en el equipo.<br \/>\nerror o incompatibilidad.<\/p>\n<h4>Protecci\u00f3n de datos personales<\/h4>\n<p>La informaci\u00f3n recogida a trav\u00e9s del formulario de contacto o al navegar por el sitio se destina exclusivamente a uso interno y no se transmitir\u00e1 a terceros.<br \/>\nen ning\u00fan caso transferidos a terceros. De conformidad con la ley francesa de protecci\u00f3n de datos, tiene derecho a acceder, rectificar y oponerse a los datos personales que le conciernan.<br \/>\ndatos personales que le conciernen. Para ejercer este derecho, p\u00f3ngase en contacto con Franck Deville en la siguiente direcci\u00f3n de correo electr\u00f3nico:<br \/>\n<a href=\"mailto:contact@franckdeville.fr\">contact@franckdeville.fr<\/a>.<\/p>","protected":false},"excerpt":{"rendered":"<p>Propri\u00e9taire du site : Nom : Franck Deville SIRET : 444 690 465 00034 Adresse : Boulevard Gruner, 42230 Roche-la-Moli\u00e8re Email : contact@franckdeville.fr T\u00e9l\u00e9phone : 04 77 46 03 39 Directeur de la publication : Franck Deville H\u00e9bergement du site : Nom de l&rsquo;h\u00e9bergeur : OVH SAS au capital de 10 069 020 \u20ac RCS Lille M\u00e9tropole 424 761 419 00045 Si\u00e8ge social : 2 rue Kellermann &#8211; 59100 Roubaix &#8211; France T\u00e9l\u00e9phone : +33 (0)9 72 10 10 07 Site web : www.ovh.com Conditions [&hellip;]<\/p>","protected":false},"author":1,"featured_media":0,"parent":0,"menu_order":0,"comment_status":"closed","ping_status":"closed","template":"","meta":{"footnotes":""},"class_list":["post-4953","page","type-page","status-publish","hentry"],"yoast_head":"<!-- This site is optimized with the Yoast SEO plugin v26.2 - https:\/\/yoast.com\/wordpress\/plugins\/seo\/ -->\n<title>Mentions l\u00e9gales - Franck Deville - Macarons fran\u00e7ais d&#039;excellence<\/title>\n<meta name=\"description\" content=\"Consultez les mentions l\u00e9gales du site Franck Deville : informations sur l\u2019\u00e9diteur, l\u2019h\u00e9bergeur, la propri\u00e9t\u00e9 intellectuelle et les conditions d\u2019utilisation du site officiel.\" \/>\n<meta name=\"robots\" content=\"index, follow, max-snippet:-1, max-image-preview:large, max-video-preview:-1\" \/>\n<link rel=\"canonical\" href=\"https:\/\/www.franckdeville.fr\/es\/informacion-legal\/\" \/>\n<meta property=\"og:locale\" content=\"es_ES\" \/>\n<meta property=\"og:type\" content=\"article\" \/>\n<meta property=\"og:title\" content=\"Mentions l\u00e9gales - Franck Deville - Macarons fran\u00e7ais d&#039;excellence\" \/>\n<meta property=\"og:description\" content=\"Consultez les mentions l\u00e9gales du site Franck Deville : informations sur l\u2019\u00e9diteur, l\u2019h\u00e9bergeur, la propri\u00e9t\u00e9 intellectuelle et les conditions d\u2019utilisation du site officiel.\" \/>\n<meta property=\"og:url\" content=\"https:\/\/www.franckdeville.fr\/es\/informacion-legal\/\" \/>\n<meta property=\"og:site_name\" content=\"Franck Deville - Macarons fran\u00e7ais d&#039;excellence\" \/>\n<meta property=\"article:publisher\" content=\"https:\/\/www.facebook.com\/FranckDevillemacarons\" \/>\n<meta property=\"article:modified_time\" content=\"2025-10-20T13:51:52+00:00\" \/>\n<meta name=\"twitter:card\" content=\"summary_large_image\" \/>\n<meta name=\"twitter:label1\" content=\"Tiempo de lectura\" \/>\n\t<meta name=\"twitter:data1\" content=\"2 minutos\" \/>\n<script type=\"application\/ld+json\" class=\"yoast-schema-graph\">{\"@context\":\"https:\/\/schema.org\",\"@graph\":[{\"@type\":\"WebPage\",\"@id\":\"https:\/\/www.franckdeville.fr\/en\/legal-notice\/\",\"url\":\"https:\/\/www.franckdeville.fr\/en\/legal-notice\/\",\"name\":\"Mentions l\u00e9gales - Franck Deville - Macarons fran\u00e7ais d&#039;excellence\",\"isPartOf\":{\"@id\":\"https:\/\/www.franckdeville.fr\/fr\/#website\"},\"datePublished\":\"2024-09-30T13:49:30+00:00\",\"dateModified\":\"2025-10-20T13:51:52+00:00\",\"description\":\"Consultez les mentions l\u00e9gales du site Franck Deville : informations sur l\u2019\u00e9diteur, l\u2019h\u00e9bergeur, la propri\u00e9t\u00e9 intellectuelle et les conditions d\u2019utilisation du site officiel.\",\"breadcrumb\":{\"@id\":\"https:\/\/www.franckdeville.fr\/en\/legal-notice\/#breadcrumb\"},\"inLanguage\":\"es\",\"potentialAction\":[{\"@type\":\"ReadAction\",\"target\":[\"https:\/\/www.franckdeville.fr\/en\/legal-notice\/\"]}]},{\"@type\":\"BreadcrumbList\",\"@id\":\"https:\/\/www.franckdeville.fr\/en\/legal-notice\/#breadcrumb\",\"itemListElement\":[{\"@type\":\"ListItem\",\"position\":1,\"name\":\"Accueil\",\"item\":\"https:\/\/www.franckdeville.fr\/en\/\"},{\"@type\":\"ListItem\",\"position\":2,\"name\":\"Mentions l\u00e9gales\"}]},{\"@type\":\"WebSite\",\"@id\":\"https:\/\/www.franckdeville.fr\/fr\/#website\",\"url\":\"https:\/\/www.franckdeville.fr\/fr\/\",\"name\":\"Franck Deville\",\"description\":\"L&#039;Artisan Macaronier des Chefs\",\"publisher\":{\"@id\":\"https:\/\/www.franckdeville.fr\/fr\/#organization\"},\"potentialAction\":[{\"@type\":\"SearchAction\",\"target\":{\"@type\":\"EntryPoint\",\"urlTemplate\":\"https:\/\/www.franckdeville.fr\/fr\/?s={search_term_string}\"},\"query-input\":{\"@type\":\"PropertyValueSpecification\",\"valueRequired\":true,\"valueName\":\"search_term_string\"}}],\"inLanguage\":\"es\"},{\"@type\":\"Organization\",\"@id\":\"https:\/\/www.franckdeville.fr\/fr\/#organization\",\"name\":\"Franck Deville\",\"url\":\"https:\/\/www.franckdeville.fr\/fr\/\",\"logo\":{\"@type\":\"ImageObject\",\"inLanguage\":\"es\",\"@id\":\"https:\/\/www.franckdeville.fr\/fr\/#\/schema\/logo\/image\/\",\"url\":\"https:\/\/www.franckdeville.fr\/wp-content\/uploads\/2024\/09\/logo_franckdeville_small2.png\",\"contentUrl\":\"https:\/\/www.franckdeville.fr\/wp-content\/uploads\/2024\/09\/logo_franckdeville_small2.png\",\"width\":600,\"height\":193,\"caption\":\"Franck Deville\"},\"image\":{\"@id\":\"https:\/\/www.franckdeville.fr\/fr\/#\/schema\/logo\/image\/\"},\"sameAs\":[\"https:\/\/www.facebook.com\/FranckDevillemacarons\"]}]}<\/script>\n<!-- \/ Yoast SEO plugin. -->","yoast_head_json":{"title":"Mentions l\u00e9gales - Franck Deville - Macarons fran\u00e7ais d&#039;excellence","description":"Consultez les mentions l\u00e9gales du site Franck Deville : informations sur l\u2019\u00e9diteur, l\u2019h\u00e9bergeur, la propri\u00e9t\u00e9 intellectuelle et les conditions d\u2019utilisation du site officiel.","robots":{"index":"index","follow":"follow","max-snippet":"max-snippet:-1","max-image-preview":"max-image-preview:large","max-video-preview":"max-video-preview:-1"},"canonical":"https:\/\/www.franckdeville.fr\/es\/informacion-legal\/","og_locale":"es_ES","og_type":"article","og_title":"Mentions l\u00e9gales - Franck Deville - Macarons fran\u00e7ais d&#039;excellence","og_description":"Consultez les mentions l\u00e9gales du site Franck Deville : informations sur l\u2019\u00e9diteur, l\u2019h\u00e9bergeur, la propri\u00e9t\u00e9 intellectuelle et les conditions d\u2019utilisation du site officiel.","og_url":"https:\/\/www.franckdeville.fr\/es\/informacion-legal\/","og_site_name":"Franck Deville - Macarons fran\u00e7ais d&#039;excellence","article_publisher":"https:\/\/www.facebook.com\/FranckDevillemacarons","article_modified_time":"2025-10-20T13:51:52+00:00","twitter_card":"summary_large_image","twitter_misc":{"Tiempo de lectura":"2 minutos"},"schema":{"@context":"https:\/\/schema.org","@graph":[{"@type":"WebPage","@id":"https:\/\/www.franckdeville.fr\/en\/legal-notice\/","url":"https:\/\/www.franckdeville.fr\/en\/legal-notice\/","name":"Mentions l\u00e9gales - Franck Deville - Macarons fran\u00e7ais d&#039;excellence","isPartOf":{"@id":"https:\/\/www.franckdeville.fr\/fr\/#website"},"datePublished":"2024-09-30T13:49:30+00:00","dateModified":"2025-10-20T13:51:52+00:00","description":"Consultez les mentions l\u00e9gales du site Franck Deville : informations sur l\u2019\u00e9diteur, l\u2019h\u00e9bergeur, la propri\u00e9t\u00e9 intellectuelle et les conditions d\u2019utilisation du site officiel.","breadcrumb":{"@id":"https:\/\/www.franckdeville.fr\/en\/legal-notice\/#breadcrumb"},"inLanguage":"es","potentialAction":[{"@type":"ReadAction","target":["https:\/\/www.franckdeville.fr\/en\/legal-notice\/"]}]},{"@type":"BreadcrumbList","@id":"https:\/\/www.franckdeville.fr\/en\/legal-notice\/#breadcrumb","itemListElement":[{"@type":"ListItem","position":1,"name":"Accueil","item":"https:\/\/www.franckdeville.fr\/en\/"},{"@type":"ListItem","position":2,"name":"Mentions l\u00e9gales"}]},{"@type":"WebSite","@id":"https:\/\/www.franckdeville.fr\/fr\/#website","url":"https:\/\/www.franckdeville.fr\/fr\/","name":"Franck Deville","description":"L&#039;Artisan Macaronier des Chefs","publisher":{"@id":"https:\/\/www.franckdeville.fr\/fr\/#organization"},"potentialAction":[{"@type":"SearchAction","target":{"@type":"EntryPoint","urlTemplate":"https:\/\/www.franckdeville.fr\/fr\/?s={search_term_string}"},"query-input":{"@type":"PropertyValueSpecification","valueRequired":true,"valueName":"search_term_string"}}],"inLanguage":"es"},{"@type":"Organization","@id":"https:\/\/www.franckdeville.fr\/fr\/#organization","name":"Franck Deville","url":"https:\/\/www.franckdeville.fr\/fr\/","logo":{"@type":"ImageObject","inLanguage":"es","@id":"https:\/\/www.franckdeville.fr\/fr\/#\/schema\/logo\/image\/","url":"https:\/\/www.franckdeville.fr\/wp-content\/uploads\/2024\/09\/logo_franckdeville_small2.png","contentUrl":"https:\/\/www.franckdeville.fr\/wp-content\/uploads\/2024\/09\/logo_franckdeville_small2.png","width":600,"height":193,"caption":"Franck Deville"},"image":{"@id":"https:\/\/www.franckdeville.fr\/fr\/#\/schema\/logo\/image\/"},"sameAs":["https:\/\/www.facebook.com\/FranckDevillemacarons"]}]}},"_links":{"self":[{"href":"https:\/\/www.franckdeville.fr\/es\/wp-json\/wp\/v2\/pages\/4953","targetHints":{"allow":["GET"]}}],"collection":[{"href":"https:\/\/www.franckdeville.fr\/es\/wp-json\/wp\/v2\/pages"}],"about":[{"href":"https:\/\/www.franckdeville.fr\/es\/wp-json\/wp\/v2\/types\/page"}],"author":[{"embeddable":true,"href":"https:\/\/www.franckdeville.fr\/es\/wp-json\/wp\/v2\/users\/1"}],"replies":[{"embeddable":true,"href":"https:\/\/www.franckdeville.fr\/es\/wp-json\/wp\/v2\/comments?post=4953"}],"version-history":[{"count":2,"href":"https:\/\/www.franckdeville.fr\/es\/wp-json\/wp\/v2\/pages\/4953\/revisions"}],"predecessor-version":[{"id":4956,"href":"https:\/\/www.franckdeville.fr\/es\/wp-json\/wp\/v2\/pages\/4953\/revisions\/4956"}],"wp:attachment":[{"href":"https:\/\/www.franckdeville.fr\/es\/wp-json\/wp\/v2\/media?parent=4953"}],"curies":[{"name":"wp","href":"https:\/\/api.w.org\/{rel}","templated":true}]}}