{"id":4280,"date":"2024-06-05T12:16:34","date_gmt":"2024-06-05T10:16:34","guid":{"rendered":"https:\/\/v2.franckdeville.fr\/?page_id=4280"},"modified":"2024-09-18T19:58:19","modified_gmt":"2024-09-18T17:58:19","slug":"nuestros-compromisos","status":"publish","type":"page","link":"https:\/\/www.franckdeville.fr\/es\/nuestra-casa\/nuestros-compromisos\/","title":{"rendered":"Nuestros compromisos"},"content":{"rendered":"<div class=\"mkdf-row-grid-section-wrapper\"  ><div class=\"mkdf-row-grid-section\"><div class=\"vc_row wpb_row vc_row-fluid vc_custom_1718372646090\" ><div class=\"wpb_column vc_column_container vc_col-sm-12\"><div class=\"vc_column-inner\"><div class=\"wpb_wrapper\"><div class=\"mkdf-section-title-holder  mkdf-st-standard mkdf-st-title-left mkdf-st-normal-space\" style=\"text-align: center\">\n\t<div class=\"mkdf-st-inner\">\n        \t\t\t\t\t<h4 class=\"mkdf-st-title\" >\n\t\t\t\tPor amor a los macarrones, por respeto al planeta\t\t\t<\/h4>\n\t\t                    <div class=\"mkdf-separator-holder clearfix  mkdf-separator-center mkdf-separator-advanced-center mkdf-separator-advanced\">\n\t<div class=\"mkdf-separator\" >\n                    <div class=\"mkdf-adv-sep-inner\">\n                <div class=\"mkdf-adv-sep-line\"  ><\/div>\n                <div class=\"mkdf-adv-sep-dot\"  ><\/div>\n            <\/div>\n            <\/div>\n<\/div>\n        \t\t\t<\/div>\n<\/div><\/div><\/div><\/div><\/div><\/div><\/div><div class=\"mkdf-row-grid-section-wrapper\"  ><div class=\"mkdf-row-grid-section\"><div class=\"vc_row wpb_row vc_row-fluid vc_custom_1718372575348\" ><div class=\"wpb_column vc_column_container vc_col-sm-12 vc_col-lg-12 vc_col-md-12\"><div class=\"vc_column-inner\"><div class=\"wpb_wrapper\">\n\t<div class=\"wpb_text_column wpb_content_element\" >\n\t\t<div class=\"wpb_wrapper\">\n\t\t\t<p>\n<span class=\"mkdf-dropcaps mkdf-normal\" style=\"color: #c19d56\">\n\tC<\/span>n Franck Deville, cada macaron que creamos refleja nuestro compromiso con la excelencia, la sostenibilidad y la responsabilidad social. Estos principios no s\u00f3lo est\u00e1n en el coraz\u00f3n de nuestro proceso de producci\u00f3n, sino que tambi\u00e9n ilustran los valores fundamentales de nuestra marca <\/p>\n\n\t\t<\/div>\n\t<\/div>\n<\/div><\/div><\/div><\/div><\/div><\/div><div class=\"mkdf-row-grid-section-wrapper\"  style=\"background-color:#fbf6f3\"><div class=\"mkdf-row-grid-section\"><div class=\"vc_row wpb_row vc_row-fluid\" ><div class=\"wpb_column vc_column_container vc_col-sm-12 vc_col-lg-5\"><div class=\"vc_column-inner\"><div class=\"wpb_wrapper\"><div class=\"mkdf-elements-holder   mkdf-one-column  mkdf-responsive-mode-768\" ><div class=\"mkdf-eh-item\"  data-item-class=\"mkdf-eh-custom-8895\" data-1025-1366=\"78px 0 39px\">\n\t<div class=\"mkdf-eh-item-inner\">\n\t\t<div class=\"mkdf-eh-item-content mkdf-eh-custom-8895\" style=\"padding: 98px 0 59px\">\n\t\t\t\n\t<div class=\"wpb_text_column wpb_content_element\" >\n\t\t<div class=\"wpb_wrapper\">\n\t\t\t<h4>Compromiso con la calidad y la naturalidad<\/h4>\n\n\t\t<\/div>\n\t<\/div>\n<div class=\"vc_empty_space\"   style=\"height: 22px\"><span class=\"vc_empty_space_inner\"><\/span><\/div><div class=\"mkdf-separator-holder clearfix  mkdf-separator-left mkdf-separator-advanced-left mkdf-separator-advanced\">\n\t<div class=\"mkdf-separator\" >\n                    <div class=\"mkdf-adv-sep-inner\">\n                <div class=\"mkdf-adv-sep-line\"  ><\/div>\n                <div class=\"mkdf-adv-sep-dot\"  ><\/div>\n            <\/div>\n            <\/div>\n<\/div>\n\n\t<div class=\"wpb_text_column wpb_content_element  vc_custom_1726682292040\" >\n\t\t<div class=\"wpb_wrapper\">\n\t\t\t<p>En una \u00e9poca en la que \"comer bien\" est\u00e1 muy ligado a \"alimentarse bien\", la b\u00fasqueda de ingredientes naturales y sabrosos es nuestra prioridad.<\/p>\n<p>Seleccionamos meticulosamente nuestros ingredientes, favoreciendo siempre la m\u00e1xima calidad. Nuestros az\u00facares, procedentes exclusivamente de productores franceses, y las claras de huevo de granjas francesas responsables, constituyen la base de nuestras aut\u00e9nticas recetas. En nuestra b\u00fasqueda de la naturalidad, hemos sustituido los colorantes artificiales por alternativas naturales como el cacao en polvo, la espirulina, la curcumina y los extractos de frutos rojos. Nuestra iniciativa de reducci\u00f3n de al\u00e9rgenos y nuestra pol\u00edtica de ausencia de potenciadores del sabor garantizan productos puros y saludables.<\/p>\n<p>Los macarrones de fruta, cuyo relleno est\u00e1 elaborado con m\u00e1s de 50% de fruta, tienen por tanto un contenido reducido de az\u00facar. No contienen gelatina ni pectina y encarnan nuestro compromiso con las etiquetas limpias con una lista reducida de ingredientes. Adem\u00e1s, no contienen lactosa.<\/p>\n<p>La mayor\u00eda de nuestros productos no contienen gluten, a excepci\u00f3n del pan de especias, los speculoos y los pralin\u00e9s.<\/p>\n\n\t\t<\/div>\n\t<\/div>\n<div class=\"vc_empty_space\"   style=\"height: 20px\"><span class=\"vc_empty_space_inner\"><\/span><\/div>\t\t<\/div>\n\t<\/div>\n<\/div><\/div><\/div><\/div><\/div><\/div><\/div><\/div><div class=\"mkdf-row-grid-section-wrapper\"  ><div class=\"mkdf-row-grid-section\"><div class=\"vc_row wpb_row vc_row-fluid\" ><div class=\"wpb_column vc_column_container vc_col-sm-12 vc_col-lg-offset-6 vc_col-lg-6\"><div class=\"vc_column-inner vc_custom_1540546202158\"><div class=\"wpb_wrapper\"><div class=\"mkdf-elements-holder   mkdf-one-column  mkdf-responsive-mode-768\" ><div class=\"mkdf-eh-item\"  data-item-class=\"mkdf-eh-custom-1897\" data-1025-1366=\"56px 0 0 0\" data-769-1024=\"65% 11% 0\" data-681-768=\"85% 0 0\" data-680=\"170% 0 0\">\n\t<div class=\"mkdf-eh-item-inner\">\n\t\t<div class=\"mkdf-eh-item-content mkdf-eh-custom-1897\" style=\"padding: 0 0 0 25px\">\n\t\t\t\n\t<div  class=\"wpb_single_image wpb_content_element vc_align_left\">\n\t\t\n\t\t<figure class=\"wpb_wrapper vc_figure\">\n\t\t\t<div class=\"vc_single_image-wrapper   vc_box_border_grey\"><img loading=\"lazy\" decoding=\"async\" width=\"2560\" height=\"2556\" src=\"https:\/\/www.franckdeville.fr\/wp-content\/uploads\/2024\/06\/illustration-nos-engagements.jpg\" class=\"vc_single_image-img attachment-full\" alt=\"\" title=\"ilustrar nuestros compromisos\" srcset=\"https:\/\/www.franckdeville.fr\/wp-content\/uploads\/2024\/06\/illustration-nos-engagements.jpg 2560w, https:\/\/www.franckdeville.fr\/wp-content\/uploads\/2024\/06\/illustration-nos-engagements-300x300.jpg 300w, https:\/\/www.franckdeville.fr\/wp-content\/uploads\/2024\/06\/illustration-nos-engagements-1024x1022.jpg 1024w, https:\/\/www.franckdeville.fr\/wp-content\/uploads\/2024\/06\/illustration-nos-engagements-150x150.jpg 150w, https:\/\/www.franckdeville.fr\/wp-content\/uploads\/2024\/06\/illustration-nos-engagements-768x767.jpg 768w, https:\/\/www.franckdeville.fr\/wp-content\/uploads\/2024\/06\/illustration-nos-engagements-1536x1534.jpg 1536w, https:\/\/www.franckdeville.fr\/wp-content\/uploads\/2024\/06\/illustration-nos-engagements-650x650.jpg 650w\" sizes=\"auto, (max-width: 2560px) 100vw, 2560px\" \/><\/div>\n\t\t<\/figure>\n\t<\/div>\n\t\t<\/div>\n\t<\/div>\n<\/div><\/div><\/div><\/div><\/div><\/div><\/div><\/div><div class=\"mkdf-row-grid-section-wrapper\"  ><div class=\"mkdf-row-grid-section\"><div class=\"vc_row wpb_row vc_row-fluid vc_custom_1718373737878\" ><div class=\"wpb_column vc_column_container vc_col-sm-12\"><div class=\"vc_column-inner\"><div class=\"wpb_wrapper\"><div class=\"mkdf-section-title-holder  mkdf-st-standard mkdf-st-title-left mkdf-st-normal-space\" style=\"text-align: center\">\n\t<div class=\"mkdf-st-inner\">\n        \t\t\t\t\t<h4 class=\"mkdf-st-title\" >\n\t\t\t\tSostenibilidad y responsabilidad social\t\t\t<\/h4>\n\t\t                    <div class=\"mkdf-separator-holder clearfix  mkdf-separator-center mkdf-separator-advanced-center mkdf-separator-advanced\">\n\t<div class=\"mkdf-separator\" >\n                    <div class=\"mkdf-adv-sep-inner\">\n                <div class=\"mkdf-adv-sep-line\"  ><\/div>\n                <div class=\"mkdf-adv-sep-dot\"  ><\/div>\n            <\/div>\n            <\/div>\n<\/div>\n        \t\t\t<\/div>\n<\/div><\/div><\/div><\/div><\/div><\/div><\/div><div class=\"mkdf-row-grid-section-wrapper\"  ><div class=\"mkdf-row-grid-section\"><div class=\"vc_row wpb_row vc_row-fluid vc_custom_1718373855075\" ><div class=\"wpb_column vc_column_container vc_col-sm-12 vc_col-lg-12 vc_col-md-12\"><div class=\"vc_column-inner\"><div class=\"wpb_wrapper\">\n\t<div class=\"wpb_text_column wpb_content_element\" >\n\t\t<div class=\"wpb_wrapper\">\n\t\t\t<p>Nuestra Responsabilidad Social Corporativa (RSC) se refleja en iniciativas concretas de producci\u00f3n sostenible y socialmente responsable.<\/p>\n<p>Con la introducci\u00f3n de una semana laboral de cuatro d\u00edas para nuestros equipos de producci\u00f3n en 2021, hemos mejorado significativamente el bienestar de nuestros empleados. La modificaci\u00f3n de nuestra l\u00ednea de producci\u00f3n en junio de 2023 tambi\u00e9n ha permitido eliminar las tareas f\u00edsicas, ya que los operarios de la l\u00ednea se benefician de asientos, por lo que pueden trabajar sentados o de pie. Esta modificaci\u00f3n tambi\u00e9n ha eliminado 55% de los riesgos asociados a los equipos de trabajo. Tambi\u00e9n hemos reducido el nivel de ruido en nuestras instalaciones por debajo de 80db en las zonas m\u00e1s sensibles.<\/p>\n<p>Promovemos el empleo sostenible ofreciendo contratos indefinidos a nuestros trabajadores temporales y estamos cerca de la paridad en nuestra empresa: 47% mujeres - 53% hombres.<\/p>\n<p>Comprometidos con nuestra comunidad local, apoyamos a varias asociaciones mediante donaciones y participamos activamente en actos que promocionan nuestra regi\u00f3n.<\/p>\n<p>Nuestro compromiso diario refuerza nuestra identidad de empresa familiar y solidaria.<\/p>\n\n\t\t<\/div>\n\t<\/div>\n<\/div><\/div><\/div><\/div><\/div><\/div><div class=\"mkdf-row-grid-section-wrapper\"  style=\"background-color:#fbf6f3\"><div class=\"mkdf-row-grid-section\"><div class=\"vc_row wpb_row vc_row-fluid\" ><div class=\"wpb_column vc_column_container vc_col-sm-12 vc_col-lg-offset-6 vc_col-lg-6\"><div class=\"vc_column-inner\"><div class=\"wpb_wrapper\"><div class=\"mkdf-elements-holder   mkdf-one-column  mkdf-responsive-mode-768\" ><div class=\"mkdf-eh-item\"  data-item-class=\"mkdf-eh-custom-8722\" data-1025-1366=\"78px 0 39px\">\n\t<div class=\"mkdf-eh-item-inner\">\n\t\t<div class=\"mkdf-eh-item-content mkdf-eh-custom-8722\" style=\"padding: 98px 0 59px\">\n\t\t\t\n\t<div class=\"wpb_text_column wpb_content_element\" >\n\t\t<div class=\"wpb_wrapper\">\n\t\t\t<h4>Compromisos medioambientales<\/h4>\n\n\t\t<\/div>\n\t<\/div>\n<div class=\"vc_empty_space\"   style=\"height: 22px\"><span class=\"vc_empty_space_inner\"><\/span><\/div><div class=\"mkdf-separator-holder clearfix  mkdf-separator-left mkdf-separator-advanced-left mkdf-separator-advanced\">\n\t<div class=\"mkdf-separator\" >\n                    <div class=\"mkdf-adv-sep-inner\">\n                <div class=\"mkdf-adv-sep-line\"  ><\/div>\n                <div class=\"mkdf-adv-sep-dot\"  ><\/div>\n            <\/div>\n            <\/div>\n<\/div>\n\n\t<div class=\"wpb_text_column wpb_content_element  vc_custom_1718374651796\" >\n\t\t<div class=\"wpb_wrapper\">\n\t\t\t<p>Nuestro compromiso con el medio ambiente se refleja en acciones contundentes como el reciclaje de 100% de nuestros biorresiduos mediante metanizaci\u00f3n, transformando los residuos en energ\u00eda renovable. Reducimos nuestro impacto ecol\u00f3gico utilizando envases totalmente reciclables y hemos eliminado el PET negro en favor del PET cristal para eliminar el negro de humo de nuestros envases. Nuestra gama de macarrones de larga duraci\u00f3n ilustra nuestra lucha contra el desperdicio alimentario, subrayando nuestro compromiso con la protecci\u00f3n del medio ambiente.<\/p>\n<p><strong>En Franck Deville, nos tomamos en serio cada compromiso, porque cada paso que damos es un paso hacia un futuro m\u00e1s responsable. Nos comprometemos a mantener unos est\u00e1ndares elevados para seguir gan\u00e1ndonos la confianza de nuestros clientes, al tiempo que mejoramos constantemente nuestras pr\u00e1cticas.<\/strong><\/p>\n<p><strong>\u00danase a Franck Deville en su misi\u00f3n de hacer del mundo un lugar mejor, macarr\u00f3n por macarr\u00f3n.<\/strong><\/p>\n\n\t\t<\/div>\n\t<\/div>\n<div class=\"vc_empty_space\"   style=\"height: 20px\"><span class=\"vc_empty_space_inner\"><\/span><\/div>\t\t<\/div>\n\t<\/div>\n<\/div><\/div><\/div><\/div><\/div><\/div><\/div><\/div><div class=\"mkdf-row-grid-section-wrapper\"  ><div class=\"mkdf-row-grid-section\"><div class=\"vc_row wpb_row vc_row-fluid\" ><div class=\"wpb_column vc_column_container vc_col-sm-12 vc_col-lg-6\"><div class=\"vc_column-inner vc_custom_1540543316970\"><div class=\"wpb_wrapper\"><div class=\"mkdf-elements-holder   mkdf-one-column  mkdf-responsive-mode-768\" ><div class=\"mkdf-eh-item\"  data-item-class=\"mkdf-eh-custom-8864\" data-1025-1366=\"56px 0 0\" data-769-1024=\"65% 11% 0\" data-681-768=\"85% 0 0\" data-680=\"170% 0 0\">\n\t<div class=\"mkdf-eh-item-inner\">\n\t\t<div class=\"mkdf-eh-item-content mkdf-eh-custom-8864\" style=\"padding: 0 25px 0 0\">\n\t\t\t\n\t<div  class=\"wpb_single_image wpb_content_element vc_align_left\">\n\t\t\n\t\t<figure class=\"wpb_wrapper vc_figure\">\n\t\t\t<div class=\"vc_single_image-wrapper   vc_box_border_grey\"><img loading=\"lazy\" decoding=\"async\" width=\"558\" height=\"539\" src=\"https:\/\/www.franckdeville.fr\/wp-content\/uploads\/2024\/06\/illustration-nos-engagements2-1.jpg\" class=\"vc_single_image-img attachment-full\" alt=\"\" title=\"ilustraci\u00f3n de nuestros compromisos2\" srcset=\"https:\/\/www.franckdeville.fr\/wp-content\/uploads\/2024\/06\/illustration-nos-engagements2-1.jpg 558w, https:\/\/www.franckdeville.fr\/wp-content\/uploads\/2024\/06\/illustration-nos-engagements2-1-300x290.jpg 300w\" sizes=\"auto, (max-width: 558px) 100vw, 558px\" \/><\/div>\n\t\t<\/figure>\n\t<\/div>\n\t\t<\/div>\n\t<\/div>\n<\/div><\/div><\/div><\/div><\/div><\/div><\/div><\/div>","protected":false},"excerpt":{"rendered":"Por amor a los macarrones, por respeto al planeta En Franck Deville, cada macarr\u00f3n que creamos refleja nuestro compromiso con la excelencia, la sostenibilidad y la responsabilidad social. Estos principios no s\u00f3lo est\u00e1n en el coraz\u00f3n de nuestro proceso de producci\u00f3n, sino que tambi\u00e9n ilustran los valores fundamentales de nuestra marca Compromiso con la calidad y la naturalidad En una \u00e9poca en la que \"comer bien\" est\u00e1 estrechamente ligado a \"alimentarse bien\", la b\u00fasqueda de ingredientes naturales y sabrosos es nuestra prioridad. Seleccionamos meticulosamente nuestros ingredientes [...]","protected":false},"author":1,"featured_media":4182,"parent":4194,"menu_order":0,"comment_status":"closed","ping_status":"closed","template":"full-width.php","meta":{"footnotes":""},"class_list":["post-4280","page","type-page","status-publish","has-post-thumbnail","hentry"],"yoast_head":"<!-- This site is optimized with the Yoast SEO plugin v26.2 - https:\/\/yoast.com\/wordpress\/plugins\/seo\/ -->\n<title>Nos engagements - Franck Deville - Macarons fran\u00e7ais d&#039;excellence<\/title>\n<meta name=\"robots\" content=\"index, follow, max-snippet:-1, max-image-preview:large, max-video-preview:-1\" \/>\n<link rel=\"canonical\" href=\"https:\/\/www.franckdeville.fr\/es\/nuestra-casa\/nuestros-compromisos\/\" \/>\n<meta property=\"og:locale\" content=\"es_ES\" \/>\n<meta property=\"og:type\" content=\"article\" \/>\n<meta property=\"og:title\" content=\"Nos engagements - Franck Deville - Macarons fran\u00e7ais d&#039;excellence\" \/>\n<meta property=\"og:url\" content=\"https:\/\/www.franckdeville.fr\/es\/nuestra-casa\/nuestros-compromisos\/\" \/>\n<meta property=\"og:site_name\" content=\"Franck Deville - Macarons fran\u00e7ais d&#039;excellence\" \/>\n<meta property=\"article:publisher\" content=\"https:\/\/www.facebook.com\/FranckDevillemacarons\" \/>\n<meta property=\"article:modified_time\" content=\"2024-09-18T17:58:19+00:00\" \/>\n<meta property=\"og:image\" content=\"https:\/\/www.franckdeville.fr\/wp-content\/uploads\/2024\/06\/Image6.jpg\" \/>\n\t<meta property=\"og:image:width\" content=\"1385\" \/>\n\t<meta property=\"og:image:height\" content=\"923\" \/>\n\t<meta property=\"og:image:type\" content=\"image\/jpeg\" \/>\n<meta name=\"twitter:card\" content=\"summary_large_image\" \/>\n<meta name=\"twitter:label1\" content=\"Tiempo de lectura\" \/>\n\t<meta name=\"twitter:data1\" content=\"5 minutos\" \/>\n<script type=\"application\/ld+json\" class=\"yoast-schema-graph\">{\"@context\":\"https:\/\/schema.org\",\"@graph\":[{\"@type\":\"WebPage\",\"@id\":\"https:\/\/www.franckdeville.fr\/fr\/notre-maison\/nos-engagements\/\",\"url\":\"https:\/\/www.franckdeville.fr\/fr\/notre-maison\/nos-engagements\/\",\"name\":\"Nos engagements - Franck Deville - Macarons fran\u00e7ais d&#039;excellence\",\"isPartOf\":{\"@id\":\"https:\/\/www.franckdeville.fr\/fr\/#website\"},\"primaryImageOfPage\":{\"@id\":\"https:\/\/www.franckdeville.fr\/fr\/notre-maison\/nos-engagements\/#primaryimage\"},\"image\":{\"@id\":\"https:\/\/www.franckdeville.fr\/fr\/notre-maison\/nos-engagements\/#primaryimage\"},\"thumbnailUrl\":\"https:\/\/www.franckdeville.fr\/wp-content\/uploads\/2024\/06\/Image6.jpg\",\"datePublished\":\"2024-06-05T10:16:34+00:00\",\"dateModified\":\"2024-09-18T17:58:19+00:00\",\"breadcrumb\":{\"@id\":\"https:\/\/www.franckdeville.fr\/fr\/notre-maison\/nos-engagements\/#breadcrumb\"},\"inLanguage\":\"es\",\"potentialAction\":[{\"@type\":\"ReadAction\",\"target\":[\"https:\/\/www.franckdeville.fr\/fr\/notre-maison\/nos-engagements\/\"]}]},{\"@type\":\"ImageObject\",\"inLanguage\":\"es\",\"@id\":\"https:\/\/www.franckdeville.fr\/fr\/notre-maison\/nos-engagements\/#primaryimage\",\"url\":\"https:\/\/www.franckdeville.fr\/wp-content\/uploads\/2024\/06\/Image6.jpg\",\"contentUrl\":\"https:\/\/www.franckdeville.fr\/wp-content\/uploads\/2024\/06\/Image6.jpg\",\"width\":1385,\"height\":923},{\"@type\":\"BreadcrumbList\",\"@id\":\"https:\/\/www.franckdeville.fr\/fr\/notre-maison\/nos-engagements\/#breadcrumb\",\"itemListElement\":[{\"@type\":\"ListItem\",\"position\":1,\"name\":\"Accueil\",\"item\":\"https:\/\/www.franckdeville.fr\/en\/\"},{\"@type\":\"ListItem\",\"position\":2,\"name\":\"Notre Maison\",\"item\":\"https:\/\/www.franckdeville.fr\/fr\/notre-maison\/\"},{\"@type\":\"ListItem\",\"position\":3,\"name\":\"Nos engagements\"}]},{\"@type\":\"WebSite\",\"@id\":\"https:\/\/www.franckdeville.fr\/fr\/#website\",\"url\":\"https:\/\/www.franckdeville.fr\/fr\/\",\"name\":\"Franck Deville\",\"description\":\"L&#039;Artisan Macaronier des Chefs\",\"publisher\":{\"@id\":\"https:\/\/www.franckdeville.fr\/fr\/#organization\"},\"potentialAction\":[{\"@type\":\"SearchAction\",\"target\":{\"@type\":\"EntryPoint\",\"urlTemplate\":\"https:\/\/www.franckdeville.fr\/fr\/?s={search_term_string}\"},\"query-input\":{\"@type\":\"PropertyValueSpecification\",\"valueRequired\":true,\"valueName\":\"search_term_string\"}}],\"inLanguage\":\"es\"},{\"@type\":\"Organization\",\"@id\":\"https:\/\/www.franckdeville.fr\/fr\/#organization\",\"name\":\"Franck Deville\",\"url\":\"https:\/\/www.franckdeville.fr\/fr\/\",\"logo\":{\"@type\":\"ImageObject\",\"inLanguage\":\"es\",\"@id\":\"https:\/\/www.franckdeville.fr\/fr\/#\/schema\/logo\/image\/\",\"url\":\"https:\/\/www.franckdeville.fr\/wp-content\/uploads\/2024\/09\/logo_franckdeville_small2.png\",\"contentUrl\":\"https:\/\/www.franckdeville.fr\/wp-content\/uploads\/2024\/09\/logo_franckdeville_small2.png\",\"width\":600,\"height\":193,\"caption\":\"Franck Deville\"},\"image\":{\"@id\":\"https:\/\/www.franckdeville.fr\/fr\/#\/schema\/logo\/image\/\"},\"sameAs\":[\"https:\/\/www.facebook.com\/FranckDevillemacarons\"]}]}<\/script>\n<!-- \/ Yoast SEO plugin. -->","yoast_head_json":{"title":"Nos engagements - Franck Deville - Macarons fran\u00e7ais d&#039;excellence","robots":{"index":"index","follow":"follow","max-snippet":"max-snippet:-1","max-image-preview":"max-image-preview:large","max-video-preview":"max-video-preview:-1"},"canonical":"https:\/\/www.franckdeville.fr\/es\/nuestra-casa\/nuestros-compromisos\/","og_locale":"es_ES","og_type":"article","og_title":"Nos engagements - Franck Deville - Macarons fran\u00e7ais d&#039;excellence","og_url":"https:\/\/www.franckdeville.fr\/es\/nuestra-casa\/nuestros-compromisos\/","og_site_name":"Franck Deville - Macarons fran\u00e7ais d&#039;excellence","article_publisher":"https:\/\/www.facebook.com\/FranckDevillemacarons","article_modified_time":"2024-09-18T17:58:19+00:00","og_image":[{"width":1385,"height":923,"url":"https:\/\/www.franckdeville.fr\/wp-content\/uploads\/2024\/06\/Image6.jpg","type":"image\/jpeg"}],"twitter_card":"summary_large_image","twitter_misc":{"Tiempo de lectura":"5 minutos"},"schema":{"@context":"https:\/\/schema.org","@graph":[{"@type":"WebPage","@id":"https:\/\/www.franckdeville.fr\/fr\/notre-maison\/nos-engagements\/","url":"https:\/\/www.franckdeville.fr\/fr\/notre-maison\/nos-engagements\/","name":"Nos engagements - Franck Deville - Macarons fran\u00e7ais d&#039;excellence","isPartOf":{"@id":"https:\/\/www.franckdeville.fr\/fr\/#website"},"primaryImageOfPage":{"@id":"https:\/\/www.franckdeville.fr\/fr\/notre-maison\/nos-engagements\/#primaryimage"},"image":{"@id":"https:\/\/www.franckdeville.fr\/fr\/notre-maison\/nos-engagements\/#primaryimage"},"thumbnailUrl":"https:\/\/www.franckdeville.fr\/wp-content\/uploads\/2024\/06\/Image6.jpg","datePublished":"2024-06-05T10:16:34+00:00","dateModified":"2024-09-18T17:58:19+00:00","breadcrumb":{"@id":"https:\/\/www.franckdeville.fr\/fr\/notre-maison\/nos-engagements\/#breadcrumb"},"inLanguage":"es","potentialAction":[{"@type":"ReadAction","target":["https:\/\/www.franckdeville.fr\/fr\/notre-maison\/nos-engagements\/"]}]},{"@type":"ImageObject","inLanguage":"es","@id":"https:\/\/www.franckdeville.fr\/fr\/notre-maison\/nos-engagements\/#primaryimage","url":"https:\/\/www.franckdeville.fr\/wp-content\/uploads\/2024\/06\/Image6.jpg","contentUrl":"https:\/\/www.franckdeville.fr\/wp-content\/uploads\/2024\/06\/Image6.jpg","width":1385,"height":923},{"@type":"BreadcrumbList","@id":"https:\/\/www.franckdeville.fr\/fr\/notre-maison\/nos-engagements\/#breadcrumb","itemListElement":[{"@type":"ListItem","position":1,"name":"Accueil","item":"https:\/\/www.franckdeville.fr\/en\/"},{"@type":"ListItem","position":2,"name":"Notre Maison","item":"https:\/\/www.franckdeville.fr\/fr\/notre-maison\/"},{"@type":"ListItem","position":3,"name":"Nos engagements"}]},{"@type":"WebSite","@id":"https:\/\/www.franckdeville.fr\/fr\/#website","url":"https:\/\/www.franckdeville.fr\/fr\/","name":"Franck Deville","description":"L&#039;Artisan Macaronier des Chefs","publisher":{"@id":"https:\/\/www.franckdeville.fr\/fr\/#organization"},"potentialAction":[{"@type":"SearchAction","target":{"@type":"EntryPoint","urlTemplate":"https:\/\/www.franckdeville.fr\/fr\/?s={search_term_string}"},"query-input":{"@type":"PropertyValueSpecification","valueRequired":true,"valueName":"search_term_string"}}],"inLanguage":"es"},{"@type":"Organization","@id":"https:\/\/www.franckdeville.fr\/fr\/#organization","name":"Franck Deville","url":"https:\/\/www.franckdeville.fr\/fr\/","logo":{"@type":"ImageObject","inLanguage":"es","@id":"https:\/\/www.franckdeville.fr\/fr\/#\/schema\/logo\/image\/","url":"https:\/\/www.franckdeville.fr\/wp-content\/uploads\/2024\/09\/logo_franckdeville_small2.png","contentUrl":"https:\/\/www.franckdeville.fr\/wp-content\/uploads\/2024\/09\/logo_franckdeville_small2.png","width":600,"height":193,"caption":"Franck Deville"},"image":{"@id":"https:\/\/www.franckdeville.fr\/fr\/#\/schema\/logo\/image\/"},"sameAs":["https:\/\/www.facebook.com\/FranckDevillemacarons"]}]}},"_links":{"self":[{"href":"https:\/\/www.franckdeville.fr\/es\/wp-json\/wp\/v2\/pages\/4280","targetHints":{"allow":["GET"]}}],"collection":[{"href":"https:\/\/www.franckdeville.fr\/es\/wp-json\/wp\/v2\/pages"}],"about":[{"href":"https:\/\/www.franckdeville.fr\/es\/wp-json\/wp\/v2\/types\/page"}],"author":[{"embeddable":true,"href":"https:\/\/www.franckdeville.fr\/es\/wp-json\/wp\/v2\/users\/1"}],"replies":[{"embeddable":true,"href":"https:\/\/www.franckdeville.fr\/es\/wp-json\/wp\/v2\/comments?post=4280"}],"version-history":[{"count":19,"href":"https:\/\/www.franckdeville.fr\/es\/wp-json\/wp\/v2\/pages\/4280\/revisions"}],"predecessor-version":[{"id":4683,"href":"https:\/\/www.franckdeville.fr\/es\/wp-json\/wp\/v2\/pages\/4280\/revisions\/4683"}],"up":[{"embeddable":true,"href":"https:\/\/www.franckdeville.fr\/es\/wp-json\/wp\/v2\/pages\/4194"}],"wp:featuredmedia":[{"embeddable":true,"href":"https:\/\/www.franckdeville.fr\/es\/wp-json\/wp\/v2\/media\/4182"}],"wp:attachment":[{"href":"https:\/\/www.franckdeville.fr\/es\/wp-json\/wp\/v2\/media?parent=4280"}],"curies":[{"name":"wp","href":"https:\/\/api.w.org\/{rel}","templated":true}]}}