{"id":1609,"date":"2023-11-19T19:08:54","date_gmt":"2023-11-19T18:08:54","guid":{"rendered":"https:\/\/v2.franckdeville.fr\/?page_id=1609"},"modified":"2025-10-20T15:42:08","modified_gmt":"2025-10-20T13:42:08","slug":"comunicado-de-prensa","status":"publish","type":"page","link":"https:\/\/www.franckdeville.fr\/es\/comunicado-de-prensa\/","title":{"rendered":"Comunicados de prensa"},"content":{"rendered":"<div class=\"shared-files-embed-69e0850adc7ed shared-files-main-container\" data-elem-class=\"shared-files-embed-69e0850adc7ed\" data-search-type=\"0\" data-post-id=\"1609\"><div id=\"shared-files-default\" class=\"shared-files-container shared-files-type-basic\"><div class=\"shared-files-search\"><div class=\"shared-files-search-form-container\"><form class=\"shared-files-ajax-form\" onsubmit=\"return false;\" data-elem-class=\"shared-files-embed-69e0850adc7ed\" action=\"\"><div class=\"shared-files-search-input-container\"><input type=\"text\" class=\"shared-files-search-files-input shared-files-search-files\" placeholder=\"Search files...\" value=\"\" title=\"Search files\" aria-label=\"Search files\" data-elem-class=\"shared-files-embed-69e0850adc7ed\" \/><\/div><input type=\"hidden\" name=\"trp-form-language\" value=\"es\"\/><\/form><\/div><div class=\"shared-files-files-found\"><\/div><span class=\"shared-files-one-file-found\">archivo encontrado.<\/span><span class=\"shared-files-more-than-one-file-found\">archivos encontrados.<\/span><ul class=\"shared-files-main-file-list shared-files-ajax-list\"><li class=\"shared-files-card-5076\"><div class=\"shared-files-main-elements\"><div class=\"shared-files-main-elements-left\" style=\"background-image: url(https:\/\/www.franckdeville.fr\/wp-content\/plugins\/shared-files\/img\/2020\/pdf.svg);\"><\/div><div class=\"shared-files-main-elements-right\"><a class=\"shared-files-file-title\"  data-file-type=\"\"  data-file-url=\"\/shared-files\/5076\/?Les%20macarons%20Franck%20Deville%20\u00e0%20Londres.pdf\"  data-external-url=\"\"  data-image-url=\"\" href=\"\/es\/shared-files\/5076\/?Les%20macarons%20Franck%20Deville%20\u00e0%20Londres.pdf\" target=\"_blank\">Macarrones Franck Deville en Londres<\/a><span class=\"shared-file-size\">97,59 KB<\/span><a href=\"https:\/\/www.franckdeville.fr\/es\/shared-files\/5076\/?Les%20macarons%20Franck%20Deville%20\u00e0%20Londres.pdf\" target=\"_blank\" class=\"shared-files-preview-button\">Preview<\/a><div class=\"shared-files-download-counter\"><span>T\u00e9l\u00e9chargement : 2690<\/span><\/div><div class=\"shared-file-description-container\"><p>Como socio oficial del Club de Entusiastas de Rolls Royce, la marca de macarrones Franck Deville ha sido seleccionada para figurar en el libro \"Strive for perfection\", que celebra los 20 a\u00f1os de la famosa planta de producci\u00f3n de Rolls-Royce y muestra lo mejor del lujo sostenible de todo el mundo.<\/p><\/div><div class=\"shared-files-download-button-container\"><a href=\"\/es\/shared-files\/5076\/?Les%20macarons%20Franck%20Deville%20\u00e0%20Londres.pdf&download=1\" class=\"shared-files-download-button\"  download>Download<\/a><\/div><div class=\"shared-files-edit-actions\"><\/div><\/div><\/div><\/li><li class=\"shared-files-card-5075\"><div class=\"shared-files-main-elements\"><div class=\"shared-files-main-elements-left\" style=\"background-image: url(https:\/\/www.franckdeville.fr\/wp-content\/plugins\/shared-files\/img\/2020\/pdf.svg);\"><\/div><div class=\"shared-files-main-elements-right\"><a class=\"shared-files-file-title\"  data-file-type=\"\"  data-file-url=\"\/shared-files\/5075\/?Les%20macarons%20Franck%20Deville%20choisis%20par%20Rolls%20Royce.pdf\"  data-external-url=\"\"  data-image-url=\"\" href=\"\/es\/shared-files\/5075\/?Les%20macarons%20Franck%20Deville%20choisis%20par%20Rolls%20Royce.pdf\" target=\"_blank\">Los macarrones Franck Deville elegidos por Rolls Royce<\/a><span class=\"shared-file-size\">99,35 KB<\/span><a href=\"https:\/\/www.franckdeville.fr\/es\/shared-files\/5075\/?Les%20macarons%20Franck%20Deville%20choisis%20par%20Rolls%20Royce.pdf\" target=\"_blank\" class=\"shared-files-preview-button\">Preview<\/a><div class=\"shared-files-download-counter\"><span>T\u00e9l\u00e9chargement : 2796<\/span><\/div><div class=\"shared-file-description-container\"><p>Apenas una decena de empresas francesas de lujo sostenible figuran en el libro de 400 p\u00e1ginas que celebra el 20 aniversario de la famosa f\u00e1brica de Rolls-Royce en el Reino Unido, entre ellas Franck Deville, el macaronier artesano de los chefs.<\/p><\/div><div class=\"shared-files-download-button-container\"><a href=\"\/es\/shared-files\/5075\/?Les%20macarons%20Franck%20Deville%20choisis%20par%20Rolls%20Royce.pdf&download=1\" class=\"shared-files-download-button\"  download>Download<\/a><\/div><div class=\"shared-files-edit-actions\"><\/div><\/div><\/div><\/li><li class=\"shared-files-card-5074\"><div class=\"shared-files-main-elements\"><div class=\"shared-files-main-elements-left\" style=\"background-image: url(https:\/\/www.franckdeville.fr\/wp-content\/plugins\/shared-files\/img\/2020\/pdf.svg);\"><\/div><div class=\"shared-files-main-elements-right\"><a class=\"shared-files-file-title\"  data-file-type=\"\"  data-file-url=\"\/shared-files\/5074\/?Macarons%20ingr\u00e9dients%20fran\u00e7ais%20par%20Franck%20Deville.pdf\"  data-external-url=\"\"  data-image-url=\"\" href=\"\/es\/shared-files\/5074\/?Macarons%20ingr\u00e9dients%20fran\u00e7ais%20par%20Franck%20Deville.pdf\" target=\"_blank\">Macarrones franceses de Franck Deville<\/a><span class=\"shared-file-size\">253,68 KB<\/span><a href=\"https:\/\/www.franckdeville.fr\/es\/shared-files\/5074\/?Macarons%20ingr\u00e9dients%20fran\u00e7ais%20par%20Franck%20Deville.pdf\" target=\"_blank\" class=\"shared-files-preview-button\">Preview<\/a><div class=\"shared-files-download-counter\"><span>T\u00e9l\u00e9chargement : 2733<\/span><\/div><div class=\"shared-file-description-container\"><p>Franck Deville, el macarr\u00f3n artesano para chefs, se ha hecho un nombre en el mundo de la pasteler\u00eda gracias a la calidad y originalidad de sus productos, que se elaboran en Roche-la-Moli\u00e8re, en el Loira (42), y ahora se distribuyen por todo el mundo.\u00a0<\/p><\/div><div class=\"shared-files-download-button-container\"><a href=\"\/es\/shared-files\/5074\/?Macarons%20ingr\u00e9dients%20fran\u00e7ais%20par%20Franck%20Deville.pdf&download=1\" class=\"shared-files-download-button\"  download>Download<\/a><\/div><div class=\"shared-files-edit-actions\"><\/div><\/div><\/div><\/li><li class=\"shared-files-card-5072\"><div class=\"shared-files-main-elements\"><div class=\"shared-files-main-elements-left\" style=\"background-image: url(https:\/\/www.franckdeville.fr\/wp-content\/plugins\/shared-files\/img\/2020\/pdf.svg);\"><\/div><div class=\"shared-files-main-elements-right\"><a class=\"shared-files-file-title\"  data-file-type=\"\"  data-file-url=\"\/shared-files\/5072\/?Un%20macaron%203%20e\u0301toiles.pdf\"  data-external-url=\"\"  data-image-url=\"\" href=\"\/es\/shared-files\/5072\/?Un%20macaron%203%20e\u0301toiles.pdf\" target=\"_blank\">Una etiqueta de 3 estrellas<\/a><span class=\"shared-file-size\">100,29 KB<\/span><a href=\"https:\/\/www.franckdeville.fr\/es\/shared-files\/5072\/?Un%20macaron%203%20e\u0301toiles.pdf\" target=\"_blank\" class=\"shared-files-preview-button\">Preview<\/a><div class=\"shared-files-download-counter\"><span>T\u00e9l\u00e9chargement : 2768<\/span><\/div><div class=\"shared-file-description-container\"><p>Un nuevo galard\u00f3n para Franck Deville, el fabricante de macarons de los chefs: Great Taste, el premio gastron\u00f3mico m\u00e1s codiciado del mundo, ha concedido su m\u00e1ximo galard\u00f3n a su macaron de lim\u00f3n.<\/p><\/div><div class=\"shared-files-download-button-container\"><a href=\"\/es\/shared-files\/5072\/?Un%20macaron%203%20e\u0301toiles.pdf&download=1\" class=\"shared-files-download-button\"  download>Download<\/a><\/div><div class=\"shared-files-edit-actions\"><\/div><\/div><\/div><\/li><\/ul><ul class=\"shared-files-all-files shared-files-main-file-list\"><li class=\"shared-files-card-5076\"><div class=\"shared-files-main-elements\"><div class=\"shared-files-main-elements-left\" style=\"background-image: url(https:\/\/www.franckdeville.fr\/wp-content\/plugins\/shared-files\/img\/2020\/pdf.svg);\"><\/div><div class=\"shared-files-main-elements-right\"><a class=\"shared-files-file-title\"  data-file-type=\"\"  data-file-url=\"\/shared-files\/5076\/?Les%20macarons%20Franck%20Deville%20\u00e0%20Londres.pdf\"  data-external-url=\"\"  data-image-url=\"\" href=\"\/es\/shared-files\/5076\/?Les%20macarons%20Franck%20Deville%20\u00e0%20Londres.pdf\" target=\"_blank\">Macarrones Franck Deville en Londres<\/a><span class=\"shared-file-size\">97,59 KB<\/span><a href=\"https:\/\/www.franckdeville.fr\/es\/shared-files\/5076\/?Les%20macarons%20Franck%20Deville%20\u00e0%20Londres.pdf\" target=\"_blank\" class=\"shared-files-preview-button\">Preview<\/a><div class=\"shared-files-download-counter\"><span>T\u00e9l\u00e9chargement : 2690<\/span><\/div><div class=\"shared-file-description-container\"><p>Como socio oficial del Club de Entusiastas de Rolls Royce, la marca de macarrones Franck Deville ha sido seleccionada para figurar en el libro \"Strive for perfection\", que celebra los 20 a\u00f1os de la famosa planta de producci\u00f3n de Rolls-Royce y muestra lo mejor del lujo sostenible de todo el mundo.<\/p><\/div><div class=\"shared-files-download-button-container\"><a href=\"\/es\/shared-files\/5076\/?Les%20macarons%20Franck%20Deville%20\u00e0%20Londres.pdf&download=1\" class=\"shared-files-download-button\"  download>Download<\/a><\/div><div class=\"shared-files-edit-actions\"><\/div><\/div><\/div><\/li><li class=\"shared-files-card-5075\"><div class=\"shared-files-main-elements\"><div class=\"shared-files-main-elements-left\" style=\"background-image: url(https:\/\/www.franckdeville.fr\/wp-content\/plugins\/shared-files\/img\/2020\/pdf.svg);\"><\/div><div class=\"shared-files-main-elements-right\"><a class=\"shared-files-file-title\"  data-file-type=\"\"  data-file-url=\"\/shared-files\/5075\/?Les%20macarons%20Franck%20Deville%20choisis%20par%20Rolls%20Royce.pdf\"  data-external-url=\"\"  data-image-url=\"\" href=\"\/es\/shared-files\/5075\/?Les%20macarons%20Franck%20Deville%20choisis%20par%20Rolls%20Royce.pdf\" target=\"_blank\">Los macarrones Franck Deville elegidos por Rolls Royce<\/a><span class=\"shared-file-size\">99,35 KB<\/span><a href=\"https:\/\/www.franckdeville.fr\/es\/shared-files\/5075\/?Les%20macarons%20Franck%20Deville%20choisis%20par%20Rolls%20Royce.pdf\" target=\"_blank\" class=\"shared-files-preview-button\">Preview<\/a><div class=\"shared-files-download-counter\"><span>T\u00e9l\u00e9chargement : 2796<\/span><\/div><div class=\"shared-file-description-container\"><p>Apenas una decena de empresas francesas de lujo sostenible figuran en el libro de 400 p\u00e1ginas que celebra el 20 aniversario de la famosa f\u00e1brica de Rolls-Royce en el Reino Unido, entre ellas Franck Deville, el macaronier artesano de los chefs.<\/p><\/div><div class=\"shared-files-download-button-container\"><a href=\"\/es\/shared-files\/5075\/?Les%20macarons%20Franck%20Deville%20choisis%20par%20Rolls%20Royce.pdf&download=1\" class=\"shared-files-download-button\"  download>Download<\/a><\/div><div class=\"shared-files-edit-actions\"><\/div><\/div><\/div><\/li><li class=\"shared-files-card-5074\"><div class=\"shared-files-main-elements\"><div class=\"shared-files-main-elements-left\" style=\"background-image: url(https:\/\/www.franckdeville.fr\/wp-content\/plugins\/shared-files\/img\/2020\/pdf.svg);\"><\/div><div class=\"shared-files-main-elements-right\"><a class=\"shared-files-file-title\"  data-file-type=\"\"  data-file-url=\"\/shared-files\/5074\/?Macarons%20ingr\u00e9dients%20fran\u00e7ais%20par%20Franck%20Deville.pdf\"  data-external-url=\"\"  data-image-url=\"\" href=\"\/es\/shared-files\/5074\/?Macarons%20ingr\u00e9dients%20fran\u00e7ais%20par%20Franck%20Deville.pdf\" target=\"_blank\">Macarrones franceses de Franck Deville<\/a><span class=\"shared-file-size\">253,68 KB<\/span><a href=\"https:\/\/www.franckdeville.fr\/es\/shared-files\/5074\/?Macarons%20ingr\u00e9dients%20fran\u00e7ais%20par%20Franck%20Deville.pdf\" target=\"_blank\" class=\"shared-files-preview-button\">Preview<\/a><div class=\"shared-files-download-counter\"><span>T\u00e9l\u00e9chargement : 2733<\/span><\/div><div class=\"shared-file-description-container\"><p>Franck Deville, el macarr\u00f3n artesano para chefs, se ha hecho un nombre en el mundo de la pasteler\u00eda gracias a la calidad y originalidad de sus productos, que se elaboran en Roche-la-Moli\u00e8re, en el Loira (42), y ahora se distribuyen por todo el mundo.\u00a0<\/p><\/div><div class=\"shared-files-download-button-container\"><a href=\"\/es\/shared-files\/5074\/?Macarons%20ingr\u00e9dients%20fran\u00e7ais%20par%20Franck%20Deville.pdf&download=1\" class=\"shared-files-download-button\"  download>Download<\/a><\/div><div class=\"shared-files-edit-actions\"><\/div><\/div><\/div><\/li><li class=\"shared-files-card-5072\"><div class=\"shared-files-main-elements\"><div class=\"shared-files-main-elements-left\" style=\"background-image: url(https:\/\/www.franckdeville.fr\/wp-content\/plugins\/shared-files\/img\/2020\/pdf.svg);\"><\/div><div class=\"shared-files-main-elements-right\"><a class=\"shared-files-file-title\"  data-file-type=\"\"  data-file-url=\"\/shared-files\/5072\/?Un%20macaron%203%20e\u0301toiles.pdf\"  data-external-url=\"\"  data-image-url=\"\" href=\"\/es\/shared-files\/5072\/?Un%20macaron%203%20e\u0301toiles.pdf\" target=\"_blank\">Una etiqueta de 3 estrellas<\/a><span class=\"shared-file-size\">100,29 KB<\/span><a href=\"https:\/\/www.franckdeville.fr\/es\/shared-files\/5072\/?Un%20macaron%203%20e\u0301toiles.pdf\" target=\"_blank\" class=\"shared-files-preview-button\">Preview<\/a><div class=\"shared-files-download-counter\"><span>T\u00e9l\u00e9chargement : 2768<\/span><\/div><div class=\"shared-file-description-container\"><p>Un nuevo galard\u00f3n para Franck Deville, el fabricante de macarons de los chefs: Great Taste, el premio gastron\u00f3mico m\u00e1s codiciado del mundo, ha concedido su m\u00e1ximo galard\u00f3n a su macaron de lim\u00f3n.<\/p><\/div><div class=\"shared-files-download-button-container\"><a href=\"\/es\/shared-files\/5072\/?Un%20macaron%203%20e\u0301toiles.pdf&download=1\" class=\"shared-files-download-button\"  download>Download<\/a><\/div><div class=\"shared-files-edit-actions\"><\/div><\/div><\/div><\/li><\/ul><div class=\"shared-files-nothing-found\">No se han encontrado archivos.<\/div><\/div><\/div><\/div><hr class=\"clear\" \/>","protected":false},"excerpt":{"rendered":"","protected":false},"author":1,"featured_media":0,"parent":0,"menu_order":0,"comment_status":"closed","ping_status":"closed","template":"","meta":{"footnotes":""},"class_list":["post-1609","page","type-page","status-publish","hentry"],"yoast_head":"<!-- This site is optimized with the Yoast SEO plugin v27.4 - https:\/\/yoast.com\/product\/yoast-seo-wordpress\/ -->\n<title>Communiqu\u00e9s de presse - Franck Deville - Macarons fran\u00e7ais d&#039;excellence<\/title>\n<meta name=\"description\" content=\"Retrouvez tous les communiqu\u00e9s de presse Franck Deville : actualit\u00e9s de l\u2019entreprise, r\u00e9sultats financiers, innovations, partenariats et informations destin\u00e9es aux m\u00e9dias et investisseurs.\" \/>\n<meta name=\"robots\" content=\"index, follow, max-snippet:-1, max-image-preview:large, max-video-preview:-1\" \/>\n<link rel=\"canonical\" href=\"https:\/\/www.franckdeville.fr\/es\/comunicado-de-prensa\/\" \/>\n<meta property=\"og:locale\" content=\"es_ES\" \/>\n<meta property=\"og:type\" content=\"article\" \/>\n<meta property=\"og:title\" content=\"Communiqu\u00e9s de presse - Franck Deville - Macarons fran\u00e7ais d&#039;excellence\" \/>\n<meta property=\"og:description\" content=\"Retrouvez tous les communiqu\u00e9s de presse Franck Deville : actualit\u00e9s de l\u2019entreprise, r\u00e9sultats financiers, innovations, partenariats et informations destin\u00e9es aux m\u00e9dias et investisseurs.\" \/>\n<meta property=\"og:url\" content=\"https:\/\/www.franckdeville.fr\/es\/comunicado-de-prensa\/\" \/>\n<meta property=\"og:site_name\" content=\"Franck Deville - Macarons fran\u00e7ais d&#039;excellence\" \/>\n<meta property=\"article:publisher\" content=\"https:\/\/www.facebook.com\/FranckDevillemacarons\" \/>\n<meta property=\"article:modified_time\" content=\"2025-10-20T13:42:08+00:00\" \/>\n<meta name=\"twitter:card\" content=\"summary_large_image\" \/>\n<meta name=\"twitter:label1\" content=\"Tiempo de lectura\" \/>\n\t<meta name=\"twitter:data1\" content=\"1 minuto\" \/>\n<script type=\"application\/ld+json\" class=\"yoast-schema-graph\">{\"@context\":\"https:\\\/\\\/schema.org\",\"@graph\":[{\"@type\":\"WebPage\",\"@id\":\"https:\\\/\\\/www.franckdeville.fr\\\/fr\\\/communique-de-presse\\\/\",\"url\":\"https:\\\/\\\/www.franckdeville.fr\\\/fr\\\/communique-de-presse\\\/\",\"name\":\"Communiqu\u00e9s de presse - Franck Deville - Macarons fran\u00e7ais d&#039;excellence\",\"isPartOf\":{\"@id\":\"https:\\\/\\\/www.franckdeville.fr\\\/fr\\\/#website\"},\"datePublished\":\"2023-11-19T18:08:54+00:00\",\"dateModified\":\"2025-10-20T13:42:08+00:00\",\"description\":\"Retrouvez tous les communiqu\u00e9s de presse Franck Deville : actualit\u00e9s de l\u2019entreprise, r\u00e9sultats financiers, innovations, partenariats et informations destin\u00e9es aux m\u00e9dias et investisseurs.\",\"breadcrumb\":{\"@id\":\"https:\\\/\\\/www.franckdeville.fr\\\/fr\\\/communique-de-presse\\\/#breadcrumb\"},\"inLanguage\":\"es\",\"potentialAction\":[{\"@type\":\"ReadAction\",\"target\":[\"https:\\\/\\\/www.franckdeville.fr\\\/fr\\\/communique-de-presse\\\/\"]}]},{\"@type\":\"BreadcrumbList\",\"@id\":\"https:\\\/\\\/www.franckdeville.fr\\\/fr\\\/communique-de-presse\\\/#breadcrumb\",\"itemListElement\":[{\"@type\":\"ListItem\",\"position\":1,\"name\":\"Accueil\",\"item\":\"https:\\\/\\\/www.franckdeville.fr\\\/en\\\/\"},{\"@type\":\"ListItem\",\"position\":2,\"name\":\"Communiqu\u00e9s de presse\"}]},{\"@type\":\"WebSite\",\"@id\":\"https:\\\/\\\/www.franckdeville.fr\\\/fr\\\/#website\",\"url\":\"https:\\\/\\\/www.franckdeville.fr\\\/fr\\\/\",\"name\":\"Franck Deville\",\"description\":\"L&#039;Artisan Macaronier des Chefs\",\"publisher\":{\"@id\":\"https:\\\/\\\/www.franckdeville.fr\\\/fr\\\/#organization\"},\"potentialAction\":[{\"@type\":\"SearchAction\",\"target\":{\"@type\":\"EntryPoint\",\"urlTemplate\":\"https:\\\/\\\/www.franckdeville.fr\\\/fr\\\/?s={search_term_string}\"},\"query-input\":{\"@type\":\"PropertyValueSpecification\",\"valueRequired\":true,\"valueName\":\"search_term_string\"}}],\"inLanguage\":\"es\"},{\"@type\":\"Organization\",\"@id\":\"https:\\\/\\\/www.franckdeville.fr\\\/fr\\\/#organization\",\"name\":\"Franck Deville\",\"url\":\"https:\\\/\\\/www.franckdeville.fr\\\/fr\\\/\",\"logo\":{\"@type\":\"ImageObject\",\"inLanguage\":\"es\",\"@id\":\"https:\\\/\\\/www.franckdeville.fr\\\/fr\\\/#\\\/schema\\\/logo\\\/image\\\/\",\"url\":\"https:\\\/\\\/www.franckdeville.fr\\\/wp-content\\\/uploads\\\/2024\\\/09\\\/logo_franckdeville_small2.png\",\"contentUrl\":\"https:\\\/\\\/www.franckdeville.fr\\\/wp-content\\\/uploads\\\/2024\\\/09\\\/logo_franckdeville_small2.png\",\"width\":600,\"height\":193,\"caption\":\"Franck Deville\"},\"image\":{\"@id\":\"https:\\\/\\\/www.franckdeville.fr\\\/fr\\\/#\\\/schema\\\/logo\\\/image\\\/\"},\"sameAs\":[\"https:\\\/\\\/www.facebook.com\\\/FranckDevillemacarons\"]}]}<\/script>\n<!-- \/ Yoast SEO plugin. -->","yoast_head_json":{"title":"Communiqu\u00e9s de presse - Franck Deville - Macarons fran\u00e7ais d&#039;excellence","description":"Retrouvez tous les communiqu\u00e9s de presse Franck Deville : actualit\u00e9s de l\u2019entreprise, r\u00e9sultats financiers, innovations, partenariats et informations destin\u00e9es aux m\u00e9dias et investisseurs.","robots":{"index":"index","follow":"follow","max-snippet":"max-snippet:-1","max-image-preview":"max-image-preview:large","max-video-preview":"max-video-preview:-1"},"canonical":"https:\/\/www.franckdeville.fr\/es\/comunicado-de-prensa\/","og_locale":"es_ES","og_type":"article","og_title":"Communiqu\u00e9s de presse - Franck Deville - Macarons fran\u00e7ais d&#039;excellence","og_description":"Retrouvez tous les communiqu\u00e9s de presse Franck Deville : actualit\u00e9s de l\u2019entreprise, r\u00e9sultats financiers, innovations, partenariats et informations destin\u00e9es aux m\u00e9dias et investisseurs.","og_url":"https:\/\/www.franckdeville.fr\/es\/comunicado-de-prensa\/","og_site_name":"Franck Deville - Macarons fran\u00e7ais d&#039;excellence","article_publisher":"https:\/\/www.facebook.com\/FranckDevillemacarons","article_modified_time":"2025-10-20T13:42:08+00:00","twitter_card":"summary_large_image","twitter_misc":{"Tiempo de lectura":"1 minuto"},"schema":{"@context":"https:\/\/schema.org","@graph":[{"@type":"WebPage","@id":"https:\/\/www.franckdeville.fr\/fr\/communique-de-presse\/","url":"https:\/\/www.franckdeville.fr\/fr\/communique-de-presse\/","name":"Communiqu\u00e9s de presse - Franck Deville - Macarons fran\u00e7ais d&#039;excellence","isPartOf":{"@id":"https:\/\/www.franckdeville.fr\/fr\/#website"},"datePublished":"2023-11-19T18:08:54+00:00","dateModified":"2025-10-20T13:42:08+00:00","description":"Retrouvez tous les communiqu\u00e9s de presse Franck Deville : actualit\u00e9s de l\u2019entreprise, r\u00e9sultats financiers, innovations, partenariats et informations destin\u00e9es aux m\u00e9dias et investisseurs.","breadcrumb":{"@id":"https:\/\/www.franckdeville.fr\/fr\/communique-de-presse\/#breadcrumb"},"inLanguage":"es","potentialAction":[{"@type":"ReadAction","target":["https:\/\/www.franckdeville.fr\/fr\/communique-de-presse\/"]}]},{"@type":"BreadcrumbList","@id":"https:\/\/www.franckdeville.fr\/fr\/communique-de-presse\/#breadcrumb","itemListElement":[{"@type":"ListItem","position":1,"name":"Accueil","item":"https:\/\/www.franckdeville.fr\/en\/"},{"@type":"ListItem","position":2,"name":"Communiqu\u00e9s de presse"}]},{"@type":"WebSite","@id":"https:\/\/www.franckdeville.fr\/fr\/#website","url":"https:\/\/www.franckdeville.fr\/fr\/","name":"Franck Deville","description":"L&#039;Artisan Macaronier des Chefs","publisher":{"@id":"https:\/\/www.franckdeville.fr\/fr\/#organization"},"potentialAction":[{"@type":"SearchAction","target":{"@type":"EntryPoint","urlTemplate":"https:\/\/www.franckdeville.fr\/fr\/?s={search_term_string}"},"query-input":{"@type":"PropertyValueSpecification","valueRequired":true,"valueName":"search_term_string"}}],"inLanguage":"es"},{"@type":"Organization","@id":"https:\/\/www.franckdeville.fr\/fr\/#organization","name":"Franck Deville","url":"https:\/\/www.franckdeville.fr\/fr\/","logo":{"@type":"ImageObject","inLanguage":"es","@id":"https:\/\/www.franckdeville.fr\/fr\/#\/schema\/logo\/image\/","url":"https:\/\/www.franckdeville.fr\/wp-content\/uploads\/2024\/09\/logo_franckdeville_small2.png","contentUrl":"https:\/\/www.franckdeville.fr\/wp-content\/uploads\/2024\/09\/logo_franckdeville_small2.png","width":600,"height":193,"caption":"Franck Deville"},"image":{"@id":"https:\/\/www.franckdeville.fr\/fr\/#\/schema\/logo\/image\/"},"sameAs":["https:\/\/www.facebook.com\/FranckDevillemacarons"]}]}},"_links":{"self":[{"href":"https:\/\/www.franckdeville.fr\/es\/wp-json\/wp\/v2\/pages\/1609","targetHints":{"allow":["GET"]}}],"collection":[{"href":"https:\/\/www.franckdeville.fr\/es\/wp-json\/wp\/v2\/pages"}],"about":[{"href":"https:\/\/www.franckdeville.fr\/es\/wp-json\/wp\/v2\/types\/page"}],"author":[{"embeddable":true,"href":"https:\/\/www.franckdeville.fr\/es\/wp-json\/wp\/v2\/users\/1"}],"replies":[{"embeddable":true,"href":"https:\/\/www.franckdeville.fr\/es\/wp-json\/wp\/v2\/comments?post=1609"}],"version-history":[{"count":4,"href":"https:\/\/www.franckdeville.fr\/es\/wp-json\/wp\/v2\/pages\/1609\/revisions"}],"predecessor-version":[{"id":5073,"href":"https:\/\/www.franckdeville.fr\/es\/wp-json\/wp\/v2\/pages\/1609\/revisions\/5073"}],"wp:attachment":[{"href":"https:\/\/www.franckdeville.fr\/es\/wp-json\/wp\/v2\/media?parent=1609"}],"curies":[{"name":"wp","href":"https:\/\/api.w.org\/{rel}","templated":true}]}}