{"id":4973,"date":"2024-09-30T18:42:48","date_gmt":"2024-09-30T16:42:48","guid":{"rendered":"https:\/\/www.franckdeville.fr\/?page_id=4973"},"modified":"2025-11-04T11:19:58","modified_gmt":"2025-11-04T10:19:58","slug":"investor-stock-exchange","status":"publish","type":"page","link":"https:\/\/www.franckdeville.fr\/en\/investor-stock-exchange\/","title":{"rendered":"Stock market - Investors"},"content":{"rendered":"<h3>Franck Deville on Euronext Paris<\/h3>\n<p>Founded in 2007 by Saint-Etienne chef Franck Deville, the company produces traditional, artisanal cocktail products from France's gastronomic heritage for a clientele of high-end hotel and restaurant professionals, as well as specialists in the selective distribution of gastronomic products in France and abroad (Europe, Saudi Arabia, China). <br \/>The macaroon collections created by Franck Deville are crafted according to traditional recipes, using high-quality raw materials. <br \/>The company, which posted sales of \u20ac1.1 million in 2013, is experiencing very strong growth. Since November 17, 2014, Franck Deville has been listed on Euronext.<\/p>\n<p><b><u>Key figures<\/u><\/b><br \/>1.1 M\u20ac sales 2013<br \/>5 M parts produced in 2013<br \/>13 employees<br \/>Gastronomic specialities sold in over 10 countries<\/p>\n<h4>Financial statements<\/h4>\n<h5>Management Report<\/h5>\n<ul>\n<li><a title=\"Open PDF document in a new tab\" href=\"https:\/\/www.franckdeville.fr\/wp-content\/uploads\/2025\/11\/Rapport-de-gestion-cptes-2024-.pdf\" target=\"_blank\" rel=\"noopener\">Rapport de Gestion 17-10-2025<\/a><\/li>\n<li><a title=\"Open PDF document in a new tab\" href=\"https:\/\/www.franckdeville.fr\/wp-content\/uploads\/2024\/10\/Rapport-de-gestion.pdf\" target=\"_blank\" rel=\"noopener\">Management Report 30-09-2024<\/a><\/li>\n<\/ul>\n<h5>Financial Statements<\/h5>\n<ul>\n<li><a title=\"Open PDF document in a new tab\" href=\"https:\/\/www.franckdeville.fr\/wp-content\/uploads\/2025\/11\/COMPTA-BILAN-31-12-24-BQ.pdf\" target=\"_blank\" rel=\"noopener\">Compta Bilan 31-12-24<\/a><\/li>\n<li><a title=\"Open PDF document in a new tab\" href=\"https:\/\/www.franckdeville.fr\/wp-content\/uploads\/2024\/10\/BILAN-31-12-23.pdf\" target=\"_blank\" rel=\"noopener\">Balance sheet 31-12-23<\/a><\/li>\n<li><a title=\"Open PDF document in a new tab\" href=\"https:\/\/www.franckdeville.fr\/wp-content\/uploads\/2024\/09\/COMPTA-BILAN-31-12-21-BQ.pdf\" target=\"_blank\" rel=\"noopener\">Balance sheet 12-31-21<\/a><\/li>\n<li><a title=\"Open PDF document in a new tab\" href=\"https:\/\/www.franckdeville.fr\/wp-content\/uploads\/2024\/09\/Tableau-des-rA\u00a9sultats-financiers-2021-PDF.pdf\" target=\"_blank\" rel=\"noopener\">2021 Financial Results Table<\/a><\/li>\n<li><a title=\"Open PDF document in a new tab\" href=\"https:\/\/www.franckdeville.fr\/wp-content\/uploads\/2024\/09\/COMPTA-BILAN-31-12-20-BQ.pdf\" target=\"_blank\" rel=\"noopener\">31-12-2020<\/a><\/li>\n<li><a title=\"Open PDF document in a new tab\" href=\"https:\/\/www.franckdeville.fr\/wp-content\/uploads\/2024\/09\/Comptes-annuels-au-31.12.2019.pdf\" target=\"_blank\" rel=\"noopener\">31-12-2019<\/a><\/li>\n<li><a title=\"Open PDF document in a new tab\" href=\"https:\/\/www.franckdeville.fr\/wp-content\/uploads\/2024\/09\/Comptes-annuels-au-31.12.2018.pdf\" target=\"_blank\" rel=\"noopener\">31-12-2018<\/a><\/li>\n<li><a title=\"Open PDF document in a new tab\" href=\"https:\/\/www.franckdeville.fr\/wp-content\/uploads\/2024\/09\/Compta-bilan-31.12.17.pdf\" target=\"_blank\" rel=\"noopener\">31-12-2017<\/a><\/li>\n<li><a title=\"Open PDF document in a new tab\" href=\"https:\/\/www.franckdeville.fr\/wp-content\/uploads\/2024\/09\/31-12-2016.pdf\" target=\"_blank\" rel=\"noopener\">31-12-2016<\/a><\/li>\n<li><a title=\"Open PDF document in a new tab\" href=\"https:\/\/www.franckdeville.fr\/wp-content\/uploads\/2024\/09\/31-12-2015.pdf\" target=\"_blank\" rel=\"noopener\">31-12-2015<\/a><\/li>\n<\/ul>\n<h5>AGM minutes<\/h5>\n<ul>\n<li><a title=\"Open PDF document in a new tab\" href=\"https:\/\/www.franckdeville.fr\/wp-content\/uploads\/2025\/11\/PV-AGOA-du-17.10.2025.pdf\" target=\"_blank\" rel=\"noopener\">PV AGOA 17-10-2025<\/a><\/li>\n<li><a title=\"Open PDF document in a new tab\" href=\"https:\/\/www.franckdeville.fr\/wp-content\/uploads\/2024\/10\/PV-AGOA-du-30.09.2024.pdf\" target=\"_blank\" rel=\"noopener\">PV AGOA 30-09-2024<\/a><\/li>\n<li><a title=\"Open PDF document in a new tab\" href=\"https:\/\/www.franckdeville.fr\/wp-content\/uploads\/2024\/09\/PV-AGOA-PDF.pdf\" target=\"_blank\" rel=\"noopener\">PV AGOA 23-06-2022<\/a><\/li>\n<li><a title=\"Open PDF document in a new tab\" href=\"https:\/\/www.franckdeville.fr\/wp-content\/uploads\/2024\/09\/PV-signA\u00a9-AGOAE-25-9-2018.pdf\" target=\"_blank\" rel=\"noopener\">PV AGM 09-25-2018<\/a><\/li>\n<li><a title=\"Open PDF document in a new tab\" href=\"https:\/\/www.franckdeville.fr\/wp-content\/uploads\/2024\/09\/PV-AG-12.09.2017.pdf\" target=\"_blank\" rel=\"noopener\">PV AGM 12-09-2017<\/a><\/li>\n<li><a title=\"Open PDF document in a new tab\" href=\"https:\/\/www.franckdeville.fr\/wp-content\/uploads\/2024\/09\/PV-AG-du-28.6.2016.pdf\" target=\"_blank\" rel=\"noopener\">Minutes AGM of 28.6.2016<\/a><\/li>\n<\/ul>\n<h4>Shareholder structure<\/h4>\n<ul>\n<li><a title=\"Open PDF document in a new tab\" href=\"https:\/\/www.franckdeville.fr\/wp-content\/uploads\/2025\/11\/Liste-des-actionnaires.pdf\" target=\"_blank\" rel=\"noopener\">Feuille de pr\u00e9sence AGOA 17-10-2025<\/a><\/li>\n<li><a title=\"Open PDF document in a new tab\" href=\"https:\/\/www.franckdeville.fr\/wp-content\/uploads\/2024\/10\/Feuille-presence-AGOA-30.09.2024.pdf\" target=\"_blank\" rel=\"noopener\">AGOA attendance sheet 30-09-2024<\/a><\/li>\n<li><a title=\"Open PDF document in a new tab\" href=\"https:\/\/www.franckdeville.fr\/wp-content\/uploads\/2024\/09\/Tableau resultats du vote.pdf\" target=\"_blank\" rel=\"noopener\">Voting results table<\/a><\/li>\n<\/ul>\n<h4>Directors' identity<\/h4>\n<p><strong>LIST OF CURRENT DIRECTORS AND GENERAL MANAGERS<\/strong><br \/><strong>PREPARED IN ADVANCE OF THE ANNUAL COMBINED ORDINARY GENERAL MEETING<\/strong><br \/><strong>AND EXTRAORDINARY GENERAL MEETING OF DECEMBER 23, 2020<\/strong><\/p>\n<p><strong>Mr Franck DEVILLE<\/strong><br \/>Director, Chairman and Chief Executive Officer of \"FD\".<br \/>Permanent representative of SARL \"HOLDING AFD\" on the Board of \"FD\".<br \/>Co-manager of SCI \"NML<br \/>Chairman, SAS \"HOLDING AFD<\/p>\n<h4>Identity of Board members<\/h4>\n<p><strong>Mr Franck DEVILLE<\/strong><br \/>Director, Chairman and Chief Executive Officer of \"FD\".<br \/>Permanent representative of SARL \"HOLDING AFD\" on the Board of \"FD\".<br \/>Co-manager of SCI \"NML<br \/>Chairman, SAS \"HOLDING AFD<\/p>\n<p><strong>Mrs Anne DEVILLE<\/strong><br \/>Director of FD<br \/>Co-manager of SCI \"NML<br \/>Managing Director, SAS \"HOLDING AFD<\/p>\n<p><strong>SAS \"HOLDING AFD<\/strong><br \/>Zone Galinay - Rue Gr\u00fcner - Lieu-dit Aux Buissons<br \/>42230 ROCHE LA MOLIERE<br \/>535 101 083 RCS SAINT ETIENNE<br \/>Director of FD<\/p>\n\n\n<p><\/p>","protected":false},"excerpt":{"rendered":"<p>Franck Deville sur Euronext Paris Cr\u00e9\u00e9e en 2007 par le chef st\u00e9phanois Franck Deville, la soci\u00e9t\u00e9 \u00e9labore des produits cocktails de tradition artisanale issus du patrimoine gastronomique fran\u00e7ais pour une client\u00e8le de professionnels de l&rsquo;h\u00f4tellerie et de la restauration haut de gamme, ainsi que des sp\u00e9cialistes de la distribution s\u00e9lective de produits gastronomiques en France et \u00e0 l&rsquo;international (Europe, Arabie Saoudite, Chine). Les collections de macarons cr\u00e9\u00e9es par Franck Deville sont fabriqu\u00e9es selon des recettes traditionnelles artisanales \u00e0 partir de mati\u00e8res premi\u00e8res de grande qualit\u00e9. [&hellip;]<\/p>\n","protected":false},"author":1,"featured_media":0,"parent":0,"menu_order":0,"comment_status":"closed","ping_status":"closed","template":"","meta":{"footnotes":""},"class_list":["post-4973","page","type-page","status-publish","hentry"],"yoast_head":"<!-- This site is optimized with the Yoast SEO plugin v27.4 - https:\/\/yoast.com\/product\/yoast-seo-wordpress\/ -->\n<title>Bourse - Investisseurs - Franck Deville - Macarons fran\u00e7ais d&#039;excellence<\/title>\n<meta name=\"description\" content=\"Retrouvez toutes les informations financi\u00e8res de Franck Deville, soci\u00e9t\u00e9 cot\u00e9e sur Euronext Paris. D\u00e9couvrez nos rapports de gestion, r\u00e9sultats financiers, proc\u00e8s-verbaux d\u2019assembl\u00e9es et donn\u00e9es cl\u00e9s sur l\u2019activit\u00e9 et l\u2019actionnariat de la Maison Franck Deville.\" \/>\n<meta name=\"robots\" content=\"index, follow, max-snippet:-1, max-image-preview:large, max-video-preview:-1\" \/>\n<link rel=\"canonical\" href=\"https:\/\/www.franckdeville.fr\/en\/investor-stock-exchange\/\" \/>\n<meta property=\"og:locale\" content=\"en_US\" \/>\n<meta property=\"og:type\" content=\"article\" \/>\n<meta property=\"og:title\" content=\"Bourse - Investisseurs - Franck Deville - Macarons fran\u00e7ais d&#039;excellence\" \/>\n<meta property=\"og:description\" content=\"Retrouvez toutes les informations financi\u00e8res de Franck Deville, soci\u00e9t\u00e9 cot\u00e9e sur Euronext Paris. D\u00e9couvrez nos rapports de gestion, r\u00e9sultats financiers, proc\u00e8s-verbaux d\u2019assembl\u00e9es et donn\u00e9es cl\u00e9s sur l\u2019activit\u00e9 et l\u2019actionnariat de la Maison Franck Deville.\" \/>\n<meta property=\"og:url\" content=\"https:\/\/www.franckdeville.fr\/en\/investor-stock-exchange\/\" \/>\n<meta property=\"og:site_name\" content=\"Franck Deville - Macarons fran\u00e7ais d&#039;excellence\" \/>\n<meta property=\"article:publisher\" content=\"https:\/\/www.facebook.com\/FranckDevillemacarons\" \/>\n<meta property=\"article:modified_time\" content=\"2025-11-04T10:19:58+00:00\" \/>\n<meta name=\"twitter:card\" content=\"summary_large_image\" \/>\n<meta name=\"twitter:label1\" content=\"Est. reading time\" \/>\n\t<meta name=\"twitter:data1\" content=\"2 minutes\" \/>\n<script type=\"application\/ld+json\" class=\"yoast-schema-graph\">{\"@context\":\"https:\\\/\\\/schema.org\",\"@graph\":[{\"@type\":\"WebPage\",\"@id\":\"https:\\\/\\\/www.franckdeville.fr\\\/bourse-investisseurs\\\/\",\"url\":\"https:\\\/\\\/www.franckdeville.fr\\\/bourse-investisseurs\\\/\",\"name\":\"Bourse - Investisseurs - Franck Deville - Macarons fran\u00e7ais d&#039;excellence\",\"isPartOf\":{\"@id\":\"https:\\\/\\\/www.franckdeville.fr\\\/fr\\\/#website\"},\"datePublished\":\"2024-09-30T16:42:48+00:00\",\"dateModified\":\"2025-11-04T10:19:58+00:00\",\"description\":\"Retrouvez toutes les informations financi\u00e8res de Franck Deville, soci\u00e9t\u00e9 cot\u00e9e sur Euronext Paris. D\u00e9couvrez nos rapports de gestion, r\u00e9sultats financiers, proc\u00e8s-verbaux d\u2019assembl\u00e9es et donn\u00e9es cl\u00e9s sur l\u2019activit\u00e9 et l\u2019actionnariat de la Maison Franck Deville.\",\"breadcrumb\":{\"@id\":\"https:\\\/\\\/www.franckdeville.fr\\\/bourse-investisseurs\\\/#breadcrumb\"},\"inLanguage\":\"en-US\",\"potentialAction\":[{\"@type\":\"ReadAction\",\"target\":[\"https:\\\/\\\/www.franckdeville.fr\\\/bourse-investisseurs\\\/\"]}]},{\"@type\":\"BreadcrumbList\",\"@id\":\"https:\\\/\\\/www.franckdeville.fr\\\/bourse-investisseurs\\\/#breadcrumb\",\"itemListElement\":[{\"@type\":\"ListItem\",\"position\":1,\"name\":\"Accueil\",\"item\":\"https:\\\/\\\/www.franckdeville.fr\\\/en\\\/\"},{\"@type\":\"ListItem\",\"position\":2,\"name\":\"Bourse &#8211; Investisseurs\"}]},{\"@type\":\"WebSite\",\"@id\":\"https:\\\/\\\/www.franckdeville.fr\\\/fr\\\/#website\",\"url\":\"https:\\\/\\\/www.franckdeville.fr\\\/fr\\\/\",\"name\":\"Franck Deville\",\"description\":\"L&#039;Artisan Macaronier des Chefs\",\"publisher\":{\"@id\":\"https:\\\/\\\/www.franckdeville.fr\\\/fr\\\/#organization\"},\"potentialAction\":[{\"@type\":\"SearchAction\",\"target\":{\"@type\":\"EntryPoint\",\"urlTemplate\":\"https:\\\/\\\/www.franckdeville.fr\\\/fr\\\/?s={search_term_string}\"},\"query-input\":{\"@type\":\"PropertyValueSpecification\",\"valueRequired\":true,\"valueName\":\"search_term_string\"}}],\"inLanguage\":\"en-US\"},{\"@type\":\"Organization\",\"@id\":\"https:\\\/\\\/www.franckdeville.fr\\\/fr\\\/#organization\",\"name\":\"Franck Deville\",\"url\":\"https:\\\/\\\/www.franckdeville.fr\\\/fr\\\/\",\"logo\":{\"@type\":\"ImageObject\",\"inLanguage\":\"en-US\",\"@id\":\"https:\\\/\\\/www.franckdeville.fr\\\/fr\\\/#\\\/schema\\\/logo\\\/image\\\/\",\"url\":\"https:\\\/\\\/www.franckdeville.fr\\\/wp-content\\\/uploads\\\/2024\\\/09\\\/logo_franckdeville_small2.png\",\"contentUrl\":\"https:\\\/\\\/www.franckdeville.fr\\\/wp-content\\\/uploads\\\/2024\\\/09\\\/logo_franckdeville_small2.png\",\"width\":600,\"height\":193,\"caption\":\"Franck Deville\"},\"image\":{\"@id\":\"https:\\\/\\\/www.franckdeville.fr\\\/fr\\\/#\\\/schema\\\/logo\\\/image\\\/\"},\"sameAs\":[\"https:\\\/\\\/www.facebook.com\\\/FranckDevillemacarons\"]}]}<\/script>\n<!-- \/ Yoast SEO plugin. -->","yoast_head_json":{"title":"Bourse - Investisseurs - Franck Deville - Macarons fran\u00e7ais d&#039;excellence","description":"Retrouvez toutes les informations financi\u00e8res de Franck Deville, soci\u00e9t\u00e9 cot\u00e9e sur Euronext Paris. D\u00e9couvrez nos rapports de gestion, r\u00e9sultats financiers, proc\u00e8s-verbaux d\u2019assembl\u00e9es et donn\u00e9es cl\u00e9s sur l\u2019activit\u00e9 et l\u2019actionnariat de la Maison Franck Deville.","robots":{"index":"index","follow":"follow","max-snippet":"max-snippet:-1","max-image-preview":"max-image-preview:large","max-video-preview":"max-video-preview:-1"},"canonical":"https:\/\/www.franckdeville.fr\/en\/investor-stock-exchange\/","og_locale":"en_US","og_type":"article","og_title":"Bourse - Investisseurs - Franck Deville - Macarons fran\u00e7ais d&#039;excellence","og_description":"Retrouvez toutes les informations financi\u00e8res de Franck Deville, soci\u00e9t\u00e9 cot\u00e9e sur Euronext Paris. D\u00e9couvrez nos rapports de gestion, r\u00e9sultats financiers, proc\u00e8s-verbaux d\u2019assembl\u00e9es et donn\u00e9es cl\u00e9s sur l\u2019activit\u00e9 et l\u2019actionnariat de la Maison Franck Deville.","og_url":"https:\/\/www.franckdeville.fr\/en\/investor-stock-exchange\/","og_site_name":"Franck Deville - Macarons fran\u00e7ais d&#039;excellence","article_publisher":"https:\/\/www.facebook.com\/FranckDevillemacarons","article_modified_time":"2025-11-04T10:19:58+00:00","twitter_card":"summary_large_image","twitter_misc":{"Est. reading time":"2 minutes"},"schema":{"@context":"https:\/\/schema.org","@graph":[{"@type":"WebPage","@id":"https:\/\/www.franckdeville.fr\/bourse-investisseurs\/","url":"https:\/\/www.franckdeville.fr\/bourse-investisseurs\/","name":"Bourse - Investisseurs - Franck Deville - Macarons fran\u00e7ais d&#039;excellence","isPartOf":{"@id":"https:\/\/www.franckdeville.fr\/fr\/#website"},"datePublished":"2024-09-30T16:42:48+00:00","dateModified":"2025-11-04T10:19:58+00:00","description":"Retrouvez toutes les informations financi\u00e8res de Franck Deville, soci\u00e9t\u00e9 cot\u00e9e sur Euronext Paris. D\u00e9couvrez nos rapports de gestion, r\u00e9sultats financiers, proc\u00e8s-verbaux d\u2019assembl\u00e9es et donn\u00e9es cl\u00e9s sur l\u2019activit\u00e9 et l\u2019actionnariat de la Maison Franck Deville.","breadcrumb":{"@id":"https:\/\/www.franckdeville.fr\/bourse-investisseurs\/#breadcrumb"},"inLanguage":"en-US","potentialAction":[{"@type":"ReadAction","target":["https:\/\/www.franckdeville.fr\/bourse-investisseurs\/"]}]},{"@type":"BreadcrumbList","@id":"https:\/\/www.franckdeville.fr\/bourse-investisseurs\/#breadcrumb","itemListElement":[{"@type":"ListItem","position":1,"name":"Accueil","item":"https:\/\/www.franckdeville.fr\/en\/"},{"@type":"ListItem","position":2,"name":"Bourse &#8211; Investisseurs"}]},{"@type":"WebSite","@id":"https:\/\/www.franckdeville.fr\/fr\/#website","url":"https:\/\/www.franckdeville.fr\/fr\/","name":"Franck Deville","description":"L&#039;Artisan Macaronier des Chefs","publisher":{"@id":"https:\/\/www.franckdeville.fr\/fr\/#organization"},"potentialAction":[{"@type":"SearchAction","target":{"@type":"EntryPoint","urlTemplate":"https:\/\/www.franckdeville.fr\/fr\/?s={search_term_string}"},"query-input":{"@type":"PropertyValueSpecification","valueRequired":true,"valueName":"search_term_string"}}],"inLanguage":"en-US"},{"@type":"Organization","@id":"https:\/\/www.franckdeville.fr\/fr\/#organization","name":"Franck Deville","url":"https:\/\/www.franckdeville.fr\/fr\/","logo":{"@type":"ImageObject","inLanguage":"en-US","@id":"https:\/\/www.franckdeville.fr\/fr\/#\/schema\/logo\/image\/","url":"https:\/\/www.franckdeville.fr\/wp-content\/uploads\/2024\/09\/logo_franckdeville_small2.png","contentUrl":"https:\/\/www.franckdeville.fr\/wp-content\/uploads\/2024\/09\/logo_franckdeville_small2.png","width":600,"height":193,"caption":"Franck Deville"},"image":{"@id":"https:\/\/www.franckdeville.fr\/fr\/#\/schema\/logo\/image\/"},"sameAs":["https:\/\/www.facebook.com\/FranckDevillemacarons"]}]}},"_links":{"self":[{"href":"https:\/\/www.franckdeville.fr\/en\/wp-json\/wp\/v2\/pages\/4973","targetHints":{"allow":["GET"]}}],"collection":[{"href":"https:\/\/www.franckdeville.fr\/en\/wp-json\/wp\/v2\/pages"}],"about":[{"href":"https:\/\/www.franckdeville.fr\/en\/wp-json\/wp\/v2\/types\/page"}],"author":[{"embeddable":true,"href":"https:\/\/www.franckdeville.fr\/en\/wp-json\/wp\/v2\/users\/1"}],"replies":[{"embeddable":true,"href":"https:\/\/www.franckdeville.fr\/en\/wp-json\/wp\/v2\/comments?post=4973"}],"version-history":[{"count":11,"href":"https:\/\/www.franckdeville.fr\/en\/wp-json\/wp\/v2\/pages\/4973\/revisions"}],"predecessor-version":[{"id":5155,"href":"https:\/\/www.franckdeville.fr\/en\/wp-json\/wp\/v2\/pages\/4973\/revisions\/5155"}],"wp:attachment":[{"href":"https:\/\/www.franckdeville.fr\/en\/wp-json\/wp\/v2\/media?parent=4973"}],"curies":[{"name":"wp","href":"https:\/\/api.w.org\/{rel}","templated":true}]}}