{"id":4934,"date":"2024-09-30T11:12:12","date_gmt":"2024-09-30T09:12:12","guid":{"rendered":"https:\/\/www.franckdeville.fr\/?page_id=4934"},"modified":"2025-10-20T15:48:18","modified_gmt":"2025-10-20T13:48:18","slug":"spirit-macaroons-with-alcohol","status":"publish","type":"page","link":"https:\/\/www.franckdeville.fr\/en\/spirit-macaroons-with-alcohol\/","title":{"rendered":"Spirit macaroons with alcohol"},"content":{"rendered":"<div class=\"mkdf-row-grid-section-wrapper mkdf-content-aligment-center\"  ><div class=\"mkdf-row-grid-section\"><div class=\"vc_row wpb_row vc_row-fluid vc_custom_1719909206711\" ><div class=\"wpb_column vc_column_container vc_col-sm-12\"><div class=\"vc_column-inner\"><div class=\"wpb_wrapper\">\n\t<div class=\"wpb_text_column wpb_content_element  vc_custom_1727687508085\" >\n\t\t<div class=\"wpb_wrapper\">\n\t\t\t<p><strong>Get ready for an explosion of flavors with Spirit macaroons!<br \/>\n<\/strong>Designed by Franck Deville in collaboration with renowned mixologist Joseph Trotta, these macarons revisit classic cocktails with a daring twist. Inspired by the great cocktail classics, this bold collection marries the elegance of the French macaron with the intoxicating flavors of iconic cocktails.<\/p>\n\n\t\t<\/div>\n\t<\/div>\n<div class=\"mkdf-portfolio-list-holder mkdf-grid-list mkdf-disable-bottom-space mkdf-pl-gallery mkdf-three-columns mkdf-huge-space mkdf-pl-gallery-overlay-boxed    mkdf-pl-pag-no-pagination\"  data-type=\"gallery\" data-number-of-columns=\"three\" data-space-between-items=\"huge\" data-number-of-items=\"-1\" data-image-proportions=\"full\" data-enable-fixed-proportions=\"no\" data-enable-image-shadow=\"no\" data-category=\"macarons-spirit-avec-alcool\" data-orderby=\"name\" data-order=\"ASC\" data-item-style=\"gallery-overlay-boxed\" data-additional-hover=\"no\" data-enable-title=\"yes\" data-title-tag=\"h4\" data-enable-category=\"yes\" data-enable-count-images=\"yes\" data-enable-excerpt=\"no\" data-excerpt-length=\"20\" data-pagination-type=\"no-pagination\" data-filter=\"no\" data-filter-order-by=\"name\" data-enable-article-animation=\"no\" data-portfolio-slider-on=\"no\" data-enable-loop=\"yes\" data-enable-autoplay=\"yes\" data-slider-speed=\"5000\" data-slider-speed-animation=\"600\" data-enable-navigation=\"yes\" data-enable-pagination=\"yes\" data-max-num-pages=\"0\" data-next-page=\"2\">\n\t\t<div class=\"mkdf-pl-inner mkdf-outer-space  clearfix\">\n\t\t<article class=\"mkdf-pl-item mkdf-item-space  post-4942 portfolio-item type-portfolio-item status-publish has-post-thumbnail hentry portfolio-category-macarons-spirit-avec-alcool\">\n\t<div class=\"mkdf-pl-item-inner\">\n\t\t<div class=\"mkdf-pli-image\">\n\t<img loading=\"lazy\" decoding=\"async\" width=\"800\" height=\"800\" src=\"https:\/\/www.franckdeville.fr\/wp-content\/uploads\/2024\/09\/framboise-gin-1.jpg\" class=\"attachment-full size-full wp-post-image\" alt=\"Framboise gin\" srcset=\"https:\/\/www.franckdeville.fr\/wp-content\/uploads\/2024\/09\/framboise-gin-1.jpg 800w, https:\/\/www.franckdeville.fr\/wp-content\/uploads\/2024\/09\/framboise-gin-1-300x300.jpg 300w, https:\/\/www.franckdeville.fr\/wp-content\/uploads\/2024\/09\/framboise-gin-1-150x150.jpg 150w, https:\/\/www.franckdeville.fr\/wp-content\/uploads\/2024\/09\/framboise-gin-1-768x768.jpg 768w, https:\/\/www.franckdeville.fr\/wp-content\/uploads\/2024\/09\/framboise-gin-1-650x650.jpg 650w\" sizes=\"auto, (max-width: 800px) 100vw, 800px\" \/><\/div>\n<div class=\"mkdf-pli-text-holder\">\n    <div class=\"mkdf-pli-text-wrapper\">\n        <div class=\"mkdf-pli-text\">\n            <div class=\"mkdf-pli-text-inner\">\n                <div class=\"mkdf-pli-content\">\n                    \t<h4 itemprop=\"name\" class=\"mkdf-pli-title entry-title\" >\n\t\tRaspberry Gin\t<\/h4>\n\n                    \t\t<div class=\"mkdf-pli-category-holder\">\n\t\t\t\t\t\t\t<a itemprop=\"url\" class=\"mkdf-pli-category\" href=\"https:\/\/www.franckdeville.fr\/en\/portfolio-category\/spirit-macaroons-with-alcohol\/\">Spirit macaroons with alcohol<\/a>\n\t\t\t\t\t<\/div>\n\t\n                    \n                                    <\/div>\n            <\/div>\n        <\/div>\n    <\/div>\n<\/div>\n\t\t<a itemprop=\"url\" class=\"mkdf-pli-link mkdf-block-drag-link\" href=\"https:\/\/www.franckdeville.fr\/en\/portfolio-item\/raspberry-gin\/\" target=\"_self\"><\/a>\n\t<\/div>\n<\/article><article class=\"mkdf-pl-item mkdf-item-space  post-4944 portfolio-item type-portfolio-item status-publish has-post-thumbnail hentry portfolio-category-macarons-spirit-avec-alcool\">\n\t<div class=\"mkdf-pl-item-inner\">\n\t\t<div class=\"mkdf-pli-image\">\n\t<img loading=\"lazy\" decoding=\"async\" width=\"800\" height=\"800\" src=\"https:\/\/www.franckdeville.fr\/wp-content\/uploads\/2024\/09\/irish-coffee-1.jpg\" class=\"attachment-full size-full wp-post-image\" alt=\"Irish coffee\" srcset=\"https:\/\/www.franckdeville.fr\/wp-content\/uploads\/2024\/09\/irish-coffee-1.jpg 800w, https:\/\/www.franckdeville.fr\/wp-content\/uploads\/2024\/09\/irish-coffee-1-300x300.jpg 300w, https:\/\/www.franckdeville.fr\/wp-content\/uploads\/2024\/09\/irish-coffee-1-150x150.jpg 150w, https:\/\/www.franckdeville.fr\/wp-content\/uploads\/2024\/09\/irish-coffee-1-768x768.jpg 768w, https:\/\/www.franckdeville.fr\/wp-content\/uploads\/2024\/09\/irish-coffee-1-650x650.jpg 650w\" sizes=\"auto, (max-width: 800px) 100vw, 800px\" \/><\/div>\n<div class=\"mkdf-pli-text-holder\">\n    <div class=\"mkdf-pli-text-wrapper\">\n        <div class=\"mkdf-pli-text\">\n            <div class=\"mkdf-pli-text-inner\">\n                <div class=\"mkdf-pli-content\">\n                    \t<h4 itemprop=\"name\" class=\"mkdf-pli-title entry-title\" >\n\t\tIrish Coffee\t<\/h4>\n\n                    \t\t<div class=\"mkdf-pli-category-holder\">\n\t\t\t\t\t\t\t<a itemprop=\"url\" class=\"mkdf-pli-category\" href=\"https:\/\/www.franckdeville.fr\/en\/portfolio-category\/spirit-macaroons-with-alcohol\/\">Spirit macaroons with alcohol<\/a>\n\t\t\t\t\t<\/div>\n\t\n                    \n                                    <\/div>\n            <\/div>\n        <\/div>\n    <\/div>\n<\/div>\n\t\t<a itemprop=\"url\" class=\"mkdf-pli-link mkdf-block-drag-link\" href=\"https:\/\/www.franckdeville.fr\/en\/portfolio-item\/irish-coffee\/\" target=\"_self\"><\/a>\n\t<\/div>\n<\/article><article class=\"mkdf-pl-item mkdf-item-space  post-4945 portfolio-item type-portfolio-item status-publish has-post-thumbnail hentry portfolio-category-macarons-spirit-avec-alcool\">\n\t<div class=\"mkdf-pl-item-inner\">\n\t\t<div class=\"mkdf-pli-image\">\n\t<img loading=\"lazy\" decoding=\"async\" width=\"800\" height=\"800\" src=\"https:\/\/www.franckdeville.fr\/wp-content\/uploads\/2024\/09\/limoncello-passion-1.jpg\" class=\"attachment-full size-full wp-post-image\" alt=\"Limoncello passion\" srcset=\"https:\/\/www.franckdeville.fr\/wp-content\/uploads\/2024\/09\/limoncello-passion-1.jpg 800w, https:\/\/www.franckdeville.fr\/wp-content\/uploads\/2024\/09\/limoncello-passion-1-300x300.jpg 300w, https:\/\/www.franckdeville.fr\/wp-content\/uploads\/2024\/09\/limoncello-passion-1-150x150.jpg 150w, https:\/\/www.franckdeville.fr\/wp-content\/uploads\/2024\/09\/limoncello-passion-1-768x768.jpg 768w, https:\/\/www.franckdeville.fr\/wp-content\/uploads\/2024\/09\/limoncello-passion-1-650x650.jpg 650w\" sizes=\"auto, (max-width: 800px) 100vw, 800px\" \/><\/div>\n<div class=\"mkdf-pli-text-holder\">\n    <div class=\"mkdf-pli-text-wrapper\">\n        <div class=\"mkdf-pli-text\">\n            <div class=\"mkdf-pli-text-inner\">\n                <div class=\"mkdf-pli-content\">\n                    \t<h4 itemprop=\"name\" class=\"mkdf-pli-title entry-title\" >\n\t\tLimoncello Passion\t<\/h4>\n\n                    \t\t<div class=\"mkdf-pli-category-holder\">\n\t\t\t\t\t\t\t<a itemprop=\"url\" class=\"mkdf-pli-category\" href=\"https:\/\/www.franckdeville.fr\/en\/portfolio-category\/spirit-macaroons-with-alcohol\/\">Spirit macaroons with alcohol<\/a>\n\t\t\t\t\t<\/div>\n\t\n                    \n                                    <\/div>\n            <\/div>\n        <\/div>\n    <\/div>\n<\/div>\n\t\t<a itemprop=\"url\" class=\"mkdf-pli-link mkdf-block-drag-link\" href=\"https:\/\/www.franckdeville.fr\/en\/portfolio-item\/limoncello-passion\/\" target=\"_self\"><\/a>\n\t<\/div>\n<\/article><article class=\"mkdf-pl-item mkdf-item-space  post-4936 portfolio-item type-portfolio-item status-publish has-post-thumbnail hentry portfolio-category-macarons-spirit-avec-alcool\">\n\t<div class=\"mkdf-pl-item-inner\">\n\t\t<div class=\"mkdf-pli-image\">\n\t<img loading=\"lazy\" decoding=\"async\" width=\"800\" height=\"800\" src=\"https:\/\/www.franckdeville.fr\/wp-content\/uploads\/2024\/09\/orange-spritz-1.jpg\" class=\"attachment-full size-full wp-post-image\" alt=\"Orange spritz\" srcset=\"https:\/\/www.franckdeville.fr\/wp-content\/uploads\/2024\/09\/orange-spritz-1.jpg 800w, https:\/\/www.franckdeville.fr\/wp-content\/uploads\/2024\/09\/orange-spritz-1-300x300.jpg 300w, https:\/\/www.franckdeville.fr\/wp-content\/uploads\/2024\/09\/orange-spritz-1-150x150.jpg 150w, https:\/\/www.franckdeville.fr\/wp-content\/uploads\/2024\/09\/orange-spritz-1-768x768.jpg 768w, https:\/\/www.franckdeville.fr\/wp-content\/uploads\/2024\/09\/orange-spritz-1-650x650.jpg 650w\" sizes=\"auto, (max-width: 800px) 100vw, 800px\" \/><\/div>\n<div class=\"mkdf-pli-text-holder\">\n    <div class=\"mkdf-pli-text-wrapper\">\n        <div class=\"mkdf-pli-text\">\n            <div class=\"mkdf-pli-text-inner\">\n                <div class=\"mkdf-pli-content\">\n                    \t<h4 itemprop=\"name\" class=\"mkdf-pli-title entry-title\" >\n\t\tOrange Spritz\t<\/h4>\n\n                    \t\t<div class=\"mkdf-pli-category-holder\">\n\t\t\t\t\t\t\t<a itemprop=\"url\" class=\"mkdf-pli-category\" href=\"https:\/\/www.franckdeville.fr\/en\/portfolio-category\/spirit-macaroons-with-alcohol\/\">Spirit macaroons with alcohol<\/a>\n\t\t\t\t\t<\/div>\n\t\n                    \n                                    <\/div>\n            <\/div>\n        <\/div>\n    <\/div>\n<\/div>\n\t\t<a itemprop=\"url\" class=\"mkdf-pli-link mkdf-block-drag-link\" href=\"https:\/\/www.franckdeville.fr\/en\/portfolio-item\/orange-spritz\/\" target=\"_self\"><\/a>\n\t<\/div>\n<\/article><article class=\"mkdf-pl-item mkdf-item-space  post-4943 portfolio-item type-portfolio-item status-publish has-post-thumbnail hentry portfolio-category-macarons-spirit-avec-alcool\">\n\t<div class=\"mkdf-pl-item-inner\">\n\t\t<div class=\"mkdf-pli-image\">\n\t<img loading=\"lazy\" decoding=\"async\" width=\"800\" height=\"800\" src=\"https:\/\/www.franckdeville.fr\/wp-content\/uploads\/2024\/09\/rhum-raisin-1.jpg\" class=\"attachment-full size-full wp-post-image\" alt=\"Rhum raisin\" srcset=\"https:\/\/www.franckdeville.fr\/wp-content\/uploads\/2024\/09\/rhum-raisin-1.jpg 800w, https:\/\/www.franckdeville.fr\/wp-content\/uploads\/2024\/09\/rhum-raisin-1-300x300.jpg 300w, https:\/\/www.franckdeville.fr\/wp-content\/uploads\/2024\/09\/rhum-raisin-1-150x150.jpg 150w, https:\/\/www.franckdeville.fr\/wp-content\/uploads\/2024\/09\/rhum-raisin-1-768x768.jpg 768w, https:\/\/www.franckdeville.fr\/wp-content\/uploads\/2024\/09\/rhum-raisin-1-650x650.jpg 650w\" sizes=\"auto, (max-width: 800px) 100vw, 800px\" \/><\/div>\n<div class=\"mkdf-pli-text-holder\">\n    <div class=\"mkdf-pli-text-wrapper\">\n        <div class=\"mkdf-pli-text\">\n            <div class=\"mkdf-pli-text-inner\">\n                <div class=\"mkdf-pli-content\">\n                    \t<h4 itemprop=\"name\" class=\"mkdf-pli-title entry-title\" >\n\t\tRhum Raisin\t<\/h4>\n\n                    \t\t<div class=\"mkdf-pli-category-holder\">\n\t\t\t\t\t\t\t<a itemprop=\"url\" class=\"mkdf-pli-category\" href=\"https:\/\/www.franckdeville.fr\/en\/portfolio-category\/spirit-macaroons-with-alcohol\/\">Spirit macaroons with alcohol<\/a>\n\t\t\t\t\t<\/div>\n\t\n                    \n                                    <\/div>\n            <\/div>\n        <\/div>\n    <\/div>\n<\/div>\n\t\t<a itemprop=\"url\" class=\"mkdf-pli-link mkdf-block-drag-link\" href=\"https:\/\/www.franckdeville.fr\/en\/portfolio-item\/grape-rum\/\" target=\"_self\"><\/a>\n\t<\/div>\n<\/article>\t<\/div>\n\t\n\t<\/div><\/div><\/div><\/div><\/div><\/div><\/div>","protected":false},"excerpt":{"rendered":"Voyagez aux Cara\u00efbes avec notre macaron rhum raisin, id\u00e9al pour une d\u00e9gustation en apr\u00e8s-midi tropicale. &nbsp; Allerg\u00e8nes : Fruit \u00e0 coque (amande), oeuf, lait Peut contenir des traces de soja, d\u2019autres fruits \u00e0 coques (pistache, noisette et noix)","protected":false},"author":1,"featured_media":0,"parent":0,"menu_order":0,"comment_status":"closed","ping_status":"closed","template":"full-width.php","meta":{"footnotes":""},"class_list":["post-4934","page","type-page","status-publish","hentry"],"yoast_head":"<!-- This site is optimized with the Yoast SEO plugin v27.4 - https:\/\/yoast.com\/product\/yoast-seo-wordpress\/ -->\n<title>Macarons Spirit avec alcool \u2013 Franck Deville<\/title>\n<meta name=\"description\" content=\"D\u00e9couvrez les Macarons Spirit Franck Deville, cr\u00e9ations audacieuses aux notes de spiritueux raffin\u00e9s. Des macarons d\u2019exception mariant subtilement l\u2019intensit\u00e9 des alcools nobles et l\u2019\u00e9l\u00e9gance du savoir-faire p\u00e2tissier fran\u00e7ais.\" \/>\n<meta name=\"robots\" content=\"index, follow, max-snippet:-1, max-image-preview:large, max-video-preview:-1\" \/>\n<link rel=\"canonical\" href=\"http:\/\/www.franckdeville.fr\/en\/spirit-macaroons-with-alcohol\/\" \/>\n<meta property=\"og:locale\" content=\"en_US\" \/>\n<meta property=\"og:type\" content=\"article\" \/>\n<meta property=\"og:title\" content=\"Macarons Spirit avec alcool \u2013 Franck Deville\" \/>\n<meta property=\"og:description\" content=\"D\u00e9couvrez les Macarons Spirit Franck Deville, cr\u00e9ations audacieuses aux notes de spiritueux raffin\u00e9s. Des macarons d\u2019exception mariant subtilement l\u2019intensit\u00e9 des alcools nobles et l\u2019\u00e9l\u00e9gance du savoir-faire p\u00e2tissier fran\u00e7ais.\" \/>\n<meta property=\"og:url\" content=\"http:\/\/www.franckdeville.fr\/en\/spirit-macaroons-with-alcohol\/\" \/>\n<meta property=\"og:site_name\" content=\"Franck Deville - Macarons fran\u00e7ais d&#039;excellence\" \/>\n<meta property=\"article:publisher\" content=\"https:\/\/www.facebook.com\/FranckDevillemacarons\" \/>\n<meta property=\"article:modified_time\" content=\"2025-10-20T13:48:18+00:00\" \/>\n<meta name=\"twitter:card\" content=\"summary_large_image\" \/>\n<meta name=\"twitter:label1\" content=\"Est. reading time\" \/>\n\t<meta name=\"twitter:data1\" content=\"1 minute\" \/>\n<script type=\"application\/ld+json\" class=\"yoast-schema-graph\">{\"@context\":\"https:\\\/\\\/schema.org\",\"@graph\":[{\"@type\":\"WebPage\",\"@id\":\"http:\\\/\\\/www.franckdeville.fr\\\/fr\\\/macarons-spirit-avec-alcool\\\/\",\"url\":\"http:\\\/\\\/www.franckdeville.fr\\\/fr\\\/macarons-spirit-avec-alcool\\\/\",\"name\":\"Macarons Spirit avec alcool \u2013 Franck Deville\",\"isPartOf\":{\"@id\":\"https:\\\/\\\/www.franckdeville.fr\\\/fr\\\/#website\"},\"datePublished\":\"2024-09-30T09:12:12+00:00\",\"dateModified\":\"2025-10-20T13:48:18+00:00\",\"description\":\"D\u00e9couvrez les Macarons Spirit Franck Deville, cr\u00e9ations audacieuses aux notes de spiritueux raffin\u00e9s. Des macarons d\u2019exception mariant subtilement l\u2019intensit\u00e9 des alcools nobles et l\u2019\u00e9l\u00e9gance du savoir-faire p\u00e2tissier fran\u00e7ais.\",\"breadcrumb\":{\"@id\":\"http:\\\/\\\/www.franckdeville.fr\\\/fr\\\/macarons-spirit-avec-alcool\\\/#breadcrumb\"},\"inLanguage\":\"en-US\",\"potentialAction\":[{\"@type\":\"ReadAction\",\"target\":[\"http:\\\/\\\/www.franckdeville.fr\\\/fr\\\/macarons-spirit-avec-alcool\\\/\"]}]},{\"@type\":\"BreadcrumbList\",\"@id\":\"http:\\\/\\\/www.franckdeville.fr\\\/fr\\\/macarons-spirit-avec-alcool\\\/#breadcrumb\",\"itemListElement\":[{\"@type\":\"ListItem\",\"position\":1,\"name\":\"Accueil\",\"item\":\"http:\\\/\\\/www.franckdeville.fr\\\/fr\\\/\"},{\"@type\":\"ListItem\",\"position\":2,\"name\":\"Macarons Spirit avec alcool\"}]},{\"@type\":\"WebSite\",\"@id\":\"https:\\\/\\\/www.franckdeville.fr\\\/fr\\\/#website\",\"url\":\"https:\\\/\\\/www.franckdeville.fr\\\/fr\\\/\",\"name\":\"Franck Deville\",\"description\":\"L&#039;Artisan Macaronier des Chefs\",\"publisher\":{\"@id\":\"https:\\\/\\\/www.franckdeville.fr\\\/fr\\\/#organization\"},\"potentialAction\":[{\"@type\":\"SearchAction\",\"target\":{\"@type\":\"EntryPoint\",\"urlTemplate\":\"https:\\\/\\\/www.franckdeville.fr\\\/fr\\\/?s={search_term_string}\"},\"query-input\":{\"@type\":\"PropertyValueSpecification\",\"valueRequired\":true,\"valueName\":\"search_term_string\"}}],\"inLanguage\":\"en-US\"},{\"@type\":\"Organization\",\"@id\":\"https:\\\/\\\/www.franckdeville.fr\\\/fr\\\/#organization\",\"name\":\"Franck Deville\",\"url\":\"https:\\\/\\\/www.franckdeville.fr\\\/fr\\\/\",\"logo\":{\"@type\":\"ImageObject\",\"inLanguage\":\"en-US\",\"@id\":\"https:\\\/\\\/www.franckdeville.fr\\\/fr\\\/#\\\/schema\\\/logo\\\/image\\\/\",\"url\":\"https:\\\/\\\/www.franckdeville.fr\\\/wp-content\\\/uploads\\\/2024\\\/09\\\/logo_franckdeville_small2.png\",\"contentUrl\":\"https:\\\/\\\/www.franckdeville.fr\\\/wp-content\\\/uploads\\\/2024\\\/09\\\/logo_franckdeville_small2.png\",\"width\":600,\"height\":193,\"caption\":\"Franck Deville\"},\"image\":{\"@id\":\"https:\\\/\\\/www.franckdeville.fr\\\/fr\\\/#\\\/schema\\\/logo\\\/image\\\/\"},\"sameAs\":[\"https:\\\/\\\/www.facebook.com\\\/FranckDevillemacarons\"]}]}<\/script>\n<!-- \/ Yoast SEO plugin. -->","yoast_head_json":{"title":"Spirit macaroons with alcohol - Franck Deville","description":"D\u00e9couvrez les Macarons Spirit Franck Deville, cr\u00e9ations audacieuses aux notes de spiritueux raffin\u00e9s. Des macarons d\u2019exception mariant subtilement l\u2019intensit\u00e9 des alcools nobles et l\u2019\u00e9l\u00e9gance du savoir-faire p\u00e2tissier fran\u00e7ais.","robots":{"index":"index","follow":"follow","max-snippet":"max-snippet:-1","max-image-preview":"max-image-preview:large","max-video-preview":"max-video-preview:-1"},"canonical":"http:\/\/www.franckdeville.fr\/en\/spirit-macaroons-with-alcohol\/","og_locale":"en_US","og_type":"article","og_title":"Macarons Spirit avec alcool \u2013 Franck Deville","og_description":"D\u00e9couvrez les Macarons Spirit Franck Deville, cr\u00e9ations audacieuses aux notes de spiritueux raffin\u00e9s. Des macarons d\u2019exception mariant subtilement l\u2019intensit\u00e9 des alcools nobles et l\u2019\u00e9l\u00e9gance du savoir-faire p\u00e2tissier fran\u00e7ais.","og_url":"http:\/\/www.franckdeville.fr\/en\/spirit-macaroons-with-alcohol\/","og_site_name":"Franck Deville - Macarons fran\u00e7ais d&#039;excellence","article_publisher":"https:\/\/www.facebook.com\/FranckDevillemacarons","article_modified_time":"2025-10-20T13:48:18+00:00","twitter_card":"summary_large_image","twitter_misc":{"Est. reading time":"1 minute"},"schema":{"@context":"https:\/\/schema.org","@graph":[{"@type":"WebPage","@id":"http:\/\/www.franckdeville.fr\/fr\/macarons-spirit-avec-alcool\/","url":"http:\/\/www.franckdeville.fr\/fr\/macarons-spirit-avec-alcool\/","name":"Spirit macaroons with alcohol - Franck Deville","isPartOf":{"@id":"https:\/\/www.franckdeville.fr\/fr\/#website"},"datePublished":"2024-09-30T09:12:12+00:00","dateModified":"2025-10-20T13:48:18+00:00","description":"D\u00e9couvrez les Macarons Spirit Franck Deville, cr\u00e9ations audacieuses aux notes de spiritueux raffin\u00e9s. Des macarons d\u2019exception mariant subtilement l\u2019intensit\u00e9 des alcools nobles et l\u2019\u00e9l\u00e9gance du savoir-faire p\u00e2tissier fran\u00e7ais.","breadcrumb":{"@id":"http:\/\/www.franckdeville.fr\/fr\/macarons-spirit-avec-alcool\/#breadcrumb"},"inLanguage":"en-US","potentialAction":[{"@type":"ReadAction","target":["http:\/\/www.franckdeville.fr\/fr\/macarons-spirit-avec-alcool\/"]}]},{"@type":"BreadcrumbList","@id":"http:\/\/www.franckdeville.fr\/fr\/macarons-spirit-avec-alcool\/#breadcrumb","itemListElement":[{"@type":"ListItem","position":1,"name":"Accueil","item":"http:\/\/www.franckdeville.fr\/fr\/"},{"@type":"ListItem","position":2,"name":"Macarons Spirit avec alcool"}]},{"@type":"WebSite","@id":"https:\/\/www.franckdeville.fr\/fr\/#website","url":"https:\/\/www.franckdeville.fr\/fr\/","name":"Franck Deville","description":"L&#039;Artisan Macaronier des Chefs","publisher":{"@id":"https:\/\/www.franckdeville.fr\/fr\/#organization"},"potentialAction":[{"@type":"SearchAction","target":{"@type":"EntryPoint","urlTemplate":"https:\/\/www.franckdeville.fr\/fr\/?s={search_term_string}"},"query-input":{"@type":"PropertyValueSpecification","valueRequired":true,"valueName":"search_term_string"}}],"inLanguage":"en-US"},{"@type":"Organization","@id":"https:\/\/www.franckdeville.fr\/fr\/#organization","name":"Franck Deville","url":"https:\/\/www.franckdeville.fr\/fr\/","logo":{"@type":"ImageObject","inLanguage":"en-US","@id":"https:\/\/www.franckdeville.fr\/fr\/#\/schema\/logo\/image\/","url":"https:\/\/www.franckdeville.fr\/wp-content\/uploads\/2024\/09\/logo_franckdeville_small2.png","contentUrl":"https:\/\/www.franckdeville.fr\/wp-content\/uploads\/2024\/09\/logo_franckdeville_small2.png","width":600,"height":193,"caption":"Franck Deville"},"image":{"@id":"https:\/\/www.franckdeville.fr\/fr\/#\/schema\/logo\/image\/"},"sameAs":["https:\/\/www.facebook.com\/FranckDevillemacarons"]}]}},"_links":{"self":[{"href":"https:\/\/www.franckdeville.fr\/en\/wp-json\/wp\/v2\/pages\/4934","targetHints":{"allow":["GET"]}}],"collection":[{"href":"https:\/\/www.franckdeville.fr\/en\/wp-json\/wp\/v2\/pages"}],"about":[{"href":"https:\/\/www.franckdeville.fr\/en\/wp-json\/wp\/v2\/types\/page"}],"author":[{"embeddable":true,"href":"https:\/\/www.franckdeville.fr\/en\/wp-json\/wp\/v2\/users\/1"}],"replies":[{"embeddable":true,"href":"https:\/\/www.franckdeville.fr\/en\/wp-json\/wp\/v2\/comments?post=4934"}],"version-history":[{"count":4,"href":"https:\/\/www.franckdeville.fr\/en\/wp-json\/wp\/v2\/pages\/4934\/revisions"}],"predecessor-version":[{"id":5012,"href":"https:\/\/www.franckdeville.fr\/en\/wp-json\/wp\/v2\/pages\/4934\/revisions\/5012"}],"wp:attachment":[{"href":"https:\/\/www.franckdeville.fr\/en\/wp-json\/wp\/v2\/media?parent=4934"}],"curies":[{"name":"wp","href":"https:\/\/api.w.org\/{rel}","templated":true}]}}