{"id":4701,"date":"2024-09-19T17:39:14","date_gmt":"2024-09-19T15:39:14","guid":{"rendered":"https:\/\/v2.franckdeville.fr\/?page_id=4701"},"modified":"2025-10-20T15:47:33","modified_gmt":"2025-10-20T13:47:33","slug":"customized-macaroons","status":"publish","type":"page","link":"https:\/\/www.franckdeville.fr\/en\/customized-macaroons\/","title":{"rendered":"Custom-made macaroons"},"content":{"rendered":"<div class=\"mkdf-row-grid-section-wrapper mkdf-content-aligment-center\"  ><div class=\"mkdf-row-grid-section\"><div class=\"vc_row wpb_row vc_row-fluid vc_custom_1719909206711\" ><div class=\"wpb_column vc_column_container vc_col-sm-12\"><div class=\"vc_column-inner\"><div class=\"wpb_wrapper\">\n\t<div class=\"wpb_text_column wpb_content_element  vc_custom_1726761564532\" >\n\t\t<div class=\"wpb_wrapper\">\n\t\t\t<p><strong>Tailor-made service<\/strong><\/p>\n<p>Adapting and listening to our customers are our leitmotivs.<\/p>\n<p>For our professional customers, we can manufacture macaroons to your specifications.<\/p>\n<p><strong>Personalizing your badge<\/strong><\/p>\n<p>Make a lasting impression at your events, whether professional or personal, with our personalized macaroons. An original and memorable signature for every occasion.<\/p>\n<p>Discover our range of heart-shaped macaroons, designed to melt hearts and gently express your emotions.<\/p>\n\n\t\t<\/div>\n\t<\/div>\n<div class=\"mkdf-gallery-blocks-holder mkdf-disable-bottom-space  mkdf-huge-space\">\n        <div class=\"mkdf-gb-images mkdf-outer-space\">\n        \t                        <div class=\"mkdf-gb-image mkdf-item-space\">\n            \t                \t                        <img loading=\"lazy\" decoding=\"async\" width=\"1707\" height=\"2560\" src=\"https:\/\/www.franckdeville.fr\/wp-content\/uploads\/2024\/09\/Macarons-sur-mesure-2-1-scaled.jpg\" class=\"attachment-full size-full\" alt=\"\" srcset=\"https:\/\/www.franckdeville.fr\/wp-content\/uploads\/2024\/09\/Macarons-sur-mesure-2-1-scaled.jpg 1707w, https:\/\/www.franckdeville.fr\/wp-content\/uploads\/2024\/09\/Macarons-sur-mesure-2-1-200x300.jpg 200w, https:\/\/www.franckdeville.fr\/wp-content\/uploads\/2024\/09\/Macarons-sur-mesure-2-1-683x1024.jpg 683w, https:\/\/www.franckdeville.fr\/wp-content\/uploads\/2024\/09\/Macarons-sur-mesure-2-1-768x1152.jpg 768w, https:\/\/www.franckdeville.fr\/wp-content\/uploads\/2024\/09\/Macarons-sur-mesure-2-1-1024x1536.jpg 1024w, https:\/\/www.franckdeville.fr\/wp-content\/uploads\/2024\/09\/Macarons-sur-mesure-2-1-1365x2048.jpg 1365w\" sizes=\"auto, (max-width: 1707px) 100vw, 1707px\" \/>                                    <\/div>\n        \t                        <div class=\"mkdf-gb-image mkdf-item-space\">\n            \t                \t                        <img loading=\"lazy\" decoding=\"async\" width=\"1707\" height=\"2560\" src=\"https:\/\/www.franckdeville.fr\/wp-content\/uploads\/2024\/09\/Macarons-sur-mesure-1-1-scaled.jpg\" class=\"attachment-full size-full\" alt=\"\" srcset=\"https:\/\/www.franckdeville.fr\/wp-content\/uploads\/2024\/09\/Macarons-sur-mesure-1-1-scaled.jpg 1707w, https:\/\/www.franckdeville.fr\/wp-content\/uploads\/2024\/09\/Macarons-sur-mesure-1-1-200x300.jpg 200w, https:\/\/www.franckdeville.fr\/wp-content\/uploads\/2024\/09\/Macarons-sur-mesure-1-1-683x1024.jpg 683w, https:\/\/www.franckdeville.fr\/wp-content\/uploads\/2024\/09\/Macarons-sur-mesure-1-1-768x1152.jpg 768w, https:\/\/www.franckdeville.fr\/wp-content\/uploads\/2024\/09\/Macarons-sur-mesure-1-1-1024x1536.jpg 1024w, https:\/\/www.franckdeville.fr\/wp-content\/uploads\/2024\/09\/Macarons-sur-mesure-1-1-1365x2048.jpg 1365w\" sizes=\"auto, (max-width: 1707px) 100vw, 1707px\" \/>                                    <\/div>\n            <\/div>\n<\/div><\/div><\/div><\/div><\/div><\/div><\/div>","protected":false},"excerpt":{"rendered":"Un service sur mesure S\u2019adapter et \u00eatre \u00e0 l\u2019\u00e9coute de nos clients sont nos leitmotivs. Pour nos clients professionnels, nous pouvons fabriquer les macarons en fonction de votre cahier des charges. La personnalisation du macaron Marquez les esprits lors de vos \u00e9v\u00e8nements, qu\u2019ils soient professionnels ou personnels, avec nos macarons personnalis\u00e9s. Une signature originale et m\u00e9morable pour chaque occasion. D\u00e9couvrez notre gamme de macarons en forme de c\u0153ur, con\u00e7us pour faire fondre les c\u0153urs et exprimer vos \u00e9motions tout en douceur.","protected":false},"author":1,"featured_media":0,"parent":0,"menu_order":0,"comment_status":"closed","ping_status":"closed","template":"full-width.php","meta":{"footnotes":""},"class_list":["post-4701","page","type-page","status-publish","hentry"],"yoast_head":"<!-- This site is optimized with the Yoast SEO plugin v26.2 - https:\/\/yoast.com\/wordpress\/plugins\/seo\/ -->\n<title>Macarons personnalis\u00e9s &amp; sur-mesure - Franck Deville - Macarons fran\u00e7ais d&#039;excellence<\/title>\n<meta name=\"description\" content=\"Offrez des macarons personnalis\u00e9s Franck Deville, cr\u00e9\u00e9s sur-mesure pour vos \u00e9v\u00e9nements, cadeaux d\u2019entreprise ou mariages. Un savoir-faire artisanal d\u2019exception pour des cr\u00e9ations uniques \u00e0 votre image.\" \/>\n<meta name=\"robots\" content=\"index, follow, max-snippet:-1, max-image-preview:large, max-video-preview:-1\" \/>\n<link rel=\"canonical\" href=\"https:\/\/www.franckdeville.fr\/en\/customized-macaroons\/\" \/>\n<meta property=\"og:locale\" content=\"en_US\" \/>\n<meta property=\"og:type\" content=\"article\" \/>\n<meta property=\"og:title\" content=\"Macarons personnalis\u00e9s &amp; sur-mesure - Franck Deville - Macarons fran\u00e7ais d&#039;excellence\" \/>\n<meta property=\"og:description\" content=\"Offrez des macarons personnalis\u00e9s Franck Deville, cr\u00e9\u00e9s sur-mesure pour vos \u00e9v\u00e9nements, cadeaux d\u2019entreprise ou mariages. Un savoir-faire artisanal d\u2019exception pour des cr\u00e9ations uniques \u00e0 votre image.\" \/>\n<meta property=\"og:url\" content=\"https:\/\/www.franckdeville.fr\/en\/customized-macaroons\/\" \/>\n<meta property=\"og:site_name\" content=\"Franck Deville - Macarons fran\u00e7ais d&#039;excellence\" \/>\n<meta property=\"article:publisher\" content=\"https:\/\/www.facebook.com\/FranckDevillemacarons\" \/>\n<meta property=\"article:modified_time\" content=\"2025-10-20T13:47:33+00:00\" \/>\n<meta name=\"twitter:card\" content=\"summary_large_image\" \/>\n<meta name=\"twitter:label1\" content=\"Est. reading time\" \/>\n\t<meta name=\"twitter:data1\" content=\"1 minute\" \/>\n<script type=\"application\/ld+json\" class=\"yoast-schema-graph\">{\"@context\":\"https:\/\/schema.org\",\"@graph\":[{\"@type\":\"WebPage\",\"@id\":\"https:\/\/www.franckdeville.fr\/macarons-personnalises-sur-mesure\/\",\"url\":\"https:\/\/www.franckdeville.fr\/macarons-personnalises-sur-mesure\/\",\"name\":\"Macarons personnalis\u00e9s & sur-mesure - Franck Deville - Macarons fran\u00e7ais d&#039;excellence\",\"isPartOf\":{\"@id\":\"https:\/\/www.franckdeville.fr\/fr\/#website\"},\"datePublished\":\"2024-09-19T15:39:14+00:00\",\"dateModified\":\"2025-10-20T13:47:33+00:00\",\"description\":\"Offrez des macarons personnalis\u00e9s Franck Deville, cr\u00e9\u00e9s sur-mesure pour vos \u00e9v\u00e9nements, cadeaux d\u2019entreprise ou mariages. Un savoir-faire artisanal d\u2019exception pour des cr\u00e9ations uniques \u00e0 votre image.\",\"breadcrumb\":{\"@id\":\"https:\/\/www.franckdeville.fr\/macarons-personnalises-sur-mesure\/#breadcrumb\"},\"inLanguage\":\"en-US\",\"potentialAction\":[{\"@type\":\"ReadAction\",\"target\":[\"https:\/\/www.franckdeville.fr\/macarons-personnalises-sur-mesure\/\"]}]},{\"@type\":\"BreadcrumbList\",\"@id\":\"https:\/\/www.franckdeville.fr\/macarons-personnalises-sur-mesure\/#breadcrumb\",\"itemListElement\":[{\"@type\":\"ListItem\",\"position\":1,\"name\":\"Accueil\",\"item\":\"https:\/\/www.franckdeville.fr\/en\/\"},{\"@type\":\"ListItem\",\"position\":2,\"name\":\"Macarons personnalis\u00e9s &#038; sur-mesure\"}]},{\"@type\":\"WebSite\",\"@id\":\"https:\/\/www.franckdeville.fr\/fr\/#website\",\"url\":\"https:\/\/www.franckdeville.fr\/fr\/\",\"name\":\"Franck Deville\",\"description\":\"L&#039;Artisan Macaronier des Chefs\",\"publisher\":{\"@id\":\"https:\/\/www.franckdeville.fr\/fr\/#organization\"},\"potentialAction\":[{\"@type\":\"SearchAction\",\"target\":{\"@type\":\"EntryPoint\",\"urlTemplate\":\"https:\/\/www.franckdeville.fr\/fr\/?s={search_term_string}\"},\"query-input\":{\"@type\":\"PropertyValueSpecification\",\"valueRequired\":true,\"valueName\":\"search_term_string\"}}],\"inLanguage\":\"en-US\"},{\"@type\":\"Organization\",\"@id\":\"https:\/\/www.franckdeville.fr\/fr\/#organization\",\"name\":\"Franck Deville\",\"url\":\"https:\/\/www.franckdeville.fr\/fr\/\",\"logo\":{\"@type\":\"ImageObject\",\"inLanguage\":\"en-US\",\"@id\":\"https:\/\/www.franckdeville.fr\/fr\/#\/schema\/logo\/image\/\",\"url\":\"https:\/\/www.franckdeville.fr\/wp-content\/uploads\/2024\/09\/logo_franckdeville_small2.png\",\"contentUrl\":\"https:\/\/www.franckdeville.fr\/wp-content\/uploads\/2024\/09\/logo_franckdeville_small2.png\",\"width\":600,\"height\":193,\"caption\":\"Franck Deville\"},\"image\":{\"@id\":\"https:\/\/www.franckdeville.fr\/fr\/#\/schema\/logo\/image\/\"},\"sameAs\":[\"https:\/\/www.facebook.com\/FranckDevillemacarons\"]}]}<\/script>\n<!-- \/ Yoast SEO plugin. -->","yoast_head_json":{"title":"Macarons personnalis\u00e9s & sur-mesure - Franck Deville - Macarons fran\u00e7ais d&#039;excellence","description":"Offrez des macarons personnalis\u00e9s Franck Deville, cr\u00e9\u00e9s sur-mesure pour vos \u00e9v\u00e9nements, cadeaux d\u2019entreprise ou mariages. Un savoir-faire artisanal d\u2019exception pour des cr\u00e9ations uniques \u00e0 votre image.","robots":{"index":"index","follow":"follow","max-snippet":"max-snippet:-1","max-image-preview":"max-image-preview:large","max-video-preview":"max-video-preview:-1"},"canonical":"https:\/\/www.franckdeville.fr\/en\/customized-macaroons\/","og_locale":"en_US","og_type":"article","og_title":"Macarons personnalis\u00e9s & sur-mesure - Franck Deville - Macarons fran\u00e7ais d&#039;excellence","og_description":"Offrez des macarons personnalis\u00e9s Franck Deville, cr\u00e9\u00e9s sur-mesure pour vos \u00e9v\u00e9nements, cadeaux d\u2019entreprise ou mariages. Un savoir-faire artisanal d\u2019exception pour des cr\u00e9ations uniques \u00e0 votre image.","og_url":"https:\/\/www.franckdeville.fr\/en\/customized-macaroons\/","og_site_name":"Franck Deville - Macarons fran\u00e7ais d&#039;excellence","article_publisher":"https:\/\/www.facebook.com\/FranckDevillemacarons","article_modified_time":"2025-10-20T13:47:33+00:00","twitter_card":"summary_large_image","twitter_misc":{"Est. reading time":"1 minute"},"schema":{"@context":"https:\/\/schema.org","@graph":[{"@type":"WebPage","@id":"https:\/\/www.franckdeville.fr\/macarons-personnalises-sur-mesure\/","url":"https:\/\/www.franckdeville.fr\/macarons-personnalises-sur-mesure\/","name":"Macarons personnalis\u00e9s & sur-mesure - Franck Deville - Macarons fran\u00e7ais d&#039;excellence","isPartOf":{"@id":"https:\/\/www.franckdeville.fr\/fr\/#website"},"datePublished":"2024-09-19T15:39:14+00:00","dateModified":"2025-10-20T13:47:33+00:00","description":"Offrez des macarons personnalis\u00e9s Franck Deville, cr\u00e9\u00e9s sur-mesure pour vos \u00e9v\u00e9nements, cadeaux d\u2019entreprise ou mariages. Un savoir-faire artisanal d\u2019exception pour des cr\u00e9ations uniques \u00e0 votre image.","breadcrumb":{"@id":"https:\/\/www.franckdeville.fr\/macarons-personnalises-sur-mesure\/#breadcrumb"},"inLanguage":"en-US","potentialAction":[{"@type":"ReadAction","target":["https:\/\/www.franckdeville.fr\/macarons-personnalises-sur-mesure\/"]}]},{"@type":"BreadcrumbList","@id":"https:\/\/www.franckdeville.fr\/macarons-personnalises-sur-mesure\/#breadcrumb","itemListElement":[{"@type":"ListItem","position":1,"name":"Accueil","item":"https:\/\/www.franckdeville.fr\/en\/"},{"@type":"ListItem","position":2,"name":"Macarons personnalis\u00e9s &#038; sur-mesure"}]},{"@type":"WebSite","@id":"https:\/\/www.franckdeville.fr\/fr\/#website","url":"https:\/\/www.franckdeville.fr\/fr\/","name":"Franck Deville","description":"L&#039;Artisan Macaronier des Chefs","publisher":{"@id":"https:\/\/www.franckdeville.fr\/fr\/#organization"},"potentialAction":[{"@type":"SearchAction","target":{"@type":"EntryPoint","urlTemplate":"https:\/\/www.franckdeville.fr\/fr\/?s={search_term_string}"},"query-input":{"@type":"PropertyValueSpecification","valueRequired":true,"valueName":"search_term_string"}}],"inLanguage":"en-US"},{"@type":"Organization","@id":"https:\/\/www.franckdeville.fr\/fr\/#organization","name":"Franck Deville","url":"https:\/\/www.franckdeville.fr\/fr\/","logo":{"@type":"ImageObject","inLanguage":"en-US","@id":"https:\/\/www.franckdeville.fr\/fr\/#\/schema\/logo\/image\/","url":"https:\/\/www.franckdeville.fr\/wp-content\/uploads\/2024\/09\/logo_franckdeville_small2.png","contentUrl":"https:\/\/www.franckdeville.fr\/wp-content\/uploads\/2024\/09\/logo_franckdeville_small2.png","width":600,"height":193,"caption":"Franck Deville"},"image":{"@id":"https:\/\/www.franckdeville.fr\/fr\/#\/schema\/logo\/image\/"},"sameAs":["https:\/\/www.facebook.com\/FranckDevillemacarons"]}]}},"_links":{"self":[{"href":"https:\/\/www.franckdeville.fr\/en\/wp-json\/wp\/v2\/pages\/4701","targetHints":{"allow":["GET"]}}],"collection":[{"href":"https:\/\/www.franckdeville.fr\/en\/wp-json\/wp\/v2\/pages"}],"about":[{"href":"https:\/\/www.franckdeville.fr\/en\/wp-json\/wp\/v2\/types\/page"}],"author":[{"embeddable":true,"href":"https:\/\/www.franckdeville.fr\/en\/wp-json\/wp\/v2\/users\/1"}],"replies":[{"embeddable":true,"href":"https:\/\/www.franckdeville.fr\/en\/wp-json\/wp\/v2\/comments?post=4701"}],"version-history":[{"count":14,"href":"https:\/\/www.franckdeville.fr\/en\/wp-json\/wp\/v2\/pages\/4701\/revisions"}],"predecessor-version":[{"id":4721,"href":"https:\/\/www.franckdeville.fr\/en\/wp-json\/wp\/v2\/pages\/4701\/revisions\/4721"}],"wp:attachment":[{"href":"https:\/\/www.franckdeville.fr\/en\/wp-json\/wp\/v2\/media?parent=4701"}],"curies":[{"name":"wp","href":"https:\/\/api.w.org\/{rel}","templated":true}]}}