{"id":4532,"date":"2024-07-03T13:44:27","date_gmt":"2024-07-03T11:44:27","guid":{"rendered":"https:\/\/www.franckdeville.fr\/?page_id=4532"},"modified":"2025-10-20T15:45:23","modified_gmt":"2025-10-20T13:45:23","slug":"cocktail-macaroons","status":"publish","type":"page","link":"https:\/\/www.franckdeville.fr\/en\/cocktail-macaroons\/","title":{"rendered":"Alcohol-free cocktail macaroons"},"content":{"rendered":"<div class=\"mkdf-row-grid-section-wrapper mkdf-content-aligment-center\"  ><div class=\"mkdf-row-grid-section\"><div class=\"vc_row wpb_row vc_row-fluid vc_custom_1719909206711\" ><div class=\"wpb_column vc_column_container vc_col-sm-12\"><div class=\"vc_column-inner\"><div class=\"wpb_wrapper\">\n\t<div class=\"wpb_text_column wpb_content_element  vc_custom_1725282650893\" >\n\t\t<div class=\"wpb_wrapper\">\n\t\t\t<p><strong>Franck Deville and Joseph Trotta have combined their respective talents to create an innovative range of cocktail macaroons.<br \/>\n<\/strong>This collaboration combines the precision and delicacy of Franck Deville's French patisserie with the creativity and sensory exploration of Joseph Trotta's award-winning mixology. The result is a delicious and sophisticated fusion of two culinary arts. Inspired by classic and modern cocktails, these macaroons are an invitation to lightness and travel.<\/p>\n\n\t\t<\/div>\n\t<\/div>\n<div class=\"mkdf-portfolio-list-holder mkdf-grid-list mkdf-disable-bottom-space mkdf-pl-gallery mkdf-three-columns mkdf-huge-space mkdf-pl-gallery-overlay-boxed    mkdf-pl-pag-no-pagination\"  data-type=\"gallery\" data-number-of-columns=\"three\" data-space-between-items=\"huge\" data-number-of-items=\"-1\" data-image-proportions=\"full\" data-enable-fixed-proportions=\"no\" data-enable-image-shadow=\"no\" data-category=\"macarons-cocktail\" data-orderby=\"date\" data-order=\"ASC\" data-item-style=\"gallery-overlay-boxed\" data-additional-hover=\"no\" data-enable-title=\"yes\" data-title-tag=\"h4\" data-enable-category=\"yes\" data-enable-count-images=\"yes\" data-enable-excerpt=\"no\" data-excerpt-length=\"20\" data-pagination-type=\"no-pagination\" data-filter=\"no\" data-filter-order-by=\"name\" data-enable-article-animation=\"no\" data-portfolio-slider-on=\"no\" data-enable-loop=\"yes\" data-enable-autoplay=\"yes\" data-slider-speed=\"5000\" data-slider-speed-animation=\"600\" data-enable-navigation=\"yes\" data-enable-pagination=\"yes\" data-max-num-pages=\"0\" data-next-page=\"2\">\n\t\t<div class=\"mkdf-pl-inner mkdf-outer-space  clearfix\">\n\t\t<article class=\"mkdf-pl-item mkdf-item-space  post-4517 portfolio-item type-portfolio-item status-publish has-post-thumbnail hentry portfolio-category-macarons-cocktail\">\n\t<div class=\"mkdf-pl-item-inner\">\n\t\t<div class=\"mkdf-pli-image\">\n\t<img loading=\"lazy\" decoding=\"async\" width=\"800\" height=\"800\" src=\"https:\/\/www.franckdeville.fr\/wp-content\/uploads\/2024\/07\/cocoz-1.jpg\" class=\"attachment-full size-full wp-post-image\" alt=\"Cocoz\" srcset=\"https:\/\/www.franckdeville.fr\/wp-content\/uploads\/2024\/07\/cocoz-1.jpg 800w, https:\/\/www.franckdeville.fr\/wp-content\/uploads\/2024\/07\/cocoz-1-300x300.jpg 300w, https:\/\/www.franckdeville.fr\/wp-content\/uploads\/2024\/07\/cocoz-1-150x150.jpg 150w, https:\/\/www.franckdeville.fr\/wp-content\/uploads\/2024\/07\/cocoz-1-768x768.jpg 768w, https:\/\/www.franckdeville.fr\/wp-content\/uploads\/2024\/07\/cocoz-1-650x650.jpg 650w\" sizes=\"auto, (max-width: 800px) 100vw, 800px\" \/><\/div>\n<div class=\"mkdf-pli-text-holder\">\n    <div class=\"mkdf-pli-text-wrapper\">\n        <div class=\"mkdf-pli-text\">\n            <div class=\"mkdf-pli-text-inner\">\n                <div class=\"mkdf-pli-content\">\n                    \t<h4 itemprop=\"name\" class=\"mkdf-pli-title entry-title\" >\n\t\tCoco Z\t<\/h4>\n\n                    \t\t<div class=\"mkdf-pli-category-holder\">\n\t\t\t\t\t\t\t<a itemprop=\"url\" class=\"mkdf-pli-category\" href=\"https:\/\/www.franckdeville.fr\/en\/portfolio-category\/cocktail-macaroons\/\">Macarons Cocktail sans alcool<\/a>\n\t\t\t\t\t<\/div>\n\t\n                    \n                                    <\/div>\n            <\/div>\n        <\/div>\n    <\/div>\n<\/div>\n\t\t<a itemprop=\"url\" class=\"mkdf-pli-link mkdf-block-drag-link\" href=\"https:\/\/www.franckdeville.fr\/en\/portfolio-item\/coco-z\/\" target=\"_self\"><\/a>\n\t<\/div>\n<\/article><article class=\"mkdf-pl-item mkdf-item-space  post-4528 portfolio-item type-portfolio-item status-publish has-post-thumbnail hentry portfolio-category-macarons-cocktail\">\n\t<div class=\"mkdf-pl-item-inner\">\n\t\t<div class=\"mkdf-pli-image\">\n\t<img loading=\"lazy\" decoding=\"async\" width=\"800\" height=\"800\" src=\"https:\/\/www.franckdeville.fr\/wp-content\/uploads\/2024\/09\/litchi-bikini.jpg\" class=\"attachment-full size-full wp-post-image\" alt=\"Litchi bikini\" srcset=\"https:\/\/www.franckdeville.fr\/wp-content\/uploads\/2024\/09\/litchi-bikini.jpg 800w, https:\/\/www.franckdeville.fr\/wp-content\/uploads\/2024\/09\/litchi-bikini-300x300.jpg 300w, https:\/\/www.franckdeville.fr\/wp-content\/uploads\/2024\/09\/litchi-bikini-150x150.jpg 150w, https:\/\/www.franckdeville.fr\/wp-content\/uploads\/2024\/09\/litchi-bikini-768x768.jpg 768w, https:\/\/www.franckdeville.fr\/wp-content\/uploads\/2024\/09\/litchi-bikini-650x650.jpg 650w\" sizes=\"auto, (max-width: 800px) 100vw, 800px\" \/><\/div>\n<div class=\"mkdf-pli-text-holder\">\n    <div class=\"mkdf-pli-text-wrapper\">\n        <div class=\"mkdf-pli-text\">\n            <div class=\"mkdf-pli-text-inner\">\n                <div class=\"mkdf-pli-content\">\n                    \t<h4 itemprop=\"name\" class=\"mkdf-pli-title entry-title\" >\n\t\tLitchi Bikini\t<\/h4>\n\n                    \t\t<div class=\"mkdf-pli-category-holder\">\n\t\t\t\t\t\t\t<a itemprop=\"url\" class=\"mkdf-pli-category\" href=\"https:\/\/www.franckdeville.fr\/en\/portfolio-category\/cocktail-macaroons\/\">Macarons Cocktail sans alcool<\/a>\n\t\t\t\t\t<\/div>\n\t\n                    \n                                    <\/div>\n            <\/div>\n        <\/div>\n    <\/div>\n<\/div>\n\t\t<a itemprop=\"url\" class=\"mkdf-pli-link mkdf-block-drag-link\" href=\"https:\/\/www.franckdeville.fr\/en\/portfolio-item\/lychee-bikini\/\" target=\"_self\"><\/a>\n\t<\/div>\n<\/article><article class=\"mkdf-pl-item mkdf-item-space  post-4529 portfolio-item type-portfolio-item status-publish has-post-thumbnail hentry portfolio-category-macarons-cocktail\">\n\t<div class=\"mkdf-pl-item-inner\">\n\t\t<div class=\"mkdf-pli-image\">\n\t<img loading=\"lazy\" decoding=\"async\" width=\"800\" height=\"800\" src=\"https:\/\/www.franckdeville.fr\/wp-content\/uploads\/2024\/07\/mojito-fraise.jpg\" class=\"attachment-full size-full wp-post-image\" alt=\"Mojito fraise\" srcset=\"https:\/\/www.franckdeville.fr\/wp-content\/uploads\/2024\/07\/mojito-fraise.jpg 800w, https:\/\/www.franckdeville.fr\/wp-content\/uploads\/2024\/07\/mojito-fraise-300x300.jpg 300w, https:\/\/www.franckdeville.fr\/wp-content\/uploads\/2024\/07\/mojito-fraise-150x150.jpg 150w, https:\/\/www.franckdeville.fr\/wp-content\/uploads\/2024\/07\/mojito-fraise-768x768.jpg 768w, https:\/\/www.franckdeville.fr\/wp-content\/uploads\/2024\/07\/mojito-fraise-650x650.jpg 650w\" sizes=\"auto, (max-width: 800px) 100vw, 800px\" \/><\/div>\n<div class=\"mkdf-pli-text-holder\">\n    <div class=\"mkdf-pli-text-wrapper\">\n        <div class=\"mkdf-pli-text\">\n            <div class=\"mkdf-pli-text-inner\">\n                <div class=\"mkdf-pli-content\">\n                    \t<h4 itemprop=\"name\" class=\"mkdf-pli-title entry-title\" >\n\t\tStrawberry Mojito\t<\/h4>\n\n                    \t\t<div class=\"mkdf-pli-category-holder\">\n\t\t\t\t\t\t\t<a itemprop=\"url\" class=\"mkdf-pli-category\" href=\"https:\/\/www.franckdeville.fr\/en\/portfolio-category\/cocktail-macaroons\/\">Macarons Cocktail sans alcool<\/a>\n\t\t\t\t\t<\/div>\n\t\n                    \n                                    <\/div>\n            <\/div>\n        <\/div>\n    <\/div>\n<\/div>\n\t\t<a itemprop=\"url\" class=\"mkdf-pli-link mkdf-block-drag-link\" href=\"https:\/\/www.franckdeville.fr\/en\/portfolio-item\/strawberry-mojito\/\" target=\"_self\"><\/a>\n\t<\/div>\n<\/article><article class=\"mkdf-pl-item mkdf-item-space  post-4530 portfolio-item type-portfolio-item status-publish has-post-thumbnail hentry portfolio-category-macarons-cocktail\">\n\t<div class=\"mkdf-pl-item-inner\">\n\t\t<div class=\"mkdf-pli-image\">\n\t<img loading=\"lazy\" decoding=\"async\" width=\"800\" height=\"800\" src=\"https:\/\/www.franckdeville.fr\/wp-content\/uploads\/2024\/07\/pabana-1.jpg\" class=\"attachment-full size-full wp-post-image\" alt=\"Pabana\" srcset=\"https:\/\/www.franckdeville.fr\/wp-content\/uploads\/2024\/07\/pabana-1.jpg 800w, https:\/\/www.franckdeville.fr\/wp-content\/uploads\/2024\/07\/pabana-1-300x300.jpg 300w, https:\/\/www.franckdeville.fr\/wp-content\/uploads\/2024\/07\/pabana-1-150x150.jpg 150w, https:\/\/www.franckdeville.fr\/wp-content\/uploads\/2024\/07\/pabana-1-768x768.jpg 768w, https:\/\/www.franckdeville.fr\/wp-content\/uploads\/2024\/07\/pabana-1-650x650.jpg 650w\" sizes=\"auto, (max-width: 800px) 100vw, 800px\" \/><\/div>\n<div class=\"mkdf-pli-text-holder\">\n    <div class=\"mkdf-pli-text-wrapper\">\n        <div class=\"mkdf-pli-text\">\n            <div class=\"mkdf-pli-text-inner\">\n                <div class=\"mkdf-pli-content\">\n                    \t<h4 itemprop=\"name\" class=\"mkdf-pli-title entry-title\" >\n\t\tPabana\t<\/h4>\n\n                    \t\t<div class=\"mkdf-pli-category-holder\">\n\t\t\t\t\t\t\t<a itemprop=\"url\" class=\"mkdf-pli-category\" href=\"https:\/\/www.franckdeville.fr\/en\/portfolio-category\/cocktail-macaroons\/\">Macarons Cocktail sans alcool<\/a>\n\t\t\t\t\t<\/div>\n\t\n                    \n                                    <\/div>\n            <\/div>\n        <\/div>\n    <\/div>\n<\/div>\n\t\t<a itemprop=\"url\" class=\"mkdf-pli-link mkdf-block-drag-link\" href=\"https:\/\/www.franckdeville.fr\/en\/portfolio-item\/pabana\/\" target=\"_self\"><\/a>\n\t<\/div>\n<\/article><article class=\"mkdf-pl-item mkdf-item-space  post-4531 portfolio-item type-portfolio-item status-publish has-post-thumbnail hentry portfolio-category-macarons-cocktail\">\n\t<div class=\"mkdf-pl-item-inner\">\n\t\t<div class=\"mkdf-pli-image\">\n\t<img loading=\"lazy\" decoding=\"async\" width=\"800\" height=\"800\" src=\"https:\/\/www.franckdeville.fr\/wp-content\/uploads\/2024\/07\/pacificjulep-1.jpg\" class=\"attachment-full size-full wp-post-image\" alt=\"Pacificjulep\" srcset=\"https:\/\/www.franckdeville.fr\/wp-content\/uploads\/2024\/07\/pacificjulep-1.jpg 800w, https:\/\/www.franckdeville.fr\/wp-content\/uploads\/2024\/07\/pacificjulep-1-300x300.jpg 300w, https:\/\/www.franckdeville.fr\/wp-content\/uploads\/2024\/07\/pacificjulep-1-150x150.jpg 150w, https:\/\/www.franckdeville.fr\/wp-content\/uploads\/2024\/07\/pacificjulep-1-768x768.jpg 768w, https:\/\/www.franckdeville.fr\/wp-content\/uploads\/2024\/07\/pacificjulep-1-650x650.jpg 650w\" sizes=\"auto, (max-width: 800px) 100vw, 800px\" \/><\/div>\n<div class=\"mkdf-pli-text-holder\">\n    <div class=\"mkdf-pli-text-wrapper\">\n        <div class=\"mkdf-pli-text\">\n            <div class=\"mkdf-pli-text-inner\">\n                <div class=\"mkdf-pli-content\">\n                    \t<h4 itemprop=\"name\" class=\"mkdf-pli-title entry-title\" >\n\t\tPacific Julep\t<\/h4>\n\n                    \t\t<div class=\"mkdf-pli-category-holder\">\n\t\t\t\t\t\t\t<a itemprop=\"url\" class=\"mkdf-pli-category\" href=\"https:\/\/www.franckdeville.fr\/en\/portfolio-category\/cocktail-macaroons\/\">Macarons Cocktail sans alcool<\/a>\n\t\t\t\t\t<\/div>\n\t\n                    \n                                    <\/div>\n            <\/div>\n        <\/div>\n    <\/div>\n<\/div>\n\t\t<a itemprop=\"url\" class=\"mkdf-pli-link mkdf-block-drag-link\" href=\"https:\/\/www.franckdeville.fr\/en\/portfolio-item\/pacific-julep\/\" target=\"_self\"><\/a>\n\t<\/div>\n<\/article>\t<\/div>\n\t\n\t<\/div><\/div><\/div><\/div><\/div><\/div><\/div>","protected":false},"excerpt":{"rendered":"Plongez dans un paradis tropical avec notre macaron Pacific Julep, un m\u00e9lange de mandarine, ananas, passion et verveine citronnelle, parfait pour une d\u00e9gustation exotique. &nbsp; Allerg\u00e8nes : Fruit \u00e0 coque (amande), oeuf Peut contenir des traces de lait, soja et autres fruits \u00e0 coques (pistache, noisette et noix)","protected":false},"author":1,"featured_media":0,"parent":0,"menu_order":0,"comment_status":"closed","ping_status":"closed","template":"full-width.php","meta":{"footnotes":""},"class_list":["post-4532","page","type-page","status-publish","hentry"],"yoast_head":"<!-- This site is optimized with the Yoast SEO plugin v27.4 - https:\/\/yoast.com\/product\/yoast-seo-wordpress\/ -->\n<title>Macarons cocktail sans alcool \u2013 Franck Deville<\/title>\n<meta name=\"description\" content=\"D\u00e9couvrez les macarons cocktail sans alcool Franck Deville, des cr\u00e9ations raffin\u00e9es inspir\u00e9es des plus grands cocktails. Des associations gourmandes et originales, alliant \u00e9l\u00e9gance, \u00e9quilibre des saveurs et savoir-faire artisanal fran\u00e7ais.\" \/>\n<meta name=\"robots\" content=\"index, follow, max-snippet:-1, max-image-preview:large, max-video-preview:-1\" \/>\n<link rel=\"canonical\" href=\"http:\/\/www.franckdeville.fr\/en\/cocktail-macaroons\/\" \/>\n<meta property=\"og:locale\" content=\"en_US\" \/>\n<meta property=\"og:type\" content=\"article\" \/>\n<meta property=\"og:title\" content=\"Macarons cocktail sans alcool \u2013 Franck Deville\" \/>\n<meta property=\"og:description\" content=\"D\u00e9couvrez les macarons cocktail sans alcool Franck Deville, des cr\u00e9ations raffin\u00e9es inspir\u00e9es des plus grands cocktails. Des associations gourmandes et originales, alliant \u00e9l\u00e9gance, \u00e9quilibre des saveurs et savoir-faire artisanal fran\u00e7ais.\" \/>\n<meta property=\"og:url\" content=\"http:\/\/www.franckdeville.fr\/en\/cocktail-macaroons\/\" \/>\n<meta property=\"og:site_name\" content=\"Franck Deville - Macarons fran\u00e7ais d&#039;excellence\" \/>\n<meta property=\"article:publisher\" content=\"https:\/\/www.facebook.com\/FranckDevillemacarons\" \/>\n<meta property=\"article:modified_time\" content=\"2025-10-20T13:45:23+00:00\" \/>\n<meta name=\"twitter:card\" content=\"summary_large_image\" \/>\n<meta name=\"twitter:label1\" content=\"Est. reading time\" \/>\n\t<meta name=\"twitter:data1\" content=\"1 minute\" \/>\n<script type=\"application\/ld+json\" class=\"yoast-schema-graph\">{\"@context\":\"https:\\\/\\\/schema.org\",\"@graph\":[{\"@type\":\"WebPage\",\"@id\":\"http:\\\/\\\/www.franckdeville.fr\\\/fr\\\/macarons-cocktail\\\/\",\"url\":\"http:\\\/\\\/www.franckdeville.fr\\\/fr\\\/macarons-cocktail\\\/\",\"name\":\"Macarons cocktail sans alcool \u2013 Franck Deville\",\"isPartOf\":{\"@id\":\"https:\\\/\\\/www.franckdeville.fr\\\/fr\\\/#website\"},\"datePublished\":\"2024-07-03T11:44:27+00:00\",\"dateModified\":\"2025-10-20T13:45:23+00:00\",\"description\":\"D\u00e9couvrez les macarons cocktail sans alcool Franck Deville, des cr\u00e9ations raffin\u00e9es inspir\u00e9es des plus grands cocktails. Des associations gourmandes et originales, alliant \u00e9l\u00e9gance, \u00e9quilibre des saveurs et savoir-faire artisanal fran\u00e7ais.\",\"breadcrumb\":{\"@id\":\"http:\\\/\\\/www.franckdeville.fr\\\/fr\\\/macarons-cocktail\\\/#breadcrumb\"},\"inLanguage\":\"en-US\",\"potentialAction\":[{\"@type\":\"ReadAction\",\"target\":[\"http:\\\/\\\/www.franckdeville.fr\\\/fr\\\/macarons-cocktail\\\/\"]}]},{\"@type\":\"BreadcrumbList\",\"@id\":\"http:\\\/\\\/www.franckdeville.fr\\\/fr\\\/macarons-cocktail\\\/#breadcrumb\",\"itemListElement\":[{\"@type\":\"ListItem\",\"position\":1,\"name\":\"Accueil\",\"item\":\"http:\\\/\\\/www.franckdeville.fr\\\/fr\\\/\"},{\"@type\":\"ListItem\",\"position\":2,\"name\":\"Macarons cocktail sans alcool\"}]},{\"@type\":\"WebSite\",\"@id\":\"https:\\\/\\\/www.franckdeville.fr\\\/fr\\\/#website\",\"url\":\"https:\\\/\\\/www.franckdeville.fr\\\/fr\\\/\",\"name\":\"Franck Deville\",\"description\":\"L&#039;Artisan Macaronier des Chefs\",\"publisher\":{\"@id\":\"https:\\\/\\\/www.franckdeville.fr\\\/fr\\\/#organization\"},\"potentialAction\":[{\"@type\":\"SearchAction\",\"target\":{\"@type\":\"EntryPoint\",\"urlTemplate\":\"https:\\\/\\\/www.franckdeville.fr\\\/fr\\\/?s={search_term_string}\"},\"query-input\":{\"@type\":\"PropertyValueSpecification\",\"valueRequired\":true,\"valueName\":\"search_term_string\"}}],\"inLanguage\":\"en-US\"},{\"@type\":\"Organization\",\"@id\":\"https:\\\/\\\/www.franckdeville.fr\\\/fr\\\/#organization\",\"name\":\"Franck Deville\",\"url\":\"https:\\\/\\\/www.franckdeville.fr\\\/fr\\\/\",\"logo\":{\"@type\":\"ImageObject\",\"inLanguage\":\"en-US\",\"@id\":\"https:\\\/\\\/www.franckdeville.fr\\\/fr\\\/#\\\/schema\\\/logo\\\/image\\\/\",\"url\":\"https:\\\/\\\/www.franckdeville.fr\\\/wp-content\\\/uploads\\\/2024\\\/09\\\/logo_franckdeville_small2.png\",\"contentUrl\":\"https:\\\/\\\/www.franckdeville.fr\\\/wp-content\\\/uploads\\\/2024\\\/09\\\/logo_franckdeville_small2.png\",\"width\":600,\"height\":193,\"caption\":\"Franck Deville\"},\"image\":{\"@id\":\"https:\\\/\\\/www.franckdeville.fr\\\/fr\\\/#\\\/schema\\\/logo\\\/image\\\/\"},\"sameAs\":[\"https:\\\/\\\/www.facebook.com\\\/FranckDevillemacarons\"]}]}<\/script>\n<!-- \/ Yoast SEO plugin. -->","yoast_head_json":{"title":"Alcohol-free cocktail macaroons - Franck Deville","description":"D\u00e9couvrez les macarons cocktail sans alcool Franck Deville, des cr\u00e9ations raffin\u00e9es inspir\u00e9es des plus grands cocktails. Des associations gourmandes et originales, alliant \u00e9l\u00e9gance, \u00e9quilibre des saveurs et savoir-faire artisanal fran\u00e7ais.","robots":{"index":"index","follow":"follow","max-snippet":"max-snippet:-1","max-image-preview":"max-image-preview:large","max-video-preview":"max-video-preview:-1"},"canonical":"http:\/\/www.franckdeville.fr\/en\/cocktail-macaroons\/","og_locale":"en_US","og_type":"article","og_title":"Macarons cocktail sans alcool \u2013 Franck Deville","og_description":"D\u00e9couvrez les macarons cocktail sans alcool Franck Deville, des cr\u00e9ations raffin\u00e9es inspir\u00e9es des plus grands cocktails. Des associations gourmandes et originales, alliant \u00e9l\u00e9gance, \u00e9quilibre des saveurs et savoir-faire artisanal fran\u00e7ais.","og_url":"http:\/\/www.franckdeville.fr\/en\/cocktail-macaroons\/","og_site_name":"Franck Deville - Macarons fran\u00e7ais d&#039;excellence","article_publisher":"https:\/\/www.facebook.com\/FranckDevillemacarons","article_modified_time":"2025-10-20T13:45:23+00:00","twitter_card":"summary_large_image","twitter_misc":{"Est. reading time":"1 minute"},"schema":{"@context":"https:\/\/schema.org","@graph":[{"@type":"WebPage","@id":"http:\/\/www.franckdeville.fr\/fr\/macarons-cocktail\/","url":"http:\/\/www.franckdeville.fr\/fr\/macarons-cocktail\/","name":"Alcohol-free cocktail macaroons - Franck Deville","isPartOf":{"@id":"https:\/\/www.franckdeville.fr\/fr\/#website"},"datePublished":"2024-07-03T11:44:27+00:00","dateModified":"2025-10-20T13:45:23+00:00","description":"D\u00e9couvrez les macarons cocktail sans alcool Franck Deville, des cr\u00e9ations raffin\u00e9es inspir\u00e9es des plus grands cocktails. Des associations gourmandes et originales, alliant \u00e9l\u00e9gance, \u00e9quilibre des saveurs et savoir-faire artisanal fran\u00e7ais.","breadcrumb":{"@id":"http:\/\/www.franckdeville.fr\/fr\/macarons-cocktail\/#breadcrumb"},"inLanguage":"en-US","potentialAction":[{"@type":"ReadAction","target":["http:\/\/www.franckdeville.fr\/fr\/macarons-cocktail\/"]}]},{"@type":"BreadcrumbList","@id":"http:\/\/www.franckdeville.fr\/fr\/macarons-cocktail\/#breadcrumb","itemListElement":[{"@type":"ListItem","position":1,"name":"Accueil","item":"http:\/\/www.franckdeville.fr\/fr\/"},{"@type":"ListItem","position":2,"name":"Macarons cocktail sans alcool"}]},{"@type":"WebSite","@id":"https:\/\/www.franckdeville.fr\/fr\/#website","url":"https:\/\/www.franckdeville.fr\/fr\/","name":"Franck Deville","description":"L&#039;Artisan Macaronier des Chefs","publisher":{"@id":"https:\/\/www.franckdeville.fr\/fr\/#organization"},"potentialAction":[{"@type":"SearchAction","target":{"@type":"EntryPoint","urlTemplate":"https:\/\/www.franckdeville.fr\/fr\/?s={search_term_string}"},"query-input":{"@type":"PropertyValueSpecification","valueRequired":true,"valueName":"search_term_string"}}],"inLanguage":"en-US"},{"@type":"Organization","@id":"https:\/\/www.franckdeville.fr\/fr\/#organization","name":"Franck Deville","url":"https:\/\/www.franckdeville.fr\/fr\/","logo":{"@type":"ImageObject","inLanguage":"en-US","@id":"https:\/\/www.franckdeville.fr\/fr\/#\/schema\/logo\/image\/","url":"https:\/\/www.franckdeville.fr\/wp-content\/uploads\/2024\/09\/logo_franckdeville_small2.png","contentUrl":"https:\/\/www.franckdeville.fr\/wp-content\/uploads\/2024\/09\/logo_franckdeville_small2.png","width":600,"height":193,"caption":"Franck Deville"},"image":{"@id":"https:\/\/www.franckdeville.fr\/fr\/#\/schema\/logo\/image\/"},"sameAs":["https:\/\/www.facebook.com\/FranckDevillemacarons"]}]}},"_links":{"self":[{"href":"https:\/\/www.franckdeville.fr\/en\/wp-json\/wp\/v2\/pages\/4532","targetHints":{"allow":["GET"]}}],"collection":[{"href":"https:\/\/www.franckdeville.fr\/en\/wp-json\/wp\/v2\/pages"}],"about":[{"href":"https:\/\/www.franckdeville.fr\/en\/wp-json\/wp\/v2\/types\/page"}],"author":[{"embeddable":true,"href":"https:\/\/www.franckdeville.fr\/en\/wp-json\/wp\/v2\/users\/1"}],"replies":[{"embeddable":true,"href":"https:\/\/www.franckdeville.fr\/en\/wp-json\/wp\/v2\/comments?post=4532"}],"version-history":[{"count":12,"href":"https:\/\/www.franckdeville.fr\/en\/wp-json\/wp\/v2\/pages\/4532\/revisions"}],"predecessor-version":[{"id":5008,"href":"https:\/\/www.franckdeville.fr\/en\/wp-json\/wp\/v2\/pages\/4532\/revisions\/5008"}],"wp:attachment":[{"href":"https:\/\/www.franckdeville.fr\/en\/wp-json\/wp\/v2\/media?parent=4532"}],"curies":[{"name":"wp","href":"https:\/\/api.w.org\/{rel}","templated":true}]}}