{"id":4280,"date":"2024-06-05T12:16:34","date_gmt":"2024-06-05T10:16:34","guid":{"rendered":"https:\/\/www.franckdeville.fr\/?page_id=4280"},"modified":"2024-09-18T19:58:19","modified_gmt":"2024-09-18T17:58:19","slug":"our-commitments","status":"publish","type":"page","link":"https:\/\/www.franckdeville.fr\/en\/our-home\/our-commitments\/","title":{"rendered":"Our commitments"},"content":{"rendered":"<div class=\"mkdf-row-grid-section-wrapper\"  ><div class=\"mkdf-row-grid-section\"><div class=\"vc_row wpb_row vc_row-fluid vc_custom_1718372646090\" ><div class=\"wpb_column vc_column_container vc_col-sm-12\"><div class=\"vc_column-inner\"><div class=\"wpb_wrapper\"><div class=\"mkdf-section-title-holder  mkdf-st-standard mkdf-st-title-left mkdf-st-normal-space\" style=\"text-align: center\">\n\t<div class=\"mkdf-st-inner\">\n        \t\t\t\t\t<h4 class=\"mkdf-st-title\" >\n\t\t\t\tFor the love of macaroons, for the respect of the planet\t\t\t<\/h4>\n\t\t                    <div class=\"mkdf-separator-holder clearfix  mkdf-separator-center mkdf-separator-advanced-center mkdf-separator-advanced\">\n\t<div class=\"mkdf-separator\" >\n                    <div class=\"mkdf-adv-sep-inner\">\n                <div class=\"mkdf-adv-sep-line\"  ><\/div>\n                <div class=\"mkdf-adv-sep-dot\"  ><\/div>\n            <\/div>\n            <\/div>\n<\/div>\n        \t\t\t<\/div>\n<\/div><\/div><\/div><\/div><\/div><\/div><\/div><div class=\"mkdf-row-grid-section-wrapper\"  ><div class=\"mkdf-row-grid-section\"><div class=\"vc_row wpb_row vc_row-fluid vc_custom_1718372575348\" ><div class=\"wpb_column vc_column_container vc_col-sm-12 vc_col-lg-12 vc_col-md-12\"><div class=\"vc_column-inner\"><div class=\"wpb_wrapper\">\n\t<div class=\"wpb_text_column wpb_content_element\" >\n\t\t<div class=\"wpb_wrapper\">\n\t\t\t<p>\n<span class=\"mkdf-dropcaps mkdf-normal\" style=\"color: #c19d56\">\n\tC<\/span>t Franck Deville, every macaron we create reflects our commitment to excellence, sustainability and social responsibility. These principles are not only at the heart of our production process, but also illustrate the core values of our brand <\/p>\n\n\t\t<\/div>\n\t<\/div>\n<\/div><\/div><\/div><\/div><\/div><\/div><div class=\"mkdf-row-grid-section-wrapper\"  style=\"background-color:#fbf6f3\"><div class=\"mkdf-row-grid-section\"><div class=\"vc_row wpb_row vc_row-fluid\" ><div class=\"wpb_column vc_column_container vc_col-sm-12 vc_col-lg-5\"><div class=\"vc_column-inner\"><div class=\"wpb_wrapper\"><div class=\"mkdf-elements-holder   mkdf-one-column  mkdf-responsive-mode-768\" ><div class=\"mkdf-eh-item\"  data-item-class=\"mkdf-eh-custom-6855\" data-1025-1366=\"78px 0 39px\">\n\t<div class=\"mkdf-eh-item-inner\">\n\t\t<div class=\"mkdf-eh-item-content mkdf-eh-custom-6855\" style=\"padding: 98px 0 59px\">\n\t\t\t\n\t<div class=\"wpb_text_column wpb_content_element\" >\n\t\t<div class=\"wpb_wrapper\">\n\t\t\t<h4>Commitment to quality and naturalness<\/h4>\n\n\t\t<\/div>\n\t<\/div>\n<div class=\"vc_empty_space\"   style=\"height: 22px\"><span class=\"vc_empty_space_inner\"><\/span><\/div><div class=\"mkdf-separator-holder clearfix  mkdf-separator-left mkdf-separator-advanced-left mkdf-separator-advanced\">\n\t<div class=\"mkdf-separator\" >\n                    <div class=\"mkdf-adv-sep-inner\">\n                <div class=\"mkdf-adv-sep-line\"  ><\/div>\n                <div class=\"mkdf-adv-sep-dot\"  ><\/div>\n            <\/div>\n            <\/div>\n<\/div>\n\n\t<div class=\"wpb_text_column wpb_content_element  vc_custom_1726682292040\" >\n\t\t<div class=\"wpb_wrapper\">\n\t\t\t<p>At a time when \"eating well\" is very much linked to \"eating well\", the search for natural, tasty ingredients is our priority.<\/p>\n<p>We meticulously select our ingredients, always favoring the highest quality. Our sugars, sourced exclusively from French producers, and egg whites from responsible French farms, form the basis of our authentic recipes. In our quest for naturalness, we have replaced artificial colorants with natural alternatives such as cocoa powder, spirulina, curcumin and red fruit extracts. Our allergen reduction initiative and flavour enhancer-free policy guarantee pure, healthy products.<\/p>\n<p>Our fruit macaroons, whose filling is made from over 50% fruit, have a reduced sugar content. They contain no gelatine or pectin, and embody our commitment to clean label with a reduced list of ingredients. They are also lactose-free.<\/p>\n<p>Most of our products are gluten-free, with the exception of gingerbread, speculoos and praline.<\/p>\n\n\t\t<\/div>\n\t<\/div>\n<div class=\"vc_empty_space\"   style=\"height: 20px\"><span class=\"vc_empty_space_inner\"><\/span><\/div>\t\t<\/div>\n\t<\/div>\n<\/div><\/div><\/div><\/div><\/div><\/div><\/div><\/div><div class=\"mkdf-row-grid-section-wrapper\"  ><div class=\"mkdf-row-grid-section\"><div class=\"vc_row wpb_row vc_row-fluid\" ><div class=\"wpb_column vc_column_container vc_col-sm-12 vc_col-lg-offset-6 vc_col-lg-6\"><div class=\"vc_column-inner vc_custom_1540546202158\"><div class=\"wpb_wrapper\"><div class=\"mkdf-elements-holder   mkdf-one-column  mkdf-responsive-mode-768\" ><div class=\"mkdf-eh-item\"  data-item-class=\"mkdf-eh-custom-9376\" data-1025-1366=\"56px 0 0 0\" data-769-1024=\"65% 11% 0\" data-681-768=\"85% 0 0\" data-680=\"170% 0 0\">\n\t<div class=\"mkdf-eh-item-inner\">\n\t\t<div class=\"mkdf-eh-item-content mkdf-eh-custom-9376\" style=\"padding: 0 0 0 25px\">\n\t\t\t\n\t<div  class=\"wpb_single_image wpb_content_element vc_align_left\">\n\t\t\n\t\t<figure class=\"wpb_wrapper vc_figure\">\n\t\t\t<div class=\"vc_single_image-wrapper   vc_box_border_grey\"><img loading=\"lazy\" decoding=\"async\" width=\"2560\" height=\"2556\" src=\"https:\/\/www.franckdeville.fr\/wp-content\/uploads\/2024\/06\/illustration-nos-engagements.jpg\" class=\"vc_single_image-img attachment-full\" alt=\"Illustration nos engagements\" title=\"illustrating our commitments\" srcset=\"https:\/\/www.franckdeville.fr\/wp-content\/uploads\/2024\/06\/illustration-nos-engagements.jpg 2560w, https:\/\/www.franckdeville.fr\/wp-content\/uploads\/2024\/06\/illustration-nos-engagements-300x300.jpg 300w, https:\/\/www.franckdeville.fr\/wp-content\/uploads\/2024\/06\/illustration-nos-engagements-1024x1022.jpg 1024w, https:\/\/www.franckdeville.fr\/wp-content\/uploads\/2024\/06\/illustration-nos-engagements-150x150.jpg 150w, https:\/\/www.franckdeville.fr\/wp-content\/uploads\/2024\/06\/illustration-nos-engagements-768x767.jpg 768w, https:\/\/www.franckdeville.fr\/wp-content\/uploads\/2024\/06\/illustration-nos-engagements-1536x1534.jpg 1536w, https:\/\/www.franckdeville.fr\/wp-content\/uploads\/2024\/06\/illustration-nos-engagements-650x650.jpg 650w\" sizes=\"auto, (max-width: 2560px) 100vw, 2560px\" \/><\/div>\n\t\t<\/figure>\n\t<\/div>\n\t\t<\/div>\n\t<\/div>\n<\/div><\/div><\/div><\/div><\/div><\/div><\/div><\/div><div class=\"mkdf-row-grid-section-wrapper\"  ><div class=\"mkdf-row-grid-section\"><div class=\"vc_row wpb_row vc_row-fluid vc_custom_1718373737878\" ><div class=\"wpb_column vc_column_container vc_col-sm-12\"><div class=\"vc_column-inner\"><div class=\"wpb_wrapper\"><div class=\"mkdf-section-title-holder  mkdf-st-standard mkdf-st-title-left mkdf-st-normal-space\" style=\"text-align: center\">\n\t<div class=\"mkdf-st-inner\">\n        \t\t\t\t\t<h4 class=\"mkdf-st-title\" >\n\t\t\t\tSustainability and Social Responsibility\t\t\t<\/h4>\n\t\t                    <div class=\"mkdf-separator-holder clearfix  mkdf-separator-center mkdf-separator-advanced-center mkdf-separator-advanced\">\n\t<div class=\"mkdf-separator\" >\n                    <div class=\"mkdf-adv-sep-inner\">\n                <div class=\"mkdf-adv-sep-line\"  ><\/div>\n                <div class=\"mkdf-adv-sep-dot\"  ><\/div>\n            <\/div>\n            <\/div>\n<\/div>\n        \t\t\t<\/div>\n<\/div><\/div><\/div><\/div><\/div><\/div><\/div><div class=\"mkdf-row-grid-section-wrapper\"  ><div class=\"mkdf-row-grid-section\"><div class=\"vc_row wpb_row vc_row-fluid vc_custom_1718373855075\" ><div class=\"wpb_column vc_column_container vc_col-sm-12 vc_col-lg-12 vc_col-md-12\"><div class=\"vc_column-inner\"><div class=\"wpb_wrapper\">\n\t<div class=\"wpb_text_column wpb_content_element\" >\n\t\t<div class=\"wpb_wrapper\">\n\t\t\t<p>Our Corporate Social Responsibility (CSR) is reflected in concrete initiatives for sustainable and socially responsible production.<\/p>\n<p>By introducing a four-day working week for our production teams in 2021, we have significantly improved the well-being of our employees. The modification of our production line in June 2023 has also enabled us to eliminate physical tasks, with line operators benefiting from seats, so they can work seated or standing up. This modification also eliminated 55% from work equipment hazards. We have also reduced noise levels in our facilities, cutting them below 80db in the most sensitive areas.<\/p>\n<p>We promote sustainable employment by offering permanent contracts to our temporary workers, and we are close to parity in our workforce: 47% women - 53% men.<\/p>\n<p>Committed to our local fabric, we support various associations through donations, and actively participate in events that promote our region.<\/p>\n<p>Our day-to-day commitment reinforces our identity as a family-run, caring company.<\/p>\n\n\t\t<\/div>\n\t<\/div>\n<\/div><\/div><\/div><\/div><\/div><\/div><div class=\"mkdf-row-grid-section-wrapper\"  style=\"background-color:#fbf6f3\"><div class=\"mkdf-row-grid-section\"><div class=\"vc_row wpb_row vc_row-fluid\" ><div class=\"wpb_column vc_column_container vc_col-sm-12 vc_col-lg-offset-6 vc_col-lg-6\"><div class=\"vc_column-inner\"><div class=\"wpb_wrapper\"><div class=\"mkdf-elements-holder   mkdf-one-column  mkdf-responsive-mode-768\" ><div class=\"mkdf-eh-item\"  data-item-class=\"mkdf-eh-custom-8909\" data-1025-1366=\"78px 0 39px\">\n\t<div class=\"mkdf-eh-item-inner\">\n\t\t<div class=\"mkdf-eh-item-content mkdf-eh-custom-8909\" style=\"padding: 98px 0 59px\">\n\t\t\t\n\t<div class=\"wpb_text_column wpb_content_element\" >\n\t\t<div class=\"wpb_wrapper\">\n\t\t\t<h4>Environmental commitments<\/h4>\n\n\t\t<\/div>\n\t<\/div>\n<div class=\"vc_empty_space\"   style=\"height: 22px\"><span class=\"vc_empty_space_inner\"><\/span><\/div><div class=\"mkdf-separator-holder clearfix  mkdf-separator-left mkdf-separator-advanced-left mkdf-separator-advanced\">\n\t<div class=\"mkdf-separator\" >\n                    <div class=\"mkdf-adv-sep-inner\">\n                <div class=\"mkdf-adv-sep-line\"  ><\/div>\n                <div class=\"mkdf-adv-sep-dot\"  ><\/div>\n            <\/div>\n            <\/div>\n<\/div>\n\n\t<div class=\"wpb_text_column wpb_content_element  vc_custom_1718374651796\" >\n\t\t<div class=\"wpb_wrapper\">\n\t\t\t<p>Our commitment to the environment is reflected in strong actions such as the recycling of 100% of our bio-waste via methanization, transforming waste into renewable energy. We reduce our ecological impact by using fully recyclable packaging, and have eliminated black PET in favor of crystal PET to remove carbon black from our packaging. Our range of long-life macaroons illustrates our fight against food waste, underlining our commitment to protecting the environment.<\/p>\n<p><strong>At Franck Deville, we take every commitment seriously, because every step we take is a step towards a more responsible future. We are committed to maintaining high standards to continue to earn the trust of our customers, while constantly improving our practices.<\/strong><\/p>\n<p><strong>Join Franck Deville in his mission to make the world a better place, one macaron at a time.<\/strong><\/p>\n\n\t\t<\/div>\n\t<\/div>\n<div class=\"vc_empty_space\"   style=\"height: 20px\"><span class=\"vc_empty_space_inner\"><\/span><\/div>\t\t<\/div>\n\t<\/div>\n<\/div><\/div><\/div><\/div><\/div><\/div><\/div><\/div><div class=\"mkdf-row-grid-section-wrapper\"  ><div class=\"mkdf-row-grid-section\"><div class=\"vc_row wpb_row vc_row-fluid\" ><div class=\"wpb_column vc_column_container vc_col-sm-12 vc_col-lg-6\"><div class=\"vc_column-inner vc_custom_1540543316970\"><div class=\"wpb_wrapper\"><div class=\"mkdf-elements-holder   mkdf-one-column  mkdf-responsive-mode-768\" ><div class=\"mkdf-eh-item\"  data-item-class=\"mkdf-eh-custom-5822\" data-1025-1366=\"56px 0 0\" data-769-1024=\"65% 11% 0\" data-681-768=\"85% 0 0\" data-680=\"170% 0 0\">\n\t<div class=\"mkdf-eh-item-inner\">\n\t\t<div class=\"mkdf-eh-item-content mkdf-eh-custom-5822\" style=\"padding: 0 25px 0 0\">\n\t\t\t\n\t<div  class=\"wpb_single_image wpb_content_element vc_align_left\">\n\t\t\n\t\t<figure class=\"wpb_wrapper vc_figure\">\n\t\t\t<div class=\"vc_single_image-wrapper   vc_box_border_grey\"><img loading=\"lazy\" decoding=\"async\" width=\"558\" height=\"539\" src=\"https:\/\/www.franckdeville.fr\/wp-content\/uploads\/2024\/06\/illustration-nos-engagements2-1.jpg\" class=\"vc_single_image-img attachment-full\" alt=\"Illustration nos engagements2\" title=\"illustration our commitments2\" srcset=\"https:\/\/www.franckdeville.fr\/wp-content\/uploads\/2024\/06\/illustration-nos-engagements2-1.jpg 558w, https:\/\/www.franckdeville.fr\/wp-content\/uploads\/2024\/06\/illustration-nos-engagements2-1-300x290.jpg 300w\" sizes=\"auto, (max-width: 558px) 100vw, 558px\" \/><\/div>\n\t\t<\/figure>\n\t<\/div>\n\t\t<\/div>\n\t<\/div>\n<\/div><\/div><\/div><\/div><\/div><\/div><\/div><\/div>","protected":false},"excerpt":{"rendered":"Pour l\u2019amour du macaron, pour le respect de la plan\u00e8te Chez Franck Deville, chaque macaron que nous cr\u00e9ons est un reflet de notre engagement envers l'excellence, la durabilit\u00e9 et la responsabilit\u00e9 sociale. Ces principes ne sont pas seulement au c\u0153ur de notre processus de production, mais ils illustrent \u00e9galement les valeurs fondamentales de notre marque Engagement Qualitatif et Naturalit\u00e9 A une \u00e9poque o\u00f9 le \u00ab\u00a0bien manger\u00a0\u00bb est tr\u00e8s li\u00e9 au \u00ab\u00a0manger bien\u00a0\u00bb, la recherche d\u2019ingr\u00e9dients naturels et go\u00fbteux sont notre priorit\u00e9. Nous s\u00e9lectionnons minutieusement nos [...]","protected":false},"author":1,"featured_media":4182,"parent":4194,"menu_order":0,"comment_status":"closed","ping_status":"closed","template":"full-width.php","meta":{"footnotes":""},"class_list":["post-4280","page","type-page","status-publish","has-post-thumbnail","hentry"],"yoast_head":"<!-- This site is optimized with the Yoast SEO plugin v27.4 - https:\/\/yoast.com\/product\/yoast-seo-wordpress\/ -->\n<title>Nos engagements \u2013 Macarons fran\u00e7ais Franck Deville<\/title>\n<meta name=\"description\" content=\"Excellence, naturalit\u00e9, durabilit\u00e9 : d\u00e9couvrez les engagements Franck Deville, de la s\u00e9lection d\u2019ingr\u00e9dients fran\u00e7ais aux colorants d\u2019origine naturelle.\" \/>\n<meta name=\"robots\" content=\"index, follow, max-snippet:-1, max-image-preview:large, max-video-preview:-1\" \/>\n<link rel=\"canonical\" href=\"http:\/\/www.franckdeville.fr\/en\/our-home\/our-commitments\/\" \/>\n<meta property=\"og:locale\" content=\"en_US\" \/>\n<meta property=\"og:type\" content=\"article\" \/>\n<meta property=\"og:title\" content=\"Nos engagements \u2013 Macarons fran\u00e7ais Franck Deville\" \/>\n<meta property=\"og:description\" content=\"Excellence, naturalit\u00e9, durabilit\u00e9 : d\u00e9couvrez les engagements Franck Deville, de la s\u00e9lection d\u2019ingr\u00e9dients fran\u00e7ais aux colorants d\u2019origine naturelle.\" \/>\n<meta property=\"og:url\" content=\"http:\/\/www.franckdeville.fr\/en\/our-home\/our-commitments\/\" \/>\n<meta property=\"og:site_name\" content=\"Franck Deville - Macarons fran\u00e7ais d&#039;excellence\" \/>\n<meta property=\"article:publisher\" content=\"https:\/\/www.facebook.com\/FranckDevillemacarons\" \/>\n<meta property=\"article:modified_time\" content=\"2024-09-18T17:58:19+00:00\" \/>\n<meta property=\"og:image\" content=\"https:\/\/www.franckdeville.fr\/wp-content\/uploads\/2024\/06\/Image6.jpg\" \/>\n\t<meta property=\"og:image:width\" content=\"1385\" \/>\n\t<meta property=\"og:image:height\" content=\"923\" \/>\n\t<meta property=\"og:image:type\" content=\"image\/jpeg\" \/>\n<meta name=\"twitter:card\" content=\"summary_large_image\" \/>\n<meta name=\"twitter:label1\" content=\"Est. reading time\" \/>\n\t<meta name=\"twitter:data1\" content=\"5 minutes\" \/>\n<script type=\"application\/ld+json\" class=\"yoast-schema-graph\">{\"@context\":\"https:\\\/\\\/schema.org\",\"@graph\":[{\"@type\":\"WebPage\",\"@id\":\"http:\\\/\\\/www.franckdeville.fr\\\/fr\\\/notre-maison\\\/nos-engagements\\\/\",\"url\":\"http:\\\/\\\/www.franckdeville.fr\\\/fr\\\/notre-maison\\\/nos-engagements\\\/\",\"name\":\"Nos engagements \u2013 Macarons fran\u00e7ais Franck Deville\",\"isPartOf\":{\"@id\":\"https:\\\/\\\/www.franckdeville.fr\\\/fr\\\/#website\"},\"primaryImageOfPage\":{\"@id\":\"http:\\\/\\\/www.franckdeville.fr\\\/fr\\\/notre-maison\\\/nos-engagements\\\/#primaryimage\"},\"image\":{\"@id\":\"http:\\\/\\\/www.franckdeville.fr\\\/fr\\\/notre-maison\\\/nos-engagements\\\/#primaryimage\"},\"thumbnailUrl\":\"https:\\\/\\\/www.franckdeville.fr\\\/wp-content\\\/uploads\\\/2024\\\/06\\\/Image6.jpg\",\"datePublished\":\"2024-06-05T10:16:34+00:00\",\"dateModified\":\"2024-09-18T17:58:19+00:00\",\"description\":\"Excellence, naturalit\u00e9, durabilit\u00e9 : d\u00e9couvrez les engagements Franck Deville, de la s\u00e9lection d\u2019ingr\u00e9dients fran\u00e7ais aux colorants d\u2019origine naturelle.\",\"breadcrumb\":{\"@id\":\"http:\\\/\\\/www.franckdeville.fr\\\/fr\\\/notre-maison\\\/nos-engagements\\\/#breadcrumb\"},\"inLanguage\":\"en-US\",\"potentialAction\":[{\"@type\":\"ReadAction\",\"target\":[\"http:\\\/\\\/www.franckdeville.fr\\\/fr\\\/notre-maison\\\/nos-engagements\\\/\"]}]},{\"@type\":\"ImageObject\",\"inLanguage\":\"en-US\",\"@id\":\"http:\\\/\\\/www.franckdeville.fr\\\/fr\\\/notre-maison\\\/nos-engagements\\\/#primaryimage\",\"url\":\"https:\\\/\\\/www.franckdeville.fr\\\/wp-content\\\/uploads\\\/2024\\\/06\\\/Image6.jpg\",\"contentUrl\":\"https:\\\/\\\/www.franckdeville.fr\\\/wp-content\\\/uploads\\\/2024\\\/06\\\/Image6.jpg\",\"width\":1385,\"height\":923},{\"@type\":\"BreadcrumbList\",\"@id\":\"http:\\\/\\\/www.franckdeville.fr\\\/fr\\\/notre-maison\\\/nos-engagements\\\/#breadcrumb\",\"itemListElement\":[{\"@type\":\"ListItem\",\"position\":1,\"name\":\"Accueil\",\"item\":\"http:\\\/\\\/www.franckdeville.fr\\\/fr\\\/\"},{\"@type\":\"ListItem\",\"position\":2,\"name\":\"Notre Maison\",\"item\":\"http:\\\/\\\/www.franckdeville.fr\\\/fr\\\/notre-maison\\\/\"},{\"@type\":\"ListItem\",\"position\":3,\"name\":\"Nos engagements\"}]},{\"@type\":\"WebSite\",\"@id\":\"https:\\\/\\\/www.franckdeville.fr\\\/fr\\\/#website\",\"url\":\"https:\\\/\\\/www.franckdeville.fr\\\/fr\\\/\",\"name\":\"Franck Deville\",\"description\":\"L&#039;Artisan Macaronier des Chefs\",\"publisher\":{\"@id\":\"https:\\\/\\\/www.franckdeville.fr\\\/fr\\\/#organization\"},\"potentialAction\":[{\"@type\":\"SearchAction\",\"target\":{\"@type\":\"EntryPoint\",\"urlTemplate\":\"https:\\\/\\\/www.franckdeville.fr\\\/fr\\\/?s={search_term_string}\"},\"query-input\":{\"@type\":\"PropertyValueSpecification\",\"valueRequired\":true,\"valueName\":\"search_term_string\"}}],\"inLanguage\":\"en-US\"},{\"@type\":\"Organization\",\"@id\":\"https:\\\/\\\/www.franckdeville.fr\\\/fr\\\/#organization\",\"name\":\"Franck Deville\",\"url\":\"https:\\\/\\\/www.franckdeville.fr\\\/fr\\\/\",\"logo\":{\"@type\":\"ImageObject\",\"inLanguage\":\"en-US\",\"@id\":\"https:\\\/\\\/www.franckdeville.fr\\\/fr\\\/#\\\/schema\\\/logo\\\/image\\\/\",\"url\":\"https:\\\/\\\/www.franckdeville.fr\\\/wp-content\\\/uploads\\\/2024\\\/09\\\/logo_franckdeville_small2.png\",\"contentUrl\":\"https:\\\/\\\/www.franckdeville.fr\\\/wp-content\\\/uploads\\\/2024\\\/09\\\/logo_franckdeville_small2.png\",\"width\":600,\"height\":193,\"caption\":\"Franck Deville\"},\"image\":{\"@id\":\"https:\\\/\\\/www.franckdeville.fr\\\/fr\\\/#\\\/schema\\\/logo\\\/image\\\/\"},\"sameAs\":[\"https:\\\/\\\/www.facebook.com\\\/FranckDevillemacarons\"]}]}<\/script>\n<!-- \/ Yoast SEO plugin. -->","yoast_head_json":{"title":"Nos engagements \u2013 Macarons fran\u00e7ais Franck Deville","description":"Excellence, naturalit\u00e9, durabilit\u00e9 : d\u00e9couvrez les engagements Franck Deville, de la s\u00e9lection d\u2019ingr\u00e9dients fran\u00e7ais aux colorants d\u2019origine naturelle.","robots":{"index":"index","follow":"follow","max-snippet":"max-snippet:-1","max-image-preview":"max-image-preview:large","max-video-preview":"max-video-preview:-1"},"canonical":"http:\/\/www.franckdeville.fr\/en\/our-home\/our-commitments\/","og_locale":"en_US","og_type":"article","og_title":"Nos engagements \u2013 Macarons fran\u00e7ais Franck Deville","og_description":"Excellence, naturalit\u00e9, durabilit\u00e9 : d\u00e9couvrez les engagements Franck Deville, de la s\u00e9lection d\u2019ingr\u00e9dients fran\u00e7ais aux colorants d\u2019origine naturelle.","og_url":"http:\/\/www.franckdeville.fr\/en\/our-home\/our-commitments\/","og_site_name":"Franck Deville - Macarons fran\u00e7ais d&#039;excellence","article_publisher":"https:\/\/www.facebook.com\/FranckDevillemacarons","article_modified_time":"2024-09-18T17:58:19+00:00","og_image":[{"width":1385,"height":923,"url":"https:\/\/www.franckdeville.fr\/wp-content\/uploads\/2024\/06\/Image6.jpg","type":"image\/jpeg"}],"twitter_card":"summary_large_image","twitter_misc":{"Est. reading time":"5 minutes"},"schema":{"@context":"https:\/\/schema.org","@graph":[{"@type":"WebPage","@id":"http:\/\/www.franckdeville.fr\/fr\/notre-maison\/nos-engagements\/","url":"http:\/\/www.franckdeville.fr\/fr\/notre-maison\/nos-engagements\/","name":"Nos engagements \u2013 Macarons fran\u00e7ais Franck Deville","isPartOf":{"@id":"https:\/\/www.franckdeville.fr\/fr\/#website"},"primaryImageOfPage":{"@id":"http:\/\/www.franckdeville.fr\/fr\/notre-maison\/nos-engagements\/#primaryimage"},"image":{"@id":"http:\/\/www.franckdeville.fr\/fr\/notre-maison\/nos-engagements\/#primaryimage"},"thumbnailUrl":"https:\/\/www.franckdeville.fr\/wp-content\/uploads\/2024\/06\/Image6.jpg","datePublished":"2024-06-05T10:16:34+00:00","dateModified":"2024-09-18T17:58:19+00:00","description":"Excellence, naturalit\u00e9, durabilit\u00e9 : d\u00e9couvrez les engagements Franck Deville, de la s\u00e9lection d\u2019ingr\u00e9dients fran\u00e7ais aux colorants d\u2019origine naturelle.","breadcrumb":{"@id":"http:\/\/www.franckdeville.fr\/fr\/notre-maison\/nos-engagements\/#breadcrumb"},"inLanguage":"en-US","potentialAction":[{"@type":"ReadAction","target":["http:\/\/www.franckdeville.fr\/fr\/notre-maison\/nos-engagements\/"]}]},{"@type":"ImageObject","inLanguage":"en-US","@id":"http:\/\/www.franckdeville.fr\/fr\/notre-maison\/nos-engagements\/#primaryimage","url":"https:\/\/www.franckdeville.fr\/wp-content\/uploads\/2024\/06\/Image6.jpg","contentUrl":"https:\/\/www.franckdeville.fr\/wp-content\/uploads\/2024\/06\/Image6.jpg","width":1385,"height":923},{"@type":"BreadcrumbList","@id":"http:\/\/www.franckdeville.fr\/fr\/notre-maison\/nos-engagements\/#breadcrumb","itemListElement":[{"@type":"ListItem","position":1,"name":"Accueil","item":"http:\/\/www.franckdeville.fr\/fr\/"},{"@type":"ListItem","position":2,"name":"Notre Maison","item":"http:\/\/www.franckdeville.fr\/fr\/notre-maison\/"},{"@type":"ListItem","position":3,"name":"Nos engagements"}]},{"@type":"WebSite","@id":"https:\/\/www.franckdeville.fr\/fr\/#website","url":"https:\/\/www.franckdeville.fr\/fr\/","name":"Franck Deville","description":"L&#039;Artisan Macaronier des Chefs","publisher":{"@id":"https:\/\/www.franckdeville.fr\/fr\/#organization"},"potentialAction":[{"@type":"SearchAction","target":{"@type":"EntryPoint","urlTemplate":"https:\/\/www.franckdeville.fr\/fr\/?s={search_term_string}"},"query-input":{"@type":"PropertyValueSpecification","valueRequired":true,"valueName":"search_term_string"}}],"inLanguage":"en-US"},{"@type":"Organization","@id":"https:\/\/www.franckdeville.fr\/fr\/#organization","name":"Franck Deville","url":"https:\/\/www.franckdeville.fr\/fr\/","logo":{"@type":"ImageObject","inLanguage":"en-US","@id":"https:\/\/www.franckdeville.fr\/fr\/#\/schema\/logo\/image\/","url":"https:\/\/www.franckdeville.fr\/wp-content\/uploads\/2024\/09\/logo_franckdeville_small2.png","contentUrl":"https:\/\/www.franckdeville.fr\/wp-content\/uploads\/2024\/09\/logo_franckdeville_small2.png","width":600,"height":193,"caption":"Franck Deville"},"image":{"@id":"https:\/\/www.franckdeville.fr\/fr\/#\/schema\/logo\/image\/"},"sameAs":["https:\/\/www.facebook.com\/FranckDevillemacarons"]}]}},"_links":{"self":[{"href":"https:\/\/www.franckdeville.fr\/en\/wp-json\/wp\/v2\/pages\/4280","targetHints":{"allow":["GET"]}}],"collection":[{"href":"https:\/\/www.franckdeville.fr\/en\/wp-json\/wp\/v2\/pages"}],"about":[{"href":"https:\/\/www.franckdeville.fr\/en\/wp-json\/wp\/v2\/types\/page"}],"author":[{"embeddable":true,"href":"https:\/\/www.franckdeville.fr\/en\/wp-json\/wp\/v2\/users\/1"}],"replies":[{"embeddable":true,"href":"https:\/\/www.franckdeville.fr\/en\/wp-json\/wp\/v2\/comments?post=4280"}],"version-history":[{"count":19,"href":"https:\/\/www.franckdeville.fr\/en\/wp-json\/wp\/v2\/pages\/4280\/revisions"}],"predecessor-version":[{"id":4683,"href":"https:\/\/www.franckdeville.fr\/en\/wp-json\/wp\/v2\/pages\/4280\/revisions\/4683"}],"up":[{"embeddable":true,"href":"https:\/\/www.franckdeville.fr\/en\/wp-json\/wp\/v2\/pages\/4194"}],"wp:featuredmedia":[{"embeddable":true,"href":"https:\/\/www.franckdeville.fr\/en\/wp-json\/wp\/v2\/media\/4182"}],"wp:attachment":[{"href":"https:\/\/www.franckdeville.fr\/en\/wp-json\/wp\/v2\/media?parent=4280"}],"curies":[{"name":"wp","href":"https:\/\/api.w.org\/{rel}","templated":true}]}}