{"id":4276,"date":"2024-06-05T12:14:19","date_gmt":"2024-06-05T10:14:19","guid":{"rendered":"https:\/\/www.franckdeville.fr\/?page_id=4276"},"modified":"2024-09-02T14:59:35","modified_gmt":"2024-09-02T12:59:35","slug":"our-know-how","status":"publish","type":"page","link":"https:\/\/www.franckdeville.fr\/en\/our-home\/our-know-how\/","title":{"rendered":"Our expertise"},"content":{"rendered":"<div class=\"mkdf-row-grid-section-wrapper\"  ><div class=\"mkdf-row-grid-section\"><div class=\"vc_row wpb_row vc_row-fluid vc_custom_1718392573284 vc_column-gap-35\" ><div class=\"wpb_column vc_column_container vc_col-sm-12 vc_col-lg-6 vc_col-md-12\"><div class=\"vc_column-inner\"><div class=\"wpb_wrapper\">\n\t<div  class=\"wpb_single_image wpb_content_element vc_align_left\">\n\t\t\n\t\t<figure class=\"wpb_wrapper vc_figure\">\n\t\t\t<div class=\"vc_single_image-wrapper   vc_box_border_grey\"><img loading=\"lazy\" decoding=\"async\" width=\"2560\" height=\"1920\" src=\"https:\/\/www.franckdeville.fr\/wp-content\/uploads\/2024\/06\/illustration-notre-savoir-faire1.jpg\" class=\"vc_single_image-img attachment-full\" alt=\"Illustration notre savoir faire1\" title=\"illustrating our know-how1\" srcset=\"https:\/\/www.franckdeville.fr\/wp-content\/uploads\/2024\/06\/illustration-notre-savoir-faire1.jpg 2560w, https:\/\/www.franckdeville.fr\/wp-content\/uploads\/2024\/06\/illustration-notre-savoir-faire1-300x225.jpg 300w, https:\/\/www.franckdeville.fr\/wp-content\/uploads\/2024\/06\/illustration-notre-savoir-faire1-1024x768.jpg 1024w, https:\/\/www.franckdeville.fr\/wp-content\/uploads\/2024\/06\/illustration-notre-savoir-faire1-768x576.jpg 768w, https:\/\/www.franckdeville.fr\/wp-content\/uploads\/2024\/06\/illustration-notre-savoir-faire1-1536x1152.jpg 1536w\" sizes=\"auto, (max-width: 2560px) 100vw, 2560px\" \/><\/div>\n\t\t<\/figure>\n\t<\/div>\n<div class=\"vc_empty_space\"   style=\"height: 50px\"><span class=\"vc_empty_space_inner\"><\/span><\/div><\/div><\/div><\/div><div class=\"wpb_column vc_column_container vc_col-sm-12 vc_col-lg-6 vc_col-md-12\"><div class=\"vc_column-inner\"><div class=\"wpb_wrapper\"><div class=\"mkdf-accordion-holder mkdf-ac-default  mkdf-accordion mkdf-ac-simple  clearfix\">\n\t<h5 class=\"mkdf-accordion-title\" style=\"font-size: 13px;font-weight: 500;letter-spacing: 2px\">\n    <span class=\"mkdf-accordion-mark\" style=\"font-size: 13px;font-weight: 500;letter-spacing: 2px\">\n\t\t<span class=\"mkdf_icon_plus icon_plus\"><\/span>\n\t\t<span class=\"mkdf_icon_minus icon_minus-06\"><\/span>\n\t<\/span>\n\t<span class=\"mkdf-tab-title\">Un Chef au Service des Chefs: Un Artisan des Saveurs<\/span>\n<\/h5>\n<div class=\"mkdf-accordion-content\">\n\t<div class=\"mkdf-accordion-content-inner\">\n\t\t\n\t<div class=\"wpb_text_column wpb_content_element\" >\n\t\t<div class=\"wpb_wrapper\">\n\t\t\t<p>Franck Deville, with his background as a renowned chef and artisan macaronier, creates each recipe with a precision that guarantees the organoleptic and aesthetic superiority of our products. His exacting standards and expertise are evident in the meticulous attention he pays to every detail, from the selection of ingredients to the finalization of each product, delivering subtle, sophisticated flavors in every bite.<\/p>\n\n\t\t<\/div>\n\t<\/div>\n\t<\/div>\n<\/div><h5 class=\"mkdf-accordion-title\" style=\"font-size: 13px;font-weight: 500;letter-spacing: 2px\">\n    <span class=\"mkdf-accordion-mark\" style=\"font-size: 13px;font-weight: 500;letter-spacing: 2px\">\n\t\t<span class=\"mkdf_icon_plus icon_plus\"><\/span>\n\t\t<span class=\"mkdf_icon_minus icon_minus-06\"><\/span>\n\t<\/span>\n\t<span class=\"mkdf-tab-title\">Heritage and Tradition<\/span>\n<\/h5>\n<div class=\"mkdf-accordion-content\">\n\t<div class=\"mkdf-accordion-content-inner\">\n\t\t\n\t<div class=\"wpb_text_column wpb_content_element\" >\n\t\t<div class=\"wpb_wrapper\">\n\t\t\t<p>Our macaroons are made using artisanal production methods that celebrate France's rich culinary heritage. We are committed to traditional recipes and impose rigorous specifications on our suppliers to ensure the excellence of our ingredients. The shells, made according to the French meringue recipe, contain no texturizing agents and are naturally gluten-free. Everything is made in our workshops, from the sweet and savory fillings to the coating, and of course the macaron shells, guaranteeing the preservation of the original taste and purity of flavor. <\/p>\n\n\t\t<\/div>\n\t<\/div>\n\t<\/div>\n<\/div><h5 class=\"mkdf-accordion-title\" style=\"font-size: 13px;font-weight: 500;letter-spacing: 2px\">\n    <span class=\"mkdf-accordion-mark\" style=\"font-size: 13px;font-weight: 500;letter-spacing: 2px\">\n\t\t<span class=\"mkdf_icon_plus icon_plus\"><\/span>\n\t\t<span class=\"mkdf_icon_minus icon_minus-06\"><\/span>\n\t<\/span>\n\t<span class=\"mkdf-tab-title\">Innovation and Customization<\/span>\n<\/h5>\n<div class=\"mkdf-accordion-content\">\n\t<div class=\"mkdf-accordion-content-inner\">\n\t\t\n\t<div class=\"wpb_text_column wpb_content_element\" >\n\t\t<div class=\"wpb_wrapper\">\n\t\t\t<p>Innovation is at the heart of Maison Franck Deville. Our sweet and savory macaroons or our range of chocolate-covered macaroons illustrate our quest to create unique products and push back the boundaries of traditional patisserie. We also offer tailor-made personalization services, enabling our customers to create unique macaroons for special occasions, such as corporate events, weddings, seminars or sporting events, meeting their expectations perfectly.<\/p>\n\n\t\t<\/div>\n\t<\/div>\n\t<\/div>\n<\/div><h5 class=\"mkdf-accordion-title\" style=\"font-size: 13px;font-weight: 500;letter-spacing: 2px\">\n    <span class=\"mkdf-accordion-mark\" style=\"font-size: 13px;font-weight: 500;letter-spacing: 2px\">\n\t\t<span class=\"mkdf_icon_plus icon_plus\"><\/span>\n\t\t<span class=\"mkdf_icon_minus icon_minus-06\"><\/span>\n\t<\/span>\n\t<span class=\"mkdf-tab-title\">Commitment to Modernity and Quality<\/span>\n<\/h5>\n<div class=\"mkdf-accordion-content\">\n\t<div class=\"mkdf-accordion-content-inner\">\n\t\t\n\t<div class=\"wpb_text_column wpb_content_element\" >\n\t\t<div class=\"wpb_wrapper\">\n\t\t\t<p>We continually incorporate innovations into our production to stay at the forefront of the industry. Our commitment to modernity translates into the use of advanced production techniques and a proactive approach to new product development. Our macaroons are not only exquisite; they are also at the cutting edge of innovation.<\/p>\n\n\t\t<\/div>\n\t<\/div>\n\t<\/div>\n<\/div><\/div><\/div><\/div><\/div><\/div><\/div><\/div><div class=\"mkdf-row-grid-section-wrapper\"  style=\"background-color:#fbf6f3\"><div class=\"mkdf-row-grid-section\"><div class=\"vc_row wpb_row vc_row-fluid vc_custom_1718393007899\" ><div class=\"wpb_column vc_column_container vc_col-sm-12\"><div class=\"vc_column-inner\"><div class=\"wpb_wrapper\"><div class=\"mkdf-section-title-holder  mkdf-st-standard mkdf-st-title-left mkdf-st-normal-space\" style=\"text-align: center\">\n\t<div class=\"mkdf-st-inner\">\n        \t\t\t\t\t<h4 class=\"mkdf-st-title\" >\n\t\t\t\tAncestral know-how, futuristic vision\t\t\t<\/h4>\n\t\t                    <div class=\"mkdf-separator-holder clearfix  mkdf-separator-center mkdf-separator-advanced-center mkdf-separator-advanced\">\n\t<div class=\"mkdf-separator\" >\n                    <div class=\"mkdf-adv-sep-inner\">\n                <div class=\"mkdf-adv-sep-line\"  ><\/div>\n                <div class=\"mkdf-adv-sep-dot\"  ><\/div>\n            <\/div>\n            <\/div>\n<\/div>\n        \t\t\t<\/div>\n<\/div><\/div><\/div><\/div><\/div><\/div><\/div><div class=\"mkdf-row-grid-section-wrapper\"  style=\"background-color:#fbf6f3\"><div class=\"mkdf-row-grid-section\"><div class=\"vc_row wpb_row vc_row-fluid vc_custom_1718393025575\" ><div class=\"wpb_column vc_column_container vc_col-sm-12 vc_col-lg-6 vc_col-md-12\"><div class=\"vc_column-inner\"><div class=\"wpb_wrapper\">\n\t<div class=\"wpb_text_column wpb_content_element\" >\n\t\t<div class=\"wpb_wrapper\">\n\t\t\t<p>\n<span class=\"mkdf-dropcaps mkdf-normal\" style=\"color: #c19d56\">\n\tC<\/span>t Franck Deville, French gastronomy is combined with a relentless quest for excellence to create bespoke macaroons, true symbols of elegance and refinement. Our expertise, forged by an unwavering commitment to quality, tradition and craftsmanship, transforms each macaroon into a unique taste experience.<\/p>\n\n\t\t<\/div>\n\t<\/div>\n<div class=\"vc_empty_space\"   style=\"height: 50px\"><span class=\"vc_empty_space_inner\"><\/span><\/div><\/div><\/div><\/div><div class=\"wpb_column vc_column_container vc_col-sm-12 vc_col-lg-6 vc_col-md-12\"><div class=\"vc_column-inner\"><div class=\"wpb_wrapper\">\n\t<div class=\"wpb_text_column wpb_content_element\" >\n\t\t<div class=\"wpb_wrapper\">\n\t\t\t<p>We're proud of our expertise, which enables us to produce not just macaroons, but true gastronomic masterpieces. Each piece reflects our passion for sustainable luxury gastronomy and our devotion to customer satisfaction. Discover the excellence, innovation and passion that define Franck Deville, l'Artisan Macaronier des Chefs.<\/p>\n\n\t\t<\/div>\n\t<\/div>\n<div class=\"vc_empty_space\"   style=\"height: 50px\"><span class=\"vc_empty_space_inner\"><\/span><\/div><\/div><\/div><\/div><\/div><\/div><\/div>","protected":false},"excerpt":{"rendered":"Un Chef au Service des Chefs : Un Artisan des Saveurs Franck Deville, avec son parcours de chef et artisan macaronier de renom, cr\u00e9e chaque recette avec une pr\u00e9cision qui garantit la sup\u00e9riorit\u00e9 organoleptique et esth\u00e9tique de nos produits. Son exigence et son expertise se manifeste dans le soin minutieux apport\u00e9 \u00e0 chaque d\u00e9tail, de la s\u00e9lection des ingr\u00e9dients \u00e0 la finalisation de chaque produit, offrant ainsi des saveurs subtiles et sophistiqu\u00e9es \u00e0 chaque bouch\u00e9e. Patrimoine et Tradition Nos macarons sont \u00e9labor\u00e9s selon des m\u00e9thodes [...]","protected":false},"author":1,"featured_media":4181,"parent":4194,"menu_order":0,"comment_status":"closed","ping_status":"closed","template":"full-width.php","meta":{"footnotes":""},"class_list":["post-4276","page","type-page","status-publish","has-post-thumbnail","hentry"],"yoast_head":"<!-- This site is optimized with the Yoast SEO plugin v27.4 - https:\/\/yoast.com\/product\/yoast-seo-wordpress\/ -->\n<title>Savoir-faire artisanal \u2013 Macarons fran\u00e7ais Franck Deville<\/title>\n<meta name=\"description\" content=\"Recettes artisanales, m\u00e9thodes traditionnelles, ingr\u00e9dients s\u00e9lectionn\u00e9s : d\u00e9couvrez le savoir-faire Franck Deville au service du macaron d\u2019exception.\" \/>\n<meta name=\"robots\" content=\"index, follow, max-snippet:-1, max-image-preview:large, max-video-preview:-1\" \/>\n<link rel=\"canonical\" href=\"http:\/\/www.franckdeville.fr\/en\/our-home\/our-know-how\/\" \/>\n<meta property=\"og:locale\" content=\"en_US\" \/>\n<meta property=\"og:type\" content=\"article\" \/>\n<meta property=\"og:title\" content=\"Savoir-faire artisanal \u2013 Macarons fran\u00e7ais Franck Deville\" \/>\n<meta property=\"og:description\" content=\"Recettes artisanales, m\u00e9thodes traditionnelles, ingr\u00e9dients s\u00e9lectionn\u00e9s : d\u00e9couvrez le savoir-faire Franck Deville au service du macaron d\u2019exception.\" \/>\n<meta property=\"og:url\" content=\"http:\/\/www.franckdeville.fr\/en\/our-home\/our-know-how\/\" \/>\n<meta property=\"og:site_name\" content=\"Franck Deville - Macarons fran\u00e7ais d&#039;excellence\" \/>\n<meta property=\"article:publisher\" content=\"https:\/\/www.facebook.com\/FranckDevillemacarons\" \/>\n<meta property=\"article:modified_time\" content=\"2024-09-02T12:59:35+00:00\" \/>\n<meta property=\"og:image\" content=\"https:\/\/www.franckdeville.fr\/wp-content\/uploads\/2024\/06\/Image5.jpg\" \/>\n\t<meta property=\"og:image:width\" content=\"599\" \/>\n\t<meta property=\"og:image:height\" content=\"898\" \/>\n\t<meta property=\"og:image:type\" content=\"image\/jpeg\" \/>\n<meta name=\"twitter:card\" content=\"summary_large_image\" \/>\n<meta name=\"twitter:label1\" content=\"Est. reading time\" \/>\n\t<meta name=\"twitter:data1\" content=\"4 minutes\" \/>\n<script type=\"application\/ld+json\" class=\"yoast-schema-graph\">{\"@context\":\"https:\\\/\\\/schema.org\",\"@graph\":[{\"@type\":\"WebPage\",\"@id\":\"http:\\\/\\\/www.franckdeville.fr\\\/fr\\\/notre-maison\\\/notre-savoir-faire\\\/\",\"url\":\"http:\\\/\\\/www.franckdeville.fr\\\/fr\\\/notre-maison\\\/notre-savoir-faire\\\/\",\"name\":\"Savoir-faire artisanal \u2013 Macarons fran\u00e7ais Franck Deville\",\"isPartOf\":{\"@id\":\"https:\\\/\\\/www.franckdeville.fr\\\/fr\\\/#website\"},\"primaryImageOfPage\":{\"@id\":\"http:\\\/\\\/www.franckdeville.fr\\\/fr\\\/notre-maison\\\/notre-savoir-faire\\\/#primaryimage\"},\"image\":{\"@id\":\"http:\\\/\\\/www.franckdeville.fr\\\/fr\\\/notre-maison\\\/notre-savoir-faire\\\/#primaryimage\"},\"thumbnailUrl\":\"https:\\\/\\\/www.franckdeville.fr\\\/wp-content\\\/uploads\\\/2024\\\/06\\\/Image5.jpg\",\"datePublished\":\"2024-06-05T10:14:19+00:00\",\"dateModified\":\"2024-09-02T12:59:35+00:00\",\"description\":\"Recettes artisanales, m\u00e9thodes traditionnelles, ingr\u00e9dients s\u00e9lectionn\u00e9s : d\u00e9couvrez le savoir-faire Franck Deville au service du macaron d\u2019exception.\",\"breadcrumb\":{\"@id\":\"http:\\\/\\\/www.franckdeville.fr\\\/fr\\\/notre-maison\\\/notre-savoir-faire\\\/#breadcrumb\"},\"inLanguage\":\"en-US\",\"potentialAction\":[{\"@type\":\"ReadAction\",\"target\":[\"http:\\\/\\\/www.franckdeville.fr\\\/fr\\\/notre-maison\\\/notre-savoir-faire\\\/\"]}]},{\"@type\":\"ImageObject\",\"inLanguage\":\"en-US\",\"@id\":\"http:\\\/\\\/www.franckdeville.fr\\\/fr\\\/notre-maison\\\/notre-savoir-faire\\\/#primaryimage\",\"url\":\"https:\\\/\\\/www.franckdeville.fr\\\/wp-content\\\/uploads\\\/2024\\\/06\\\/Image5.jpg\",\"contentUrl\":\"https:\\\/\\\/www.franckdeville.fr\\\/wp-content\\\/uploads\\\/2024\\\/06\\\/Image5.jpg\",\"width\":599,\"height\":898},{\"@type\":\"BreadcrumbList\",\"@id\":\"http:\\\/\\\/www.franckdeville.fr\\\/fr\\\/notre-maison\\\/notre-savoir-faire\\\/#breadcrumb\",\"itemListElement\":[{\"@type\":\"ListItem\",\"position\":1,\"name\":\"Accueil\",\"item\":\"http:\\\/\\\/www.franckdeville.fr\\\/fr\\\/\"},{\"@type\":\"ListItem\",\"position\":2,\"name\":\"Notre Maison\",\"item\":\"http:\\\/\\\/www.franckdeville.fr\\\/fr\\\/notre-maison\\\/\"},{\"@type\":\"ListItem\",\"position\":3,\"name\":\"Notre savoir-faire\"}]},{\"@type\":\"WebSite\",\"@id\":\"https:\\\/\\\/www.franckdeville.fr\\\/fr\\\/#website\",\"url\":\"https:\\\/\\\/www.franckdeville.fr\\\/fr\\\/\",\"name\":\"Franck Deville\",\"description\":\"L&#039;Artisan Macaronier des Chefs\",\"publisher\":{\"@id\":\"https:\\\/\\\/www.franckdeville.fr\\\/fr\\\/#organization\"},\"potentialAction\":[{\"@type\":\"SearchAction\",\"target\":{\"@type\":\"EntryPoint\",\"urlTemplate\":\"https:\\\/\\\/www.franckdeville.fr\\\/fr\\\/?s={search_term_string}\"},\"query-input\":{\"@type\":\"PropertyValueSpecification\",\"valueRequired\":true,\"valueName\":\"search_term_string\"}}],\"inLanguage\":\"en-US\"},{\"@type\":\"Organization\",\"@id\":\"https:\\\/\\\/www.franckdeville.fr\\\/fr\\\/#organization\",\"name\":\"Franck Deville\",\"url\":\"https:\\\/\\\/www.franckdeville.fr\\\/fr\\\/\",\"logo\":{\"@type\":\"ImageObject\",\"inLanguage\":\"en-US\",\"@id\":\"https:\\\/\\\/www.franckdeville.fr\\\/fr\\\/#\\\/schema\\\/logo\\\/image\\\/\",\"url\":\"https:\\\/\\\/www.franckdeville.fr\\\/wp-content\\\/uploads\\\/2024\\\/09\\\/logo_franckdeville_small2.png\",\"contentUrl\":\"https:\\\/\\\/www.franckdeville.fr\\\/wp-content\\\/uploads\\\/2024\\\/09\\\/logo_franckdeville_small2.png\",\"width\":600,\"height\":193,\"caption\":\"Franck Deville\"},\"image\":{\"@id\":\"https:\\\/\\\/www.franckdeville.fr\\\/fr\\\/#\\\/schema\\\/logo\\\/image\\\/\"},\"sameAs\":[\"https:\\\/\\\/www.facebook.com\\\/FranckDevillemacarons\"]}]}<\/script>\n<!-- \/ Yoast SEO plugin. -->","yoast_head_json":{"title":"Savoir-faire artisanal \u2013 Macarons fran\u00e7ais Franck Deville","description":"Recettes artisanales, m\u00e9thodes traditionnelles, ingr\u00e9dients s\u00e9lectionn\u00e9s : d\u00e9couvrez le savoir-faire Franck Deville au service du macaron d\u2019exception.","robots":{"index":"index","follow":"follow","max-snippet":"max-snippet:-1","max-image-preview":"max-image-preview:large","max-video-preview":"max-video-preview:-1"},"canonical":"http:\/\/www.franckdeville.fr\/en\/our-home\/our-know-how\/","og_locale":"en_US","og_type":"article","og_title":"Savoir-faire artisanal \u2013 Macarons fran\u00e7ais Franck Deville","og_description":"Recettes artisanales, m\u00e9thodes traditionnelles, ingr\u00e9dients s\u00e9lectionn\u00e9s : d\u00e9couvrez le savoir-faire Franck Deville au service du macaron d\u2019exception.","og_url":"http:\/\/www.franckdeville.fr\/en\/our-home\/our-know-how\/","og_site_name":"Franck Deville - Macarons fran\u00e7ais d&#039;excellence","article_publisher":"https:\/\/www.facebook.com\/FranckDevillemacarons","article_modified_time":"2024-09-02T12:59:35+00:00","og_image":[{"width":599,"height":898,"url":"https:\/\/www.franckdeville.fr\/wp-content\/uploads\/2024\/06\/Image5.jpg","type":"image\/jpeg"}],"twitter_card":"summary_large_image","twitter_misc":{"Est. reading time":"4 minutes"},"schema":{"@context":"https:\/\/schema.org","@graph":[{"@type":"WebPage","@id":"http:\/\/www.franckdeville.fr\/fr\/notre-maison\/notre-savoir-faire\/","url":"http:\/\/www.franckdeville.fr\/fr\/notre-maison\/notre-savoir-faire\/","name":"Savoir-faire artisanal \u2013 Macarons fran\u00e7ais Franck Deville","isPartOf":{"@id":"https:\/\/www.franckdeville.fr\/fr\/#website"},"primaryImageOfPage":{"@id":"http:\/\/www.franckdeville.fr\/fr\/notre-maison\/notre-savoir-faire\/#primaryimage"},"image":{"@id":"http:\/\/www.franckdeville.fr\/fr\/notre-maison\/notre-savoir-faire\/#primaryimage"},"thumbnailUrl":"https:\/\/www.franckdeville.fr\/wp-content\/uploads\/2024\/06\/Image5.jpg","datePublished":"2024-06-05T10:14:19+00:00","dateModified":"2024-09-02T12:59:35+00:00","description":"Recettes artisanales, m\u00e9thodes traditionnelles, ingr\u00e9dients s\u00e9lectionn\u00e9s : d\u00e9couvrez le savoir-faire Franck Deville au service du macaron d\u2019exception.","breadcrumb":{"@id":"http:\/\/www.franckdeville.fr\/fr\/notre-maison\/notre-savoir-faire\/#breadcrumb"},"inLanguage":"en-US","potentialAction":[{"@type":"ReadAction","target":["http:\/\/www.franckdeville.fr\/fr\/notre-maison\/notre-savoir-faire\/"]}]},{"@type":"ImageObject","inLanguage":"en-US","@id":"http:\/\/www.franckdeville.fr\/fr\/notre-maison\/notre-savoir-faire\/#primaryimage","url":"https:\/\/www.franckdeville.fr\/wp-content\/uploads\/2024\/06\/Image5.jpg","contentUrl":"https:\/\/www.franckdeville.fr\/wp-content\/uploads\/2024\/06\/Image5.jpg","width":599,"height":898},{"@type":"BreadcrumbList","@id":"http:\/\/www.franckdeville.fr\/fr\/notre-maison\/notre-savoir-faire\/#breadcrumb","itemListElement":[{"@type":"ListItem","position":1,"name":"Accueil","item":"http:\/\/www.franckdeville.fr\/fr\/"},{"@type":"ListItem","position":2,"name":"Notre Maison","item":"http:\/\/www.franckdeville.fr\/fr\/notre-maison\/"},{"@type":"ListItem","position":3,"name":"Notre savoir-faire"}]},{"@type":"WebSite","@id":"https:\/\/www.franckdeville.fr\/fr\/#website","url":"https:\/\/www.franckdeville.fr\/fr\/","name":"Franck Deville","description":"L&#039;Artisan Macaronier des Chefs","publisher":{"@id":"https:\/\/www.franckdeville.fr\/fr\/#organization"},"potentialAction":[{"@type":"SearchAction","target":{"@type":"EntryPoint","urlTemplate":"https:\/\/www.franckdeville.fr\/fr\/?s={search_term_string}"},"query-input":{"@type":"PropertyValueSpecification","valueRequired":true,"valueName":"search_term_string"}}],"inLanguage":"en-US"},{"@type":"Organization","@id":"https:\/\/www.franckdeville.fr\/fr\/#organization","name":"Franck Deville","url":"https:\/\/www.franckdeville.fr\/fr\/","logo":{"@type":"ImageObject","inLanguage":"en-US","@id":"https:\/\/www.franckdeville.fr\/fr\/#\/schema\/logo\/image\/","url":"https:\/\/www.franckdeville.fr\/wp-content\/uploads\/2024\/09\/logo_franckdeville_small2.png","contentUrl":"https:\/\/www.franckdeville.fr\/wp-content\/uploads\/2024\/09\/logo_franckdeville_small2.png","width":600,"height":193,"caption":"Franck Deville"},"image":{"@id":"https:\/\/www.franckdeville.fr\/fr\/#\/schema\/logo\/image\/"},"sameAs":["https:\/\/www.facebook.com\/FranckDevillemacarons"]}]}},"_links":{"self":[{"href":"https:\/\/www.franckdeville.fr\/en\/wp-json\/wp\/v2\/pages\/4276","targetHints":{"allow":["GET"]}}],"collection":[{"href":"https:\/\/www.franckdeville.fr\/en\/wp-json\/wp\/v2\/pages"}],"about":[{"href":"https:\/\/www.franckdeville.fr\/en\/wp-json\/wp\/v2\/types\/page"}],"author":[{"embeddable":true,"href":"https:\/\/www.franckdeville.fr\/en\/wp-json\/wp\/v2\/users\/1"}],"replies":[{"embeddable":true,"href":"https:\/\/www.franckdeville.fr\/en\/wp-json\/wp\/v2\/comments?post=4276"}],"version-history":[{"count":20,"href":"https:\/\/www.franckdeville.fr\/en\/wp-json\/wp\/v2\/pages\/4276\/revisions"}],"predecessor-version":[{"id":4340,"href":"https:\/\/www.franckdeville.fr\/en\/wp-json\/wp\/v2\/pages\/4276\/revisions\/4340"}],"up":[{"embeddable":true,"href":"https:\/\/www.franckdeville.fr\/en\/wp-json\/wp\/v2\/pages\/4194"}],"wp:featuredmedia":[{"embeddable":true,"href":"https:\/\/www.franckdeville.fr\/en\/wp-json\/wp\/v2\/media\/4181"}],"wp:attachment":[{"href":"https:\/\/www.franckdeville.fr\/en\/wp-json\/wp\/v2\/media?parent=4276"}],"curies":[{"name":"wp","href":"https:\/\/api.w.org\/{rel}","templated":true}]}}