{"id":1609,"date":"2023-11-19T19:08:54","date_gmt":"2023-11-19T18:08:54","guid":{"rendered":"https:\/\/v2.franckdeville.fr\/?page_id=1609"},"modified":"2025-10-20T15:42:08","modified_gmt":"2025-10-20T13:42:08","slug":"press-release","status":"publish","type":"page","link":"https:\/\/www.franckdeville.fr\/en\/press-release\/","title":{"rendered":"Press releases"},"content":{"rendered":"<div class=\"shared-files-embed-69de300383408 shared-files-main-container\" data-elem-class=\"shared-files-embed-69de300383408\" data-search-type=\"0\" data-post-id=\"1609\"><div id=\"shared-files-default\" class=\"shared-files-container shared-files-type-basic\"><div class=\"shared-files-search\"><div class=\"shared-files-search-form-container\"><form class=\"shared-files-ajax-form\" onsubmit=\"return false;\" data-elem-class=\"shared-files-embed-69de300383408\" action=\"\"><div class=\"shared-files-search-input-container\"><input type=\"text\"  class=\"shared-files-search-files-input shared-files-search-files\" placeholder=\"Search files...\" value=\"\" data-elem-class=\"shared-files-embed-69de300383408\" \/><\/div><input type=\"hidden\" name=\"trp-form-language\" value=\"en\"\/><\/form><\/div><div class=\"shared-files-files-found\"><\/div><span class=\"shared-files-one-file-found\">file found.<\/span><span class=\"shared-files-more-than-one-file-found\">files found.<\/span><ul class=\"shared-files-main-file-list shared-files-ajax-list\"><li class=\"shared-files-card-5076\"><div class=\"shared-files-main-elements\"><div class=\"shared-files-main-elements-left\" style=\"background-image: url(https:\/\/www.franckdeville.fr\/wp-content\/plugins\/shared-files\/img\/2020\/pdf.svg);\"><\/div><div class=\"shared-files-main-elements-right\"><a class=\"shared-files-file-title\"  data-file-type=\"\"  data-file-url=\"\/shared-files\/5076\/?Les%20macarons%20Franck%20Deville%20\u00e0%20Londres.pdf\"  data-external-url=\"\"  data-image-url=\"\" href=\"\/en\/shared-files\/5076\/?Les%20macarons%20Franck%20Deville%20\u00e0%20Londres.pdf\" target=\"_blank\">Franck Deville macaroons in London<\/a><span class=\"shared-file-size\">97.59 KB<\/span><a href=\"https:\/\/www.franckdeville.fr\/en\/shared-files\/5076\/?Les%20macarons%20Franck%20Deville%20\u00e0%20Londres.pdf\" target=\"_blank\" class=\"shared-files-preview-button\">Preview<\/a><div class=\"shared-files-download-counter\"><span>T\u00e9l\u00e9chargement : 2671<\/span><\/div><div class=\"shared-file-description-container\"><p>As an official partner of the Rolls Royce Enthusiasts' Club, the Franck Deville macaroon brand has been selected to feature in the book \"Strive for perfection\", which celebrates the 20th anniversary of the famous Rolls-Royce production plant and showcases the best in sustainable luxury from around the world.<\/p><\/div><div class=\"shared-files-download-button-container\"><a href=\"\/en\/shared-files\/5076\/?Les%20macarons%20Franck%20Deville%20\u00e0%20Londres.pdf&download=1\" class=\"shared-files-download-button\"  download>Download<\/a><\/div><div class=\"shared-files-edit-actions\"><\/div><\/div><\/div><\/li><li class=\"shared-files-card-5075\"><div class=\"shared-files-main-elements\"><div class=\"shared-files-main-elements-left\" style=\"background-image: url(https:\/\/www.franckdeville.fr\/wp-content\/plugins\/shared-files\/img\/2020\/pdf.svg);\"><\/div><div class=\"shared-files-main-elements-right\"><a class=\"shared-files-file-title\"  data-file-type=\"\"  data-file-url=\"\/shared-files\/5075\/?Les%20macarons%20Franck%20Deville%20choisis%20par%20Rolls%20Royce.pdf\"  data-external-url=\"\"  data-image-url=\"\" href=\"\/en\/shared-files\/5075\/?Les%20macarons%20Franck%20Deville%20choisis%20par%20Rolls%20Royce.pdf\" target=\"_blank\">Franck Deville macaroons chosen by Rolls Royce<\/a><span class=\"shared-file-size\">99.35 KB<\/span><a href=\"https:\/\/www.franckdeville.fr\/en\/shared-files\/5075\/?Les%20macarons%20Franck%20Deville%20choisis%20par%20Rolls%20Royce.pdf\" target=\"_blank\" class=\"shared-files-preview-button\">Preview<\/a><div class=\"shared-files-download-counter\"><span>T\u00e9l\u00e9chargement : 2763<\/span><\/div><div class=\"shared-file-description-container\"><p>Barely ten French sustainable luxury companies feature in the 400-page book celebrating the 20th anniversary of the famous Rolls-Royce factory in the UK, including Franck Deville, the artisan macaronier to chefs.<\/p><\/div><div class=\"shared-files-download-button-container\"><a href=\"\/en\/shared-files\/5075\/?Les%20macarons%20Franck%20Deville%20choisis%20par%20Rolls%20Royce.pdf&download=1\" class=\"shared-files-download-button\"  download>Download<\/a><\/div><div class=\"shared-files-edit-actions\"><\/div><\/div><\/div><\/li><li class=\"shared-files-card-5074\"><div class=\"shared-files-main-elements\"><div class=\"shared-files-main-elements-left\" style=\"background-image: url(https:\/\/www.franckdeville.fr\/wp-content\/plugins\/shared-files\/img\/2020\/pdf.svg);\"><\/div><div class=\"shared-files-main-elements-right\"><a class=\"shared-files-file-title\"  data-file-type=\"\"  data-file-url=\"\/shared-files\/5074\/?Macarons%20ingr\u00e9dients%20fran\u00e7ais%20par%20Franck%20Deville.pdf\"  data-external-url=\"\"  data-image-url=\"\" href=\"\/en\/shared-files\/5074\/?Macarons%20ingr\u00e9dients%20fran\u00e7ais%20par%20Franck%20Deville.pdf\" target=\"_blank\">French macaroons by Franck Deville<\/a><span class=\"shared-file-size\">253.68 KB<\/span><a href=\"https:\/\/www.franckdeville.fr\/en\/shared-files\/5074\/?Macarons%20ingr\u00e9dients%20fran\u00e7ais%20par%20Franck%20Deville.pdf\" target=\"_blank\" class=\"shared-files-preview-button\">Preview<\/a><div class=\"shared-files-download-counter\"><span>T\u00e9l\u00e9chargement : 2713<\/span><\/div><div class=\"shared-file-description-container\"><p>Franck Deville, artisan macaronier to chefs, has made a name for himself in the world of pastry-making, thanks to the quality and originality of his products, made in Roche-la-Moli\u00e8re in the Loire region (42) and now distributed worldwide.\u00a0<\/p><\/div><div class=\"shared-files-download-button-container\"><a href=\"\/en\/shared-files\/5074\/?Macarons%20ingr\u00e9dients%20fran\u00e7ais%20par%20Franck%20Deville.pdf&download=1\" class=\"shared-files-download-button\"  download>Download<\/a><\/div><div class=\"shared-files-edit-actions\"><\/div><\/div><\/div><\/li><li class=\"shared-files-card-5072\"><div class=\"shared-files-main-elements\"><div class=\"shared-files-main-elements-left\" style=\"background-image: url(https:\/\/www.franckdeville.fr\/wp-content\/plugins\/shared-files\/img\/2020\/pdf.svg);\"><\/div><div class=\"shared-files-main-elements-right\"><a class=\"shared-files-file-title\"  data-file-type=\"\"  data-file-url=\"\/shared-files\/5072\/?Un%20macaron%203%20e\u0301toiles.pdf\"  data-external-url=\"\"  data-image-url=\"\" href=\"\/en\/shared-files\/5072\/?Un%20macaron%203%20e\u0301toiles.pdf\" target=\"_blank\">A 3-star label<\/a><span class=\"shared-file-size\">100.29 KB<\/span><a href=\"https:\/\/www.franckdeville.fr\/en\/shared-files\/5072\/?Un%20macaron%203%20e\u0301toiles.pdf\" target=\"_blank\" class=\"shared-files-preview-button\">Preview<\/a><div class=\"shared-files-download-counter\"><span>T\u00e9l\u00e9chargement : 2750<\/span><\/div><div class=\"shared-file-description-container\"><p>Another accolade for Franck Deville, the chefs' artisan macaronier: Great Taste, the world's most coveted food award, bestows its highest accolade on his lemon macaron.<\/p><\/div><div class=\"shared-files-download-button-container\"><a href=\"\/en\/shared-files\/5072\/?Un%20macaron%203%20e\u0301toiles.pdf&download=1\" class=\"shared-files-download-button\"  download>Download<\/a><\/div><div class=\"shared-files-edit-actions\"><\/div><\/div><\/div><\/li><\/ul><ul class=\"shared-files-all-files shared-files-main-file-list\"><li class=\"shared-files-card-5076\"><div class=\"shared-files-main-elements\"><div class=\"shared-files-main-elements-left\" style=\"background-image: url(https:\/\/www.franckdeville.fr\/wp-content\/plugins\/shared-files\/img\/2020\/pdf.svg);\"><\/div><div class=\"shared-files-main-elements-right\"><a class=\"shared-files-file-title\"  data-file-type=\"\"  data-file-url=\"\/shared-files\/5076\/?Les%20macarons%20Franck%20Deville%20\u00e0%20Londres.pdf\"  data-external-url=\"\"  data-image-url=\"\" href=\"\/en\/shared-files\/5076\/?Les%20macarons%20Franck%20Deville%20\u00e0%20Londres.pdf\" target=\"_blank\">Franck Deville macaroons in London<\/a><span class=\"shared-file-size\">97.59 KB<\/span><a href=\"https:\/\/www.franckdeville.fr\/en\/shared-files\/5076\/?Les%20macarons%20Franck%20Deville%20\u00e0%20Londres.pdf\" target=\"_blank\" class=\"shared-files-preview-button\">Preview<\/a><div class=\"shared-files-download-counter\"><span>T\u00e9l\u00e9chargement : 2671<\/span><\/div><div class=\"shared-file-description-container\"><p>As an official partner of the Rolls Royce Enthusiasts' Club, the Franck Deville macaroon brand has been selected to feature in the book \"Strive for perfection\", which celebrates the 20th anniversary of the famous Rolls-Royce production plant and showcases the best in sustainable luxury from around the world.<\/p><\/div><div class=\"shared-files-download-button-container\"><a href=\"\/en\/shared-files\/5076\/?Les%20macarons%20Franck%20Deville%20\u00e0%20Londres.pdf&download=1\" class=\"shared-files-download-button\"  download>Download<\/a><\/div><div class=\"shared-files-edit-actions\"><\/div><\/div><\/div><\/li><li class=\"shared-files-card-5075\"><div class=\"shared-files-main-elements\"><div class=\"shared-files-main-elements-left\" style=\"background-image: url(https:\/\/www.franckdeville.fr\/wp-content\/plugins\/shared-files\/img\/2020\/pdf.svg);\"><\/div><div class=\"shared-files-main-elements-right\"><a class=\"shared-files-file-title\"  data-file-type=\"\"  data-file-url=\"\/shared-files\/5075\/?Les%20macarons%20Franck%20Deville%20choisis%20par%20Rolls%20Royce.pdf\"  data-external-url=\"\"  data-image-url=\"\" href=\"\/en\/shared-files\/5075\/?Les%20macarons%20Franck%20Deville%20choisis%20par%20Rolls%20Royce.pdf\" target=\"_blank\">Franck Deville macaroons chosen by Rolls Royce<\/a><span class=\"shared-file-size\">99.35 KB<\/span><a href=\"https:\/\/www.franckdeville.fr\/en\/shared-files\/5075\/?Les%20macarons%20Franck%20Deville%20choisis%20par%20Rolls%20Royce.pdf\" target=\"_blank\" class=\"shared-files-preview-button\">Preview<\/a><div class=\"shared-files-download-counter\"><span>T\u00e9l\u00e9chargement : 2763<\/span><\/div><div class=\"shared-file-description-container\"><p>Barely ten French sustainable luxury companies feature in the 400-page book celebrating the 20th anniversary of the famous Rolls-Royce factory in the UK, including Franck Deville, the artisan macaronier to chefs.<\/p><\/div><div class=\"shared-files-download-button-container\"><a href=\"\/en\/shared-files\/5075\/?Les%20macarons%20Franck%20Deville%20choisis%20par%20Rolls%20Royce.pdf&download=1\" class=\"shared-files-download-button\"  download>Download<\/a><\/div><div class=\"shared-files-edit-actions\"><\/div><\/div><\/div><\/li><li class=\"shared-files-card-5074\"><div class=\"shared-files-main-elements\"><div class=\"shared-files-main-elements-left\" style=\"background-image: url(https:\/\/www.franckdeville.fr\/wp-content\/plugins\/shared-files\/img\/2020\/pdf.svg);\"><\/div><div class=\"shared-files-main-elements-right\"><a class=\"shared-files-file-title\"  data-file-type=\"\"  data-file-url=\"\/shared-files\/5074\/?Macarons%20ingr\u00e9dients%20fran\u00e7ais%20par%20Franck%20Deville.pdf\"  data-external-url=\"\"  data-image-url=\"\" href=\"\/en\/shared-files\/5074\/?Macarons%20ingr\u00e9dients%20fran\u00e7ais%20par%20Franck%20Deville.pdf\" target=\"_blank\">French macaroons by Franck Deville<\/a><span class=\"shared-file-size\">253.68 KB<\/span><a href=\"https:\/\/www.franckdeville.fr\/en\/shared-files\/5074\/?Macarons%20ingr\u00e9dients%20fran\u00e7ais%20par%20Franck%20Deville.pdf\" target=\"_blank\" class=\"shared-files-preview-button\">Preview<\/a><div class=\"shared-files-download-counter\"><span>T\u00e9l\u00e9chargement : 2713<\/span><\/div><div class=\"shared-file-description-container\"><p>Franck Deville, artisan macaronier to chefs, has made a name for himself in the world of pastry-making, thanks to the quality and originality of his products, made in Roche-la-Moli\u00e8re in the Loire region (42) and now distributed worldwide.\u00a0<\/p><\/div><div class=\"shared-files-download-button-container\"><a href=\"\/en\/shared-files\/5074\/?Macarons%20ingr\u00e9dients%20fran\u00e7ais%20par%20Franck%20Deville.pdf&download=1\" class=\"shared-files-download-button\"  download>Download<\/a><\/div><div class=\"shared-files-edit-actions\"><\/div><\/div><\/div><\/li><li class=\"shared-files-card-5072\"><div class=\"shared-files-main-elements\"><div class=\"shared-files-main-elements-left\" style=\"background-image: url(https:\/\/www.franckdeville.fr\/wp-content\/plugins\/shared-files\/img\/2020\/pdf.svg);\"><\/div><div class=\"shared-files-main-elements-right\"><a class=\"shared-files-file-title\"  data-file-type=\"\"  data-file-url=\"\/shared-files\/5072\/?Un%20macaron%203%20e\u0301toiles.pdf\"  data-external-url=\"\"  data-image-url=\"\" href=\"\/en\/shared-files\/5072\/?Un%20macaron%203%20e\u0301toiles.pdf\" target=\"_blank\">A 3-star label<\/a><span class=\"shared-file-size\">100.29 KB<\/span><a href=\"https:\/\/www.franckdeville.fr\/en\/shared-files\/5072\/?Un%20macaron%203%20e\u0301toiles.pdf\" target=\"_blank\" class=\"shared-files-preview-button\">Preview<\/a><div class=\"shared-files-download-counter\"><span>T\u00e9l\u00e9chargement : 2750<\/span><\/div><div class=\"shared-file-description-container\"><p>Another accolade for Franck Deville, the chefs' artisan macaronier: Great Taste, the world's most coveted food award, bestows its highest accolade on his lemon macaron.<\/p><\/div><div class=\"shared-files-download-button-container\"><a href=\"\/en\/shared-files\/5072\/?Un%20macaron%203%20e\u0301toiles.pdf&download=1\" class=\"shared-files-download-button\"  download>Download<\/a><\/div><div class=\"shared-files-edit-actions\"><\/div><\/div><\/div><\/li><\/ul><div class=\"shared-files-nothing-found\">No files found.<\/div><\/div><\/div><\/div><hr class=\"clear\" \/>","protected":false},"excerpt":{"rendered":"","protected":false},"author":1,"featured_media":0,"parent":0,"menu_order":0,"comment_status":"closed","ping_status":"closed","template":"","meta":{"footnotes":""},"class_list":["post-1609","page","type-page","status-publish","hentry"],"yoast_head":"<!-- This site is optimized with the Yoast SEO plugin v26.2 - https:\/\/yoast.com\/wordpress\/plugins\/seo\/ -->\n<title>Communiqu\u00e9s de presse - Franck Deville - Macarons fran\u00e7ais d&#039;excellence<\/title>\n<meta name=\"description\" content=\"Retrouvez tous les communiqu\u00e9s de presse Franck Deville : actualit\u00e9s de l\u2019entreprise, r\u00e9sultats financiers, innovations, partenariats et informations destin\u00e9es aux m\u00e9dias et investisseurs.\" \/>\n<meta name=\"robots\" content=\"index, follow, max-snippet:-1, max-image-preview:large, max-video-preview:-1\" \/>\n<link rel=\"canonical\" href=\"https:\/\/www.franckdeville.fr\/en\/press-release\/\" \/>\n<meta property=\"og:locale\" content=\"en_US\" \/>\n<meta property=\"og:type\" content=\"article\" \/>\n<meta property=\"og:title\" content=\"Communiqu\u00e9s de presse - Franck Deville - Macarons fran\u00e7ais d&#039;excellence\" \/>\n<meta property=\"og:description\" content=\"Retrouvez tous les communiqu\u00e9s de presse Franck Deville : actualit\u00e9s de l\u2019entreprise, r\u00e9sultats financiers, innovations, partenariats et informations destin\u00e9es aux m\u00e9dias et investisseurs.\" \/>\n<meta property=\"og:url\" content=\"https:\/\/www.franckdeville.fr\/en\/press-release\/\" \/>\n<meta property=\"og:site_name\" content=\"Franck Deville - Macarons fran\u00e7ais d&#039;excellence\" \/>\n<meta property=\"article:publisher\" content=\"https:\/\/www.facebook.com\/FranckDevillemacarons\" \/>\n<meta property=\"article:modified_time\" content=\"2025-10-20T13:42:08+00:00\" \/>\n<meta name=\"twitter:card\" content=\"summary_large_image\" \/>\n<meta name=\"twitter:label1\" content=\"Est. reading time\" \/>\n\t<meta name=\"twitter:data1\" content=\"1 minute\" \/>\n<script type=\"application\/ld+json\" class=\"yoast-schema-graph\">{\"@context\":\"https:\/\/schema.org\",\"@graph\":[{\"@type\":\"WebPage\",\"@id\":\"https:\/\/www.franckdeville.fr\/fr\/communique-de-presse\/\",\"url\":\"https:\/\/www.franckdeville.fr\/fr\/communique-de-presse\/\",\"name\":\"Communiqu\u00e9s de presse - Franck Deville - Macarons fran\u00e7ais d&#039;excellence\",\"isPartOf\":{\"@id\":\"https:\/\/www.franckdeville.fr\/fr\/#website\"},\"datePublished\":\"2023-11-19T18:08:54+00:00\",\"dateModified\":\"2025-10-20T13:42:08+00:00\",\"description\":\"Retrouvez tous les communiqu\u00e9s de presse Franck Deville : actualit\u00e9s de l\u2019entreprise, r\u00e9sultats financiers, innovations, partenariats et informations destin\u00e9es aux m\u00e9dias et investisseurs.\",\"breadcrumb\":{\"@id\":\"https:\/\/www.franckdeville.fr\/fr\/communique-de-presse\/#breadcrumb\"},\"inLanguage\":\"en-US\",\"potentialAction\":[{\"@type\":\"ReadAction\",\"target\":[\"https:\/\/www.franckdeville.fr\/fr\/communique-de-presse\/\"]}]},{\"@type\":\"BreadcrumbList\",\"@id\":\"https:\/\/www.franckdeville.fr\/fr\/communique-de-presse\/#breadcrumb\",\"itemListElement\":[{\"@type\":\"ListItem\",\"position\":1,\"name\":\"Accueil\",\"item\":\"https:\/\/www.franckdeville.fr\/en\/\"},{\"@type\":\"ListItem\",\"position\":2,\"name\":\"Communiqu\u00e9s de presse\"}]},{\"@type\":\"WebSite\",\"@id\":\"https:\/\/www.franckdeville.fr\/fr\/#website\",\"url\":\"https:\/\/www.franckdeville.fr\/fr\/\",\"name\":\"Franck Deville\",\"description\":\"L&#039;Artisan Macaronier des Chefs\",\"publisher\":{\"@id\":\"https:\/\/www.franckdeville.fr\/fr\/#organization\"},\"potentialAction\":[{\"@type\":\"SearchAction\",\"target\":{\"@type\":\"EntryPoint\",\"urlTemplate\":\"https:\/\/www.franckdeville.fr\/fr\/?s={search_term_string}\"},\"query-input\":{\"@type\":\"PropertyValueSpecification\",\"valueRequired\":true,\"valueName\":\"search_term_string\"}}],\"inLanguage\":\"en-US\"},{\"@type\":\"Organization\",\"@id\":\"https:\/\/www.franckdeville.fr\/fr\/#organization\",\"name\":\"Franck Deville\",\"url\":\"https:\/\/www.franckdeville.fr\/fr\/\",\"logo\":{\"@type\":\"ImageObject\",\"inLanguage\":\"en-US\",\"@id\":\"https:\/\/www.franckdeville.fr\/fr\/#\/schema\/logo\/image\/\",\"url\":\"https:\/\/www.franckdeville.fr\/wp-content\/uploads\/2024\/09\/logo_franckdeville_small2.png\",\"contentUrl\":\"https:\/\/www.franckdeville.fr\/wp-content\/uploads\/2024\/09\/logo_franckdeville_small2.png\",\"width\":600,\"height\":193,\"caption\":\"Franck Deville\"},\"image\":{\"@id\":\"https:\/\/www.franckdeville.fr\/fr\/#\/schema\/logo\/image\/\"},\"sameAs\":[\"https:\/\/www.facebook.com\/FranckDevillemacarons\"]}]}<\/script>\n<!-- \/ Yoast SEO plugin. -->","yoast_head_json":{"title":"Communiqu\u00e9s de presse - Franck Deville - Macarons fran\u00e7ais d&#039;excellence","description":"Retrouvez tous les communiqu\u00e9s de presse Franck Deville : actualit\u00e9s de l\u2019entreprise, r\u00e9sultats financiers, innovations, partenariats et informations destin\u00e9es aux m\u00e9dias et investisseurs.","robots":{"index":"index","follow":"follow","max-snippet":"max-snippet:-1","max-image-preview":"max-image-preview:large","max-video-preview":"max-video-preview:-1"},"canonical":"https:\/\/www.franckdeville.fr\/en\/press-release\/","og_locale":"en_US","og_type":"article","og_title":"Communiqu\u00e9s de presse - Franck Deville - Macarons fran\u00e7ais d&#039;excellence","og_description":"Retrouvez tous les communiqu\u00e9s de presse Franck Deville : actualit\u00e9s de l\u2019entreprise, r\u00e9sultats financiers, innovations, partenariats et informations destin\u00e9es aux m\u00e9dias et investisseurs.","og_url":"https:\/\/www.franckdeville.fr\/en\/press-release\/","og_site_name":"Franck Deville - Macarons fran\u00e7ais d&#039;excellence","article_publisher":"https:\/\/www.facebook.com\/FranckDevillemacarons","article_modified_time":"2025-10-20T13:42:08+00:00","twitter_card":"summary_large_image","twitter_misc":{"Est. reading time":"1 minute"},"schema":{"@context":"https:\/\/schema.org","@graph":[{"@type":"WebPage","@id":"https:\/\/www.franckdeville.fr\/fr\/communique-de-presse\/","url":"https:\/\/www.franckdeville.fr\/fr\/communique-de-presse\/","name":"Communiqu\u00e9s de presse - Franck Deville - Macarons fran\u00e7ais d&#039;excellence","isPartOf":{"@id":"https:\/\/www.franckdeville.fr\/fr\/#website"},"datePublished":"2023-11-19T18:08:54+00:00","dateModified":"2025-10-20T13:42:08+00:00","description":"Retrouvez tous les communiqu\u00e9s de presse Franck Deville : actualit\u00e9s de l\u2019entreprise, r\u00e9sultats financiers, innovations, partenariats et informations destin\u00e9es aux m\u00e9dias et investisseurs.","breadcrumb":{"@id":"https:\/\/www.franckdeville.fr\/fr\/communique-de-presse\/#breadcrumb"},"inLanguage":"en-US","potentialAction":[{"@type":"ReadAction","target":["https:\/\/www.franckdeville.fr\/fr\/communique-de-presse\/"]}]},{"@type":"BreadcrumbList","@id":"https:\/\/www.franckdeville.fr\/fr\/communique-de-presse\/#breadcrumb","itemListElement":[{"@type":"ListItem","position":1,"name":"Accueil","item":"https:\/\/www.franckdeville.fr\/en\/"},{"@type":"ListItem","position":2,"name":"Communiqu\u00e9s de presse"}]},{"@type":"WebSite","@id":"https:\/\/www.franckdeville.fr\/fr\/#website","url":"https:\/\/www.franckdeville.fr\/fr\/","name":"Franck Deville","description":"L&#039;Artisan Macaronier des Chefs","publisher":{"@id":"https:\/\/www.franckdeville.fr\/fr\/#organization"},"potentialAction":[{"@type":"SearchAction","target":{"@type":"EntryPoint","urlTemplate":"https:\/\/www.franckdeville.fr\/fr\/?s={search_term_string}"},"query-input":{"@type":"PropertyValueSpecification","valueRequired":true,"valueName":"search_term_string"}}],"inLanguage":"en-US"},{"@type":"Organization","@id":"https:\/\/www.franckdeville.fr\/fr\/#organization","name":"Franck Deville","url":"https:\/\/www.franckdeville.fr\/fr\/","logo":{"@type":"ImageObject","inLanguage":"en-US","@id":"https:\/\/www.franckdeville.fr\/fr\/#\/schema\/logo\/image\/","url":"https:\/\/www.franckdeville.fr\/wp-content\/uploads\/2024\/09\/logo_franckdeville_small2.png","contentUrl":"https:\/\/www.franckdeville.fr\/wp-content\/uploads\/2024\/09\/logo_franckdeville_small2.png","width":600,"height":193,"caption":"Franck Deville"},"image":{"@id":"https:\/\/www.franckdeville.fr\/fr\/#\/schema\/logo\/image\/"},"sameAs":["https:\/\/www.facebook.com\/FranckDevillemacarons"]}]}},"_links":{"self":[{"href":"https:\/\/www.franckdeville.fr\/en\/wp-json\/wp\/v2\/pages\/1609","targetHints":{"allow":["GET"]}}],"collection":[{"href":"https:\/\/www.franckdeville.fr\/en\/wp-json\/wp\/v2\/pages"}],"about":[{"href":"https:\/\/www.franckdeville.fr\/en\/wp-json\/wp\/v2\/types\/page"}],"author":[{"embeddable":true,"href":"https:\/\/www.franckdeville.fr\/en\/wp-json\/wp\/v2\/users\/1"}],"replies":[{"embeddable":true,"href":"https:\/\/www.franckdeville.fr\/en\/wp-json\/wp\/v2\/comments?post=1609"}],"version-history":[{"count":4,"href":"https:\/\/www.franckdeville.fr\/en\/wp-json\/wp\/v2\/pages\/1609\/revisions"}],"predecessor-version":[{"id":5073,"href":"https:\/\/www.franckdeville.fr\/en\/wp-json\/wp\/v2\/pages\/1609\/revisions\/5073"}],"wp:attachment":[{"href":"https:\/\/www.franckdeville.fr\/en\/wp-json\/wp\/v2\/media?parent=1609"}],"curies":[{"name":"wp","href":"https:\/\/api.w.org\/{rel}","templated":true}]}}